{"id":17157,"date":"2020-08-22T11:24:52","date_gmt":"2020-08-22T09:24:52","guid":{"rendered":"https:\/\/nozama.pro\/?post_type=product&#038;p=17157"},"modified":"2026-03-21T18:31:48","modified_gmt":"2026-03-21T17:31:48","slug":"decrassant-barbecue-plancha-1l","status":"publish","type":"product","link":"https:\/\/nozama.pro\/index.php\/product\/decrassant-barbecue-plancha-1l\/","title":{"rendered":"D\u00c9CRASSANT &#8211; BARBECUE, PLANCHA &#8211; 1L"},"content":{"rendered":"<p>[vc_row][vc_column][vc_column_text]<span class=\"Apple-converted-space\">\u00a0<\/span>Nettoie sans effort les barbecues, planchas, fours et filtres de hotte. Extr\u00eamement efficace, il agit chimiquement sans action m\u00e9canique. \u00c9limine les graisses cuites et les d\u00e9p\u00f4ts carbon\u00e9s.<span class=\"Apple-converted-space\">\u00a0<\/span><\/p>\n<p>Sa mousse active \u00e0 une action efficace gr\u00e2ce \u00e0 son adh\u00e9rence sur les parois verticales.<span class=\"Apple-converted-space\">\u00a0<\/span>[\/vc_column_text][\/vc_column][\/vc_row][vc_row css=&#8221;.vc_custom_1569146561550{padding-top: 50px !important;}&#8221;][vc_column width=&#8221;1\/3&#8243;][vc_single_image image=&#8221;2939&#8243; alignment=&#8221;center&#8221;][vc_btn title=&#8221;Voir la fiche conseil&#8221; color=&#8221;vista-blue&#8221; align=&#8221;center&#8221; css_animation=&#8221;none&#8221; link=&#8221;url:https%3A%2F%2Fnozama.pro%2Fwp-content%2Fuploads%2F2020%2F08%2FFC-EXTERNET-barbecue-plancha.pdf|||&#8221;][\/vc_column][vc_column width=&#8221;1\/3&#8243;][vc_single_image image=&#8221;2940&#8243; alignment=&#8221;center&#8221; label=&#8221;&#8221;][vc_btn title=&#8221;Voir la fiche s\u00e9curit\u00e9&#8221; color=&#8221;vista-blue&#8221; align=&#8221;center&#8221; css_animation=&#8221;none&#8221; link=&#8221;url:https%3A%2F%2Fnozama.pro%2Fwp-content%2Fuploads%2F2023%2F09%2FFS-EXTERNET-barbecue-et-plancha-2023.pdf&#8221;][\/vc_column][vc_column width=&#8221;1\/3&#8243;][\/vc_column][\/vc_row][vc_row][vc_column][\/vc_column][\/vc_row]<\/p>\n","protected":false},"excerpt":{"rendered":"<p>[vc_row][vc_column][vc_column_text]\u00a0Nettoie sans effort les barbecues, planchas, fours et filtres de hotte. Extr\u00eamement efficace, il agit chimiquement sans action m\u00e9canique. \u00c9limine les graisses cuites et les d\u00e9p\u00f4ts carbon\u00e9s.\u00a0 Sa mousse active \u00e0 une action efficace gr\u00e2ce \u00e0 son adh\u00e9rence sur les parois verticales.\u00a0[\/vc_column_text][\/vc_column][\/vc_row][vc_row css=&#8221;.vc_custom_1569146561550{padding-top: 50px !important;}&#8221;][vc_column width=&#8221;1\/3&#8243;][vc_single_image image=&#8221;2939&#8243; alignment=&#8221;center&#8221;][vc_btn title=&#8221;Voir la fiche conseil&#8221; color=&#8221;vista-blue&#8221; align=&#8221;center&#8221; css_animation=&#8221;none&#8221; [&hellip;]<\/p>\n","protected":false},"featured_media":17159,"comment_status":"open","ping_status":"closed","template":"","meta":[],"product_cat":[104,125,113],"product_tag":[],"yoast_head":"<!-- This site is optimized with the Yoast SEO plugin v20.5 - https:\/\/yoast.com\/wordpress\/plugins\/seo\/ -->\n<title>D\u00c9CRASSANT - BARBECUE, PLANCHA - 1L - nozama<\/title>\n<meta name=\"robots\" content=\"index, follow, max-snippet:-1, max-image-preview:large, max-video-preview:-1\" \/>\n<link rel=\"canonical\" href=\"https:\/\/nozama.pro\/index.php\/product\/decrassant-barbecue-plancha-1l\/\" \/>\n<meta property=\"og:locale\" content=\"fr_FR\" \/>\n<meta property=\"og:type\" content=\"article\" \/>\n<meta property=\"og:title\" content=\"D\u00c9CRASSANT - BARBECUE, PLANCHA - 1L - nozama\" \/>\n<meta property=\"og:description\" content=\"[vc_row][vc_column][vc_column_text]\u00a0Nettoie sans effort les barbecues, planchas, fours et filtres de hotte. Extr\u00eamement efficace, il agit chimiquement sans action m\u00e9canique. \u00c9limine les graisses cuites et les d\u00e9p\u00f4ts carbon\u00e9s.\u00a0 Sa mousse active \u00e0 une action efficace gr\u00e2ce \u00e0 son adh\u00e9rence sur les parois verticales.\u00a0[\/vc_column_text][\/vc_column][\/vc_row][vc_row css=&#8221;.vc_custom_1569146561550{padding-top: 50px !important;}&#8221;][vc_column width=&#8221;1\/3&#8243;][vc_single_image image=&#8221;2939&#8243; alignment=&#8221;center&#8221;][vc_btn title=&#8221;Voir la fiche conseil&#8221; color=&#8221;vista-blue&#8221; align=&#8221;center&#8221; css_animation=&#8221;none&#8221; [&hellip;]\" \/>\n<meta property=\"og:url\" content=\"https:\/\/nozama.pro\/index.php\/product\/decrassant-barbecue-plancha-1l\/\" \/>\n<meta property=\"og:site_name\" content=\"nozama\" \/>\n<meta property=\"article:modified_time\" content=\"2026-03-21T17:31:48+00:00\" \/>\n<meta property=\"og:image\" content=\"https:\/\/nozama.pro\/wp-content\/uploads\/2020\/08\/externet-barbecue-plancha.jpg\" \/>\n\t<meta property=\"og:image:width\" content=\"600\" \/>\n\t<meta property=\"og:image:height\" content=\"600\" \/>\n\t<meta property=\"og:image:type\" content=\"image\/jpeg\" \/>\n<meta name=\"twitter:card\" content=\"summary_large_image\" \/>\n<meta name=\"twitter:label1\" content=\"Dur\u00e9e de lecture estim\u00e9e\" \/>\n\t<meta name=\"twitter:data1\" content=\"1 minute\" \/>\n<script type=\"application\/ld+json\" class=\"yoast-schema-graph\">{\"@context\":\"https:\/\/schema.org\",\"@graph\":[{\"@type\":\"WebPage\",\"@id\":\"https:\/\/nozama.pro\/index.php\/product\/decrassant-barbecue-plancha-1l\/\",\"url\":\"https:\/\/nozama.pro\/index.php\/product\/decrassant-barbecue-plancha-1l\/\",\"name\":\"D\u00c9CRASSANT - BARBECUE, PLANCHA - 1L - nozama\",\"isPartOf\":{\"@id\":\"https:\/\/nozama.pro\/#website\"},\"datePublished\":\"2020-08-22T09:24:52+00:00\",\"dateModified\":\"2026-03-21T17:31:48+00:00\",\"breadcrumb\":{\"@id\":\"https:\/\/nozama.pro\/index.php\/product\/decrassant-barbecue-plancha-1l\/#breadcrumb\"},\"inLanguage\":\"fr-FR\",\"potentialAction\":[{\"@type\":\"ReadAction\",\"target\":[\"https:\/\/nozama.pro\/index.php\/product\/decrassant-barbecue-plancha-1l\/\"]}]},{\"@type\":\"BreadcrumbList\",\"@id\":\"https:\/\/nozama.pro\/index.php\/product\/decrassant-barbecue-plancha-1l\/#breadcrumb\",\"itemListElement\":[{\"@type\":\"ListItem\",\"position\":1,\"name\":\"Accueil\",\"item\":\"https:\/\/nozama.pro\/\"},{\"@type\":\"ListItem\",\"position\":2,\"name\":\"Cat\u00e9gories\",\"item\":\"https:\/\/nozama.pro\/index.php\/categories\/\"},{\"@type\":\"ListItem\",\"position\":3,\"name\":\"D\u00c9CRASSANT &#8211; BARBECUE, PLANCHA &#8211; 1L\"}]},{\"@type\":\"WebSite\",\"@id\":\"https:\/\/nozama.pro\/#website\",\"url\":\"https:\/\/nozama.pro\/\",\"name\":\"nozama\",\"description\":\"Les solutions du quotidien\",\"potentialAction\":[{\"@type\":\"SearchAction\",\"target\":{\"@type\":\"EntryPoint\",\"urlTemplate\":\"https:\/\/nozama.pro\/?s={search_term_string}\"},\"query-input\":\"required name=search_term_string\"}],\"inLanguage\":\"fr-FR\"}]}<\/script>\n<!-- \/ Yoast SEO plugin. -->","yoast_head_json":{"title":"D\u00c9CRASSANT - BARBECUE, PLANCHA - 1L - nozama","robots":{"index":"index","follow":"follow","max-snippet":"max-snippet:-1","max-image-preview":"max-image-preview:large","max-video-preview":"max-video-preview:-1"},"canonical":"https:\/\/nozama.pro\/index.php\/product\/decrassant-barbecue-plancha-1l\/","og_locale":"fr_FR","og_type":"article","og_title":"D\u00c9CRASSANT - BARBECUE, PLANCHA - 1L - nozama","og_description":"[vc_row][vc_column][vc_column_text]\u00a0Nettoie sans effort les barbecues, planchas, fours et filtres de hotte. Extr\u00eamement efficace, il agit chimiquement sans action m\u00e9canique. \u00c9limine les graisses cuites et les d\u00e9p\u00f4ts carbon\u00e9s.\u00a0 Sa mousse active \u00e0 une action efficace gr\u00e2ce \u00e0 son adh\u00e9rence sur les parois verticales.\u00a0[\/vc_column_text][\/vc_column][\/vc_row][vc_row css=&#8221;.vc_custom_1569146561550{padding-top: 50px !important;}&#8221;][vc_column width=&#8221;1\/3&#8243;][vc_single_image image=&#8221;2939&#8243; alignment=&#8221;center&#8221;][vc_btn title=&#8221;Voir la fiche conseil&#8221; color=&#8221;vista-blue&#8221; align=&#8221;center&#8221; css_animation=&#8221;none&#8221; [&hellip;]","og_url":"https:\/\/nozama.pro\/index.php\/product\/decrassant-barbecue-plancha-1l\/","og_site_name":"nozama","article_modified_time":"2026-03-21T17:31:48+00:00","og_image":[{"width":600,"height":600,"url":"https:\/\/nozama.pro\/wp-content\/uploads\/2020\/08\/externet-barbecue-plancha.jpg","type":"image\/jpeg"}],"twitter_card":"summary_large_image","twitter_misc":{"Dur\u00e9e de lecture estim\u00e9e":"1 minute"},"schema":{"@context":"https:\/\/schema.org","@graph":[{"@type":"WebPage","@id":"https:\/\/nozama.pro\/index.php\/product\/decrassant-barbecue-plancha-1l\/","url":"https:\/\/nozama.pro\/index.php\/product\/decrassant-barbecue-plancha-1l\/","name":"D\u00c9CRASSANT - BARBECUE, PLANCHA - 1L - nozama","isPartOf":{"@id":"https:\/\/nozama.pro\/#website"},"datePublished":"2020-08-22T09:24:52+00:00","dateModified":"2026-03-21T17:31:48+00:00","breadcrumb":{"@id":"https:\/\/nozama.pro\/index.php\/product\/decrassant-barbecue-plancha-1l\/#breadcrumb"},"inLanguage":"fr-FR","potentialAction":[{"@type":"ReadAction","target":["https:\/\/nozama.pro\/index.php\/product\/decrassant-barbecue-plancha-1l\/"]}]},{"@type":"BreadcrumbList","@id":"https:\/\/nozama.pro\/index.php\/product\/decrassant-barbecue-plancha-1l\/#breadcrumb","itemListElement":[{"@type":"ListItem","position":1,"name":"Accueil","item":"https:\/\/nozama.pro\/"},{"@type":"ListItem","position":2,"name":"Cat\u00e9gories","item":"https:\/\/nozama.pro\/index.php\/categories\/"},{"@type":"ListItem","position":3,"name":"D\u00c9CRASSANT &#8211; BARBECUE, PLANCHA &#8211; 1L"}]},{"@type":"WebSite","@id":"https:\/\/nozama.pro\/#website","url":"https:\/\/nozama.pro\/","name":"nozama","description":"Les solutions du quotidien","potentialAction":[{"@type":"SearchAction","target":{"@type":"EntryPoint","urlTemplate":"https:\/\/nozama.pro\/?s={search_term_string}"},"query-input":"required name=search_term_string"}],"inLanguage":"fr-FR"}]}},"_links":{"self":[{"href":"https:\/\/nozama.pro\/index.php\/wp-json\/wp\/v3\/product\/17157"}],"collection":[{"href":"https:\/\/nozama.pro\/index.php\/wp-json\/wp\/v3\/product"}],"about":[{"href":"https:\/\/nozama.pro\/index.php\/wp-json\/wp\/v2\/types\/product"}],"replies":[{"embeddable":true,"href":"https:\/\/nozama.pro\/index.php\/wp-json\/wp\/v2\/comments?post=17157"}],"wp:featuredmedia":[{"embeddable":true,"href":"https:\/\/nozama.pro\/index.php\/wp-json\/wp\/v2\/media\/17159"}],"wp:attachment":[{"href":"https:\/\/nozama.pro\/index.php\/wp-json\/wp\/v2\/media?parent=17157"}],"wp:term":[{"taxonomy":"product_cat","embeddable":true,"href":"https:\/\/nozama.pro\/index.php\/wp-json\/wp\/v2\/product_cat?post=17157"},{"taxonomy":"product_tag","embeddable":true,"href":"https:\/\/nozama.pro\/index.php\/wp-json\/wp\/v2\/product_tag?post=17157"}],"curies":[{"name":"wp","href":"https:\/\/api.w.org\/{rel}","templated":true}]}}