{"id":2938,"date":"2019-09-24T05:21:21","date_gmt":"2019-09-24T03:21:21","guid":{"rendered":"https:\/\/nozama.pro\/?post_type=product&#038;p=2938"},"modified":"2025-06-05T17:43:52","modified_gmt":"2025-06-05T15:43:52","slug":"laque-insecticide-rampants-kit-4-x-sprayeur-250-ml","status":"publish","type":"product","link":"https:\/\/nozama.pro\/index.php\/product\/laque-insecticide-rampants-kit-4-x-sprayeur-250-ml\/","title":{"rendered":"LAQUE INSECTICIDE RAMPANTS &#8211; Kit 4 X Sprayeur 250 ml"},"content":{"rendered":"<p>[vc_row][vc_column][vc_column_text]<\/p>\n<h5>FOURMIS, CAFARDS, ARAIGNEES, CHENILLES<\/h5>\n<p>Insecticide de contact et de support \u00e0 effet choc. Il entraine une paralysie mortelle et imm\u00e9diate de l\u2019insecte. Il agit d\u00e8s le contact avec l\u2019insecte, un v\u00e9ritable abattage imm\u00e9diat.<\/p>\n<p>La buse r\u00e9glable permet d\u2019adapter le jet \u00e0 la situation et l\u2019insecte d\u00e9sir\u00e9.<\/p>\n<p>Ne tache pas<\/p>\n<p>[\/vc_column_text][\/vc_column][\/vc_row][vc_row css=&#8221;.vc_custom_1569146561550{padding-top: 50px !important;}&#8221;][vc_column width=&#8221;1\/3&#8243;][vc_single_image image=&#8221;2939&#8243; alignment=&#8221;center&#8221; label=&#8221;&#8221;][vc_btn title=&#8221;Voir la fiche conseil&#8221; color=&#8221;vista-blue&#8221; align=&#8221;center&#8221; css_animation=&#8221;none&#8221; link=&#8221;url:https%3A%2F%2Fnozama.pro%2Fwp-content%2Fuploads%2F2019%2F09%2Ffc-ape-laque-insecticide-rampants.pdf|||&#8221;][\/vc_column][vc_column width=&#8221;1\/3&#8243;][vc_single_image image=&#8221;2940&#8243; alignment=&#8221;center&#8221; label=&#8221;&#8221;][vc_btn title=&#8221;Voir la fiche s\u00e9curit\u00e9&#8221; color=&#8221;vista-blue&#8221; align=&#8221;center&#8221; css_animation=&#8221;none&#8221; link=&#8221;url:https%3A%2F%2Fnozama.pro%2Fwp-content%2Fuploads%2F2019%2F09%2FFS-INSECTICIDE-RAMPANT-2017.pdf|||&#8221;][\/vc_column][vc_column width=&#8221;1\/3&#8243;][vc_single_image image=&#8221;2941&#8243; alignment=&#8221;center&#8221; label=&#8221;&#8221;][vc_btn title=&#8221;Voir la fiche technique&#8221; color=&#8221;vista-blue&#8221; align=&#8221;center&#8221; css_animation=&#8221;none&#8221; link=&#8221;url:https%3A%2F%2Fnozama.pro%2Fwp-content%2Fuploads%2F2019%2F09%2FFT-INSECTICIDE-RAMPANT.pdf|||&#8221;][\/vc_column][\/vc_row][vc_row][vc_column][\/vc_column][\/vc_row]<\/p>\n","protected":false},"excerpt":{"rendered":"<p>[vc_row][vc_column][vc_column_text] FOURMIS, CAFARDS, ARAIGNEES, CHENILLES Insecticide de contact et de support \u00e0 effet choc. Il entraine une paralysie mortelle et imm\u00e9diate de l\u2019insecte. Il agit d\u00e8s le contact avec l\u2019insecte, un v\u00e9ritable abattage imm\u00e9diat. La buse r\u00e9glable permet d\u2019adapter le jet \u00e0 la situation et l\u2019insecte d\u00e9sir\u00e9. Ne tache pas [\/vc_column_text][\/vc_column][\/vc_row][vc_row css=&#8221;.vc_custom_1569146561550{padding-top: 50px !important;}&#8221;][vc_column width=&#8221;1\/3&#8243;][vc_single_image [&hellip;]<\/p>\n","protected":false},"featured_media":2932,"comment_status":"open","ping_status":"closed","template":"","meta":[],"product_cat":[101,111],"product_tag":[],"yoast_head":"<!-- This site is optimized with the Yoast SEO plugin v20.5 - https:\/\/yoast.com\/wordpress\/plugins\/seo\/ -->\n<title>LAQUE INSECTICIDE RAMPANTS - Kit 4 X Sprayeur 250 ml - nozama<\/title>\n<meta name=\"robots\" content=\"index, follow, max-snippet:-1, max-image-preview:large, max-video-preview:-1\" \/>\n<link rel=\"canonical\" href=\"https:\/\/nozama.pro\/index.php\/product\/laque-insecticide-rampants-kit-4-x-sprayeur-250-ml\/\" \/>\n<meta property=\"og:locale\" content=\"fr_FR\" \/>\n<meta property=\"og:type\" content=\"article\" \/>\n<meta property=\"og:title\" content=\"LAQUE INSECTICIDE RAMPANTS - Kit 4 X Sprayeur 250 ml - nozama\" \/>\n<meta property=\"og:description\" content=\"[vc_row][vc_column][vc_column_text] FOURMIS, CAFARDS, ARAIGNEES, CHENILLES Insecticide de contact et de support \u00e0 effet choc. Il entraine une paralysie mortelle et imm\u00e9diate de l\u2019insecte. Il agit d\u00e8s le contact avec l\u2019insecte, un v\u00e9ritable abattage imm\u00e9diat. La buse r\u00e9glable permet d\u2019adapter le jet \u00e0 la situation et l\u2019insecte d\u00e9sir\u00e9. Ne tache pas [\/vc_column_text][\/vc_column][\/vc_row][vc_row css=&#8221;.vc_custom_1569146561550{padding-top: 50px !important;}&#8221;][vc_column width=&#8221;1\/3&#8243;][vc_single_image [&hellip;]\" \/>\n<meta property=\"og:url\" content=\"https:\/\/nozama.pro\/index.php\/product\/laque-insecticide-rampants-kit-4-x-sprayeur-250-ml\/\" \/>\n<meta property=\"og:site_name\" content=\"nozama\" \/>\n<meta property=\"article:modified_time\" content=\"2025-06-05T15:43:52+00:00\" \/>\n<meta property=\"og:image\" content=\"https:\/\/nozama.pro\/wp-content\/uploads\/2019\/09\/ape-laque-insecticide-rampant-fourmis-kit-sprayeur.jpg\" \/>\n\t<meta property=\"og:image:width\" content=\"600\" \/>\n\t<meta property=\"og:image:height\" content=\"600\" \/>\n\t<meta property=\"og:image:type\" content=\"image\/jpeg\" \/>\n<meta name=\"twitter:card\" content=\"summary_large_image\" \/>\n<meta name=\"twitter:label1\" content=\"Dur\u00e9e de lecture estim\u00e9e\" \/>\n\t<meta name=\"twitter:data1\" content=\"1 minute\" \/>\n<script type=\"application\/ld+json\" class=\"yoast-schema-graph\">{\"@context\":\"https:\/\/schema.org\",\"@graph\":[{\"@type\":\"WebPage\",\"@id\":\"https:\/\/nozama.pro\/index.php\/product\/laque-insecticide-rampants-kit-4-x-sprayeur-250-ml\/\",\"url\":\"https:\/\/nozama.pro\/index.php\/product\/laque-insecticide-rampants-kit-4-x-sprayeur-250-ml\/\",\"name\":\"LAQUE INSECTICIDE RAMPANTS - Kit 4 X Sprayeur 250 ml - nozama\",\"isPartOf\":{\"@id\":\"https:\/\/nozama.pro\/#website\"},\"datePublished\":\"2019-09-24T03:21:21+00:00\",\"dateModified\":\"2025-06-05T15:43:52+00:00\",\"breadcrumb\":{\"@id\":\"https:\/\/nozama.pro\/index.php\/product\/laque-insecticide-rampants-kit-4-x-sprayeur-250-ml\/#breadcrumb\"},\"inLanguage\":\"fr-FR\",\"potentialAction\":[{\"@type\":\"ReadAction\",\"target\":[\"https:\/\/nozama.pro\/index.php\/product\/laque-insecticide-rampants-kit-4-x-sprayeur-250-ml\/\"]}]},{\"@type\":\"BreadcrumbList\",\"@id\":\"https:\/\/nozama.pro\/index.php\/product\/laque-insecticide-rampants-kit-4-x-sprayeur-250-ml\/#breadcrumb\",\"itemListElement\":[{\"@type\":\"ListItem\",\"position\":1,\"name\":\"Accueil\",\"item\":\"https:\/\/nozama.pro\/\"},{\"@type\":\"ListItem\",\"position\":2,\"name\":\"Cat\u00e9gories\",\"item\":\"https:\/\/nozama.pro\/index.php\/categories\/\"},{\"@type\":\"ListItem\",\"position\":3,\"name\":\"LAQUE INSECTICIDE RAMPANTS &#8211; Kit 4 X Sprayeur 250 ml\"}]},{\"@type\":\"WebSite\",\"@id\":\"https:\/\/nozama.pro\/#website\",\"url\":\"https:\/\/nozama.pro\/\",\"name\":\"nozama\",\"description\":\"Les solutions du quotidien\",\"potentialAction\":[{\"@type\":\"SearchAction\",\"target\":{\"@type\":\"EntryPoint\",\"urlTemplate\":\"https:\/\/nozama.pro\/?s={search_term_string}\"},\"query-input\":\"required name=search_term_string\"}],\"inLanguage\":\"fr-FR\"}]}<\/script>\n<!-- \/ Yoast SEO plugin. -->","yoast_head_json":{"title":"LAQUE INSECTICIDE RAMPANTS - Kit 4 X Sprayeur 250 ml - nozama","robots":{"index":"index","follow":"follow","max-snippet":"max-snippet:-1","max-image-preview":"max-image-preview:large","max-video-preview":"max-video-preview:-1"},"canonical":"https:\/\/nozama.pro\/index.php\/product\/laque-insecticide-rampants-kit-4-x-sprayeur-250-ml\/","og_locale":"fr_FR","og_type":"article","og_title":"LAQUE INSECTICIDE RAMPANTS - Kit 4 X Sprayeur 250 ml - nozama","og_description":"[vc_row][vc_column][vc_column_text] FOURMIS, CAFARDS, ARAIGNEES, CHENILLES Insecticide de contact et de support \u00e0 effet choc. Il entraine une paralysie mortelle et imm\u00e9diate de l\u2019insecte. Il agit d\u00e8s le contact avec l\u2019insecte, un v\u00e9ritable abattage imm\u00e9diat. La buse r\u00e9glable permet d\u2019adapter le jet \u00e0 la situation et l\u2019insecte d\u00e9sir\u00e9. Ne tache pas [\/vc_column_text][\/vc_column][\/vc_row][vc_row css=&#8221;.vc_custom_1569146561550{padding-top: 50px !important;}&#8221;][vc_column width=&#8221;1\/3&#8243;][vc_single_image [&hellip;]","og_url":"https:\/\/nozama.pro\/index.php\/product\/laque-insecticide-rampants-kit-4-x-sprayeur-250-ml\/","og_site_name":"nozama","article_modified_time":"2025-06-05T15:43:52+00:00","og_image":[{"width":600,"height":600,"url":"https:\/\/nozama.pro\/wp-content\/uploads\/2019\/09\/ape-laque-insecticide-rampant-fourmis-kit-sprayeur.jpg","type":"image\/jpeg"}],"twitter_card":"summary_large_image","twitter_misc":{"Dur\u00e9e de lecture estim\u00e9e":"1 minute"},"schema":{"@context":"https:\/\/schema.org","@graph":[{"@type":"WebPage","@id":"https:\/\/nozama.pro\/index.php\/product\/laque-insecticide-rampants-kit-4-x-sprayeur-250-ml\/","url":"https:\/\/nozama.pro\/index.php\/product\/laque-insecticide-rampants-kit-4-x-sprayeur-250-ml\/","name":"LAQUE INSECTICIDE RAMPANTS - Kit 4 X Sprayeur 250 ml - nozama","isPartOf":{"@id":"https:\/\/nozama.pro\/#website"},"datePublished":"2019-09-24T03:21:21+00:00","dateModified":"2025-06-05T15:43:52+00:00","breadcrumb":{"@id":"https:\/\/nozama.pro\/index.php\/product\/laque-insecticide-rampants-kit-4-x-sprayeur-250-ml\/#breadcrumb"},"inLanguage":"fr-FR","potentialAction":[{"@type":"ReadAction","target":["https:\/\/nozama.pro\/index.php\/product\/laque-insecticide-rampants-kit-4-x-sprayeur-250-ml\/"]}]},{"@type":"BreadcrumbList","@id":"https:\/\/nozama.pro\/index.php\/product\/laque-insecticide-rampants-kit-4-x-sprayeur-250-ml\/#breadcrumb","itemListElement":[{"@type":"ListItem","position":1,"name":"Accueil","item":"https:\/\/nozama.pro\/"},{"@type":"ListItem","position":2,"name":"Cat\u00e9gories","item":"https:\/\/nozama.pro\/index.php\/categories\/"},{"@type":"ListItem","position":3,"name":"LAQUE INSECTICIDE RAMPANTS &#8211; Kit 4 X Sprayeur 250 ml"}]},{"@type":"WebSite","@id":"https:\/\/nozama.pro\/#website","url":"https:\/\/nozama.pro\/","name":"nozama","description":"Les solutions du quotidien","potentialAction":[{"@type":"SearchAction","target":{"@type":"EntryPoint","urlTemplate":"https:\/\/nozama.pro\/?s={search_term_string}"},"query-input":"required name=search_term_string"}],"inLanguage":"fr-FR"}]}},"_links":{"self":[{"href":"https:\/\/nozama.pro\/index.php\/wp-json\/wp\/v3\/product\/2938"}],"collection":[{"href":"https:\/\/nozama.pro\/index.php\/wp-json\/wp\/v3\/product"}],"about":[{"href":"https:\/\/nozama.pro\/index.php\/wp-json\/wp\/v2\/types\/product"}],"replies":[{"embeddable":true,"href":"https:\/\/nozama.pro\/index.php\/wp-json\/wp\/v2\/comments?post=2938"}],"wp:featuredmedia":[{"embeddable":true,"href":"https:\/\/nozama.pro\/index.php\/wp-json\/wp\/v2\/media\/2932"}],"wp:attachment":[{"href":"https:\/\/nozama.pro\/index.php\/wp-json\/wp\/v2\/media?parent=2938"}],"wp:term":[{"taxonomy":"product_cat","embeddable":true,"href":"https:\/\/nozama.pro\/index.php\/wp-json\/wp\/v2\/product_cat?post=2938"},{"taxonomy":"product_tag","embeddable":true,"href":"https:\/\/nozama.pro\/index.php\/wp-json\/wp\/v2\/product_tag?post=2938"}],"curies":[{"name":"wp","href":"https:\/\/api.w.org\/{rel}","templated":true}]}}