{"id":2946,"date":"2019-09-24T05:47:44","date_gmt":"2019-09-24T03:47:44","guid":{"rendered":"https:\/\/nozama.pro\/?post_type=product&#038;p=2946"},"modified":"2019-09-24T05:51:01","modified_gmt":"2019-09-24T03:51:01","slug":"insecticide-volants-rampants-one-shot","status":"publish","type":"product","link":"https:\/\/nozama.pro\/index.php\/product\/insecticide-volants-rampants-one-shot\/","title":{"rendered":"INSECTICIDE VOLANTS RAMPANTS ONE SHOT"},"content":{"rendered":"<p>[vc_row][vc_column][vc_column_text]Traitement efficace contre les acariens : micro-organismes invisibles \u00e0 l\u2019oeil nu se nourrissant de d\u00e9bris de la peau humaine et particuli\u00e8rement pr\u00e9sents au niveau des moquettes, tissus, literies, plinthes, tissus muraux,&#8230;<br \/>\nD\u00e9truit rapidement les acariens, puces et larves des maisons, moquettes et tissus d\u2019ameublement, susceptibles de provoquer des allergies.<br \/>\nLa combinaison d\u2019actifs \u00e0 base de pyr\u00e9thrino\u00efde de synth\u00e8se et par l\u2019apport d\u2019un synergisant permet \u00e0 ce produit d\u2019\u00eatre actif sur les acariens, puces adultes, sur les larves, tout en interrompant le d\u00e9veloppement de leurs oeufs.<br \/>\nFormule test\u00e9e et efficace contre les Mouches, Moustiques et Blattes germanique (commune) ce qui donne \u00e0 cet a\u00e9rosol un large spectre d\u2019utilisation et d\u2019efficacit\u00e9.<\/p>\n<p>[\/vc_column_text][\/vc_column][\/vc_row][vc_row css=&#8221;.vc_custom_1569146561550{padding-top: 50px !important;}&#8221;][vc_column width=&#8221;1\/3&#8243;][vc_single_image image=&#8221;2939&#8243; alignment=&#8221;center&#8221;][vc_btn title=&#8221;Voir la fiche conseil&#8221; color=&#8221;vista-blue&#8221; align=&#8221;center&#8221; css_animation=&#8221;none&#8221; link=&#8221;url:https%3A%2F%2Fnozama.pro%2Fwp-content%2Fuploads%2F2019%2F09%2Ffc-ape-one-shot.pdf|||&#8221;][\/vc_column][\/vc_row][vc_row][vc_column][\/vc_column][\/vc_row]<\/p>\n","protected":false},"excerpt":{"rendered":"<p>[vc_row][vc_column][vc_column_text]Traitement efficace contre les acariens : micro-organismes invisibles \u00e0 l\u2019oeil nu se nourrissant de d\u00e9bris de la peau humaine et particuli\u00e8rement pr\u00e9sents au niveau des moquettes, tissus, literies, plinthes, tissus muraux,&#8230; D\u00e9truit rapidement les acariens, puces et larves des maisons, moquettes et tissus d\u2019ameublement, susceptibles de provoquer des allergies. La combinaison d\u2019actifs \u00e0 base de [&hellip;]<\/p>\n","protected":false},"featured_media":2897,"comment_status":"open","ping_status":"closed","template":"","meta":[],"product_cat":[101,111],"product_tag":[],"yoast_head":"<!-- This site is optimized with the Yoast SEO plugin v20.5 - https:\/\/yoast.com\/wordpress\/plugins\/seo\/ -->\n<title>INSECTICIDE VOLANTS RAMPANTS ONE SHOT - nozama<\/title>\n<meta name=\"robots\" content=\"index, follow, max-snippet:-1, max-image-preview:large, max-video-preview:-1\" \/>\n<link rel=\"canonical\" href=\"https:\/\/nozama.pro\/index.php\/product\/insecticide-volants-rampants-one-shot\/\" \/>\n<meta property=\"og:locale\" content=\"fr_FR\" \/>\n<meta property=\"og:type\" content=\"article\" \/>\n<meta property=\"og:title\" content=\"INSECTICIDE VOLANTS RAMPANTS ONE SHOT - nozama\" \/>\n<meta property=\"og:description\" content=\"[vc_row][vc_column][vc_column_text]Traitement efficace contre les acariens : micro-organismes invisibles \u00e0 l\u2019oeil nu se nourrissant de d\u00e9bris de la peau humaine et particuli\u00e8rement pr\u00e9sents au niveau des moquettes, tissus, literies, plinthes, tissus muraux,&#8230; D\u00e9truit rapidement les acariens, puces et larves des maisons, moquettes et tissus d\u2019ameublement, susceptibles de provoquer des allergies. La combinaison d\u2019actifs \u00e0 base de [&hellip;]\" \/>\n<meta property=\"og:url\" content=\"https:\/\/nozama.pro\/index.php\/product\/insecticide-volants-rampants-one-shot\/\" \/>\n<meta property=\"og:site_name\" content=\"nozama\" \/>\n<meta property=\"article:modified_time\" content=\"2019-09-24T03:51:01+00:00\" \/>\n<meta property=\"og:image\" content=\"https:\/\/nozama.pro\/wp-content\/uploads\/2019\/09\/ape-insecticide-rampant-volant-one-shot.jpg\" \/>\n\t<meta property=\"og:image:width\" content=\"600\" \/>\n\t<meta property=\"og:image:height\" content=\"600\" \/>\n\t<meta property=\"og:image:type\" content=\"image\/jpeg\" \/>\n<meta name=\"twitter:card\" content=\"summary_large_image\" \/>\n<meta name=\"twitter:label1\" content=\"Dur\u00e9e de lecture estim\u00e9e\" \/>\n\t<meta name=\"twitter:data1\" content=\"1 minute\" \/>\n<script type=\"application\/ld+json\" class=\"yoast-schema-graph\">{\"@context\":\"https:\/\/schema.org\",\"@graph\":[{\"@type\":\"WebPage\",\"@id\":\"https:\/\/nozama.pro\/index.php\/product\/insecticide-volants-rampants-one-shot\/\",\"url\":\"https:\/\/nozama.pro\/index.php\/product\/insecticide-volants-rampants-one-shot\/\",\"name\":\"INSECTICIDE VOLANTS RAMPANTS ONE SHOT - nozama\",\"isPartOf\":{\"@id\":\"https:\/\/nozama.pro\/#website\"},\"datePublished\":\"2019-09-24T03:47:44+00:00\",\"dateModified\":\"2019-09-24T03:51:01+00:00\",\"breadcrumb\":{\"@id\":\"https:\/\/nozama.pro\/index.php\/product\/insecticide-volants-rampants-one-shot\/#breadcrumb\"},\"inLanguage\":\"fr-FR\",\"potentialAction\":[{\"@type\":\"ReadAction\",\"target\":[\"https:\/\/nozama.pro\/index.php\/product\/insecticide-volants-rampants-one-shot\/\"]}]},{\"@type\":\"BreadcrumbList\",\"@id\":\"https:\/\/nozama.pro\/index.php\/product\/insecticide-volants-rampants-one-shot\/#breadcrumb\",\"itemListElement\":[{\"@type\":\"ListItem\",\"position\":1,\"name\":\"Accueil\",\"item\":\"https:\/\/nozama.pro\/\"},{\"@type\":\"ListItem\",\"position\":2,\"name\":\"Cat\u00e9gories\",\"item\":\"https:\/\/nozama.pro\/index.php\/categories\/\"},{\"@type\":\"ListItem\",\"position\":3,\"name\":\"INSECTICIDE VOLANTS RAMPANTS ONE SHOT\"}]},{\"@type\":\"WebSite\",\"@id\":\"https:\/\/nozama.pro\/#website\",\"url\":\"https:\/\/nozama.pro\/\",\"name\":\"nozama\",\"description\":\"Les solutions du quotidien\",\"potentialAction\":[{\"@type\":\"SearchAction\",\"target\":{\"@type\":\"EntryPoint\",\"urlTemplate\":\"https:\/\/nozama.pro\/?s={search_term_string}\"},\"query-input\":\"required name=search_term_string\"}],\"inLanguage\":\"fr-FR\"}]}<\/script>\n<!-- \/ Yoast SEO plugin. -->","yoast_head_json":{"title":"INSECTICIDE VOLANTS RAMPANTS ONE SHOT - nozama","robots":{"index":"index","follow":"follow","max-snippet":"max-snippet:-1","max-image-preview":"max-image-preview:large","max-video-preview":"max-video-preview:-1"},"canonical":"https:\/\/nozama.pro\/index.php\/product\/insecticide-volants-rampants-one-shot\/","og_locale":"fr_FR","og_type":"article","og_title":"INSECTICIDE VOLANTS RAMPANTS ONE SHOT - nozama","og_description":"[vc_row][vc_column][vc_column_text]Traitement efficace contre les acariens : micro-organismes invisibles \u00e0 l\u2019oeil nu se nourrissant de d\u00e9bris de la peau humaine et particuli\u00e8rement pr\u00e9sents au niveau des moquettes, tissus, literies, plinthes, tissus muraux,&#8230; D\u00e9truit rapidement les acariens, puces et larves des maisons, moquettes et tissus d\u2019ameublement, susceptibles de provoquer des allergies. La combinaison d\u2019actifs \u00e0 base de [&hellip;]","og_url":"https:\/\/nozama.pro\/index.php\/product\/insecticide-volants-rampants-one-shot\/","og_site_name":"nozama","article_modified_time":"2019-09-24T03:51:01+00:00","og_image":[{"width":600,"height":600,"url":"https:\/\/nozama.pro\/wp-content\/uploads\/2019\/09\/ape-insecticide-rampant-volant-one-shot.jpg","type":"image\/jpeg"}],"twitter_card":"summary_large_image","twitter_misc":{"Dur\u00e9e de lecture estim\u00e9e":"1 minute"},"schema":{"@context":"https:\/\/schema.org","@graph":[{"@type":"WebPage","@id":"https:\/\/nozama.pro\/index.php\/product\/insecticide-volants-rampants-one-shot\/","url":"https:\/\/nozama.pro\/index.php\/product\/insecticide-volants-rampants-one-shot\/","name":"INSECTICIDE VOLANTS RAMPANTS ONE SHOT - nozama","isPartOf":{"@id":"https:\/\/nozama.pro\/#website"},"datePublished":"2019-09-24T03:47:44+00:00","dateModified":"2019-09-24T03:51:01+00:00","breadcrumb":{"@id":"https:\/\/nozama.pro\/index.php\/product\/insecticide-volants-rampants-one-shot\/#breadcrumb"},"inLanguage":"fr-FR","potentialAction":[{"@type":"ReadAction","target":["https:\/\/nozama.pro\/index.php\/product\/insecticide-volants-rampants-one-shot\/"]}]},{"@type":"BreadcrumbList","@id":"https:\/\/nozama.pro\/index.php\/product\/insecticide-volants-rampants-one-shot\/#breadcrumb","itemListElement":[{"@type":"ListItem","position":1,"name":"Accueil","item":"https:\/\/nozama.pro\/"},{"@type":"ListItem","position":2,"name":"Cat\u00e9gories","item":"https:\/\/nozama.pro\/index.php\/categories\/"},{"@type":"ListItem","position":3,"name":"INSECTICIDE VOLANTS RAMPANTS ONE SHOT"}]},{"@type":"WebSite","@id":"https:\/\/nozama.pro\/#website","url":"https:\/\/nozama.pro\/","name":"nozama","description":"Les solutions du quotidien","potentialAction":[{"@type":"SearchAction","target":{"@type":"EntryPoint","urlTemplate":"https:\/\/nozama.pro\/?s={search_term_string}"},"query-input":"required name=search_term_string"}],"inLanguage":"fr-FR"}]}},"_links":{"self":[{"href":"https:\/\/nozama.pro\/index.php\/wp-json\/wp\/v3\/product\/2946"}],"collection":[{"href":"https:\/\/nozama.pro\/index.php\/wp-json\/wp\/v3\/product"}],"about":[{"href":"https:\/\/nozama.pro\/index.php\/wp-json\/wp\/v2\/types\/product"}],"replies":[{"embeddable":true,"href":"https:\/\/nozama.pro\/index.php\/wp-json\/wp\/v2\/comments?post=2946"}],"wp:featuredmedia":[{"embeddable":true,"href":"https:\/\/nozama.pro\/index.php\/wp-json\/wp\/v2\/media\/2897"}],"wp:attachment":[{"href":"https:\/\/nozama.pro\/index.php\/wp-json\/wp\/v2\/media?parent=2946"}],"wp:term":[{"taxonomy":"product_cat","embeddable":true,"href":"https:\/\/nozama.pro\/index.php\/wp-json\/wp\/v2\/product_cat?post=2946"},{"taxonomy":"product_tag","embeddable":true,"href":"https:\/\/nozama.pro\/index.php\/wp-json\/wp\/v2\/product_tag?post=2946"}],"curies":[{"name":"wp","href":"https:\/\/api.w.org\/{rel}","templated":true}]}}