{"id":2984,"date":"2019-09-24T06:36:14","date_gmt":"2019-09-24T04:36:14","guid":{"rendered":"https:\/\/nozama.pro\/?post_type=product&#038;p=2984"},"modified":"2023-09-14T07:13:06","modified_gmt":"2023-09-14T05:13:06","slug":"anti-mousse-r-s-25m2","status":"publish","type":"product","link":"https:\/\/nozama.pro\/index.php\/product\/anti-mousse-r-s-25m2\/","title":{"rendered":"ANTI-MOUSSE R.S 25m2"},"content":{"rendered":"<p>[vc_row][vc_column][vc_column_text]Produit Biocide.<br \/>\nAgent destructeur qui agit sur le syst\u00e8me reproductif des algues, lichens et mousses<br \/>\nqui se d\u00e9veloppent sur les toitures, les terrasses, dallages. Ne contient ni acide, ni agent oxydant, donc sans danger pour les mat\u00e9riaux.<br \/>\nSans action sur les plantes et les v\u00e9g\u00e9taux autres que mousses et lichens.[\/vc_column_text][\/vc_column][\/vc_row][vc_row css=&#8221;.vc_custom_1569146561550{padding-top: 50px !important;}&#8221;][vc_column width=&#8221;1\/3&#8243;][vc_single_image image=&#8221;2939&#8243; alignment=&#8221;center&#8221;][vc_btn title=&#8221;Voir la fiche conseil&#8221; color=&#8221;vista-blue&#8221; align=&#8221;center&#8221; css_animation=&#8221;none&#8221; link=&#8221;url:https%3A%2F%2Fnozama.pro%2Fwp-content%2Fuploads%2F2019%2F09%2FFC-EXTERNET-anti-mousse-RS.pdf|||&#8221;][\/vc_column][vc_column width=&#8221;1\/3&#8243;][vc_single_image image=&#8221;2940&#8243; alignment=&#8221;center&#8221;][vc_btn title=&#8221;Voir la fiche s\u00e9curit\u00e9&#8221; color=&#8221;vista-blue&#8221; align=&#8221;center&#8221; css_animation=&#8221;none&#8221; link=&#8221;url:https%3A%2F%2Fnozama.pro%2Fwp-content%2Fuploads%2F2023%2F09%2FFS-EXTERNET-Antimousse-RS-2023.pdf&#8221;][\/vc_column][vc_column width=&#8221;1\/3&#8243;][vc_single_image image=&#8221;2941&#8243; alignment=&#8221;center&#8221;][vc_btn title=&#8221;Voir la fiche technique&#8221; color=&#8221;vista-blue&#8221; align=&#8221;center&#8221; css_animation=&#8221;none&#8221; link=&#8221;url:https%3A%2F%2Fnozama.pro%2Fwp-content%2Fuploads%2F2019%2F09%2FFT-EXTERNET-anti-mousse-RS.pdf|||&#8221;][\/vc_column][\/vc_row][vc_row][vc_column][\/vc_column][\/vc_row]<\/p>\n","protected":false},"excerpt":{"rendered":"<p>[vc_row][vc_column][vc_column_text]Produit Biocide. Agent destructeur qui agit sur le syst\u00e8me reproductif des algues, lichens et mousses qui se d\u00e9veloppent sur les toitures, les terrasses, dallages. Ne contient ni acide, ni agent oxydant, donc sans danger pour les mat\u00e9riaux. Sans action sur les plantes et les v\u00e9g\u00e9taux autres que mousses et lichens.[\/vc_column_text][\/vc_column][\/vc_row][vc_row css=&#8221;.vc_custom_1569146561550{padding-top: 50px !important;}&#8221;][vc_column width=&#8221;1\/3&#8243;][vc_single_image image=&#8221;2939&#8243; [&hellip;]<\/p>\n","protected":false},"featured_media":2973,"comment_status":"open","ping_status":"closed","template":"","meta":[],"product_cat":[117,104],"product_tag":[],"yoast_head":"<!-- This site is optimized with the Yoast SEO plugin v20.5 - https:\/\/yoast.com\/wordpress\/plugins\/seo\/ -->\n<title>ANTI-MOUSSE R.S 25m2 - nozama<\/title>\n<meta name=\"robots\" content=\"index, follow, max-snippet:-1, max-image-preview:large, max-video-preview:-1\" \/>\n<link rel=\"canonical\" href=\"https:\/\/nozama.pro\/index.php\/product\/anti-mousse-r-s-25m2\/\" \/>\n<meta property=\"og:locale\" content=\"fr_FR\" \/>\n<meta property=\"og:type\" content=\"article\" \/>\n<meta property=\"og:title\" content=\"ANTI-MOUSSE R.S 25m2 - nozama\" \/>\n<meta property=\"og:description\" content=\"[vc_row][vc_column][vc_column_text]Produit Biocide. Agent destructeur qui agit sur le syst\u00e8me reproductif des algues, lichens et mousses qui se d\u00e9veloppent sur les toitures, les terrasses, dallages. Ne contient ni acide, ni agent oxydant, donc sans danger pour les mat\u00e9riaux. Sans action sur les plantes et les v\u00e9g\u00e9taux autres que mousses et lichens.[\/vc_column_text][\/vc_column][\/vc_row][vc_row css=&#8221;.vc_custom_1569146561550{padding-top: 50px !important;}&#8221;][vc_column width=&#8221;1\/3&#8243;][vc_single_image image=&#8221;2939&#8243; [&hellip;]\" \/>\n<meta property=\"og:url\" content=\"https:\/\/nozama.pro\/index.php\/product\/anti-mousse-r-s-25m2\/\" \/>\n<meta property=\"og:site_name\" content=\"nozama\" \/>\n<meta property=\"article:modified_time\" content=\"2023-09-14T05:13:06+00:00\" \/>\n<meta property=\"og:image\" content=\"https:\/\/nozama.pro\/wp-content\/uploads\/2019\/09\/externet-anti-mousse-r-s.jpg\" \/>\n\t<meta property=\"og:image:width\" content=\"600\" \/>\n\t<meta property=\"og:image:height\" content=\"600\" \/>\n\t<meta property=\"og:image:type\" content=\"image\/jpeg\" \/>\n<meta name=\"twitter:card\" content=\"summary_large_image\" \/>\n<meta name=\"twitter:label1\" content=\"Dur\u00e9e de lecture estim\u00e9e\" \/>\n\t<meta name=\"twitter:data1\" content=\"1 minute\" \/>\n<script type=\"application\/ld+json\" class=\"yoast-schema-graph\">{\"@context\":\"https:\/\/schema.org\",\"@graph\":[{\"@type\":\"WebPage\",\"@id\":\"https:\/\/nozama.pro\/index.php\/product\/anti-mousse-r-s-25m2\/\",\"url\":\"https:\/\/nozama.pro\/index.php\/product\/anti-mousse-r-s-25m2\/\",\"name\":\"ANTI-MOUSSE R.S 25m2 - nozama\",\"isPartOf\":{\"@id\":\"https:\/\/nozama.pro\/#website\"},\"datePublished\":\"2019-09-24T04:36:14+00:00\",\"dateModified\":\"2023-09-14T05:13:06+00:00\",\"breadcrumb\":{\"@id\":\"https:\/\/nozama.pro\/index.php\/product\/anti-mousse-r-s-25m2\/#breadcrumb\"},\"inLanguage\":\"fr-FR\",\"potentialAction\":[{\"@type\":\"ReadAction\",\"target\":[\"https:\/\/nozama.pro\/index.php\/product\/anti-mousse-r-s-25m2\/\"]}]},{\"@type\":\"BreadcrumbList\",\"@id\":\"https:\/\/nozama.pro\/index.php\/product\/anti-mousse-r-s-25m2\/#breadcrumb\",\"itemListElement\":[{\"@type\":\"ListItem\",\"position\":1,\"name\":\"Accueil\",\"item\":\"https:\/\/nozama.pro\/\"},{\"@type\":\"ListItem\",\"position\":2,\"name\":\"Cat\u00e9gories\",\"item\":\"https:\/\/nozama.pro\/index.php\/categories\/\"},{\"@type\":\"ListItem\",\"position\":3,\"name\":\"ANTI-MOUSSE R.S 25m2\"}]},{\"@type\":\"WebSite\",\"@id\":\"https:\/\/nozama.pro\/#website\",\"url\":\"https:\/\/nozama.pro\/\",\"name\":\"nozama\",\"description\":\"Les solutions du quotidien\",\"potentialAction\":[{\"@type\":\"SearchAction\",\"target\":{\"@type\":\"EntryPoint\",\"urlTemplate\":\"https:\/\/nozama.pro\/?s={search_term_string}\"},\"query-input\":\"required name=search_term_string\"}],\"inLanguage\":\"fr-FR\"}]}<\/script>\n<!-- \/ Yoast SEO plugin. -->","yoast_head_json":{"title":"ANTI-MOUSSE R.S 25m2 - nozama","robots":{"index":"index","follow":"follow","max-snippet":"max-snippet:-1","max-image-preview":"max-image-preview:large","max-video-preview":"max-video-preview:-1"},"canonical":"https:\/\/nozama.pro\/index.php\/product\/anti-mousse-r-s-25m2\/","og_locale":"fr_FR","og_type":"article","og_title":"ANTI-MOUSSE R.S 25m2 - nozama","og_description":"[vc_row][vc_column][vc_column_text]Produit Biocide. Agent destructeur qui agit sur le syst\u00e8me reproductif des algues, lichens et mousses qui se d\u00e9veloppent sur les toitures, les terrasses, dallages. Ne contient ni acide, ni agent oxydant, donc sans danger pour les mat\u00e9riaux. Sans action sur les plantes et les v\u00e9g\u00e9taux autres que mousses et lichens.[\/vc_column_text][\/vc_column][\/vc_row][vc_row css=&#8221;.vc_custom_1569146561550{padding-top: 50px !important;}&#8221;][vc_column width=&#8221;1\/3&#8243;][vc_single_image image=&#8221;2939&#8243; [&hellip;]","og_url":"https:\/\/nozama.pro\/index.php\/product\/anti-mousse-r-s-25m2\/","og_site_name":"nozama","article_modified_time":"2023-09-14T05:13:06+00:00","og_image":[{"width":600,"height":600,"url":"https:\/\/nozama.pro\/wp-content\/uploads\/2019\/09\/externet-anti-mousse-r-s.jpg","type":"image\/jpeg"}],"twitter_card":"summary_large_image","twitter_misc":{"Dur\u00e9e de lecture estim\u00e9e":"1 minute"},"schema":{"@context":"https:\/\/schema.org","@graph":[{"@type":"WebPage","@id":"https:\/\/nozama.pro\/index.php\/product\/anti-mousse-r-s-25m2\/","url":"https:\/\/nozama.pro\/index.php\/product\/anti-mousse-r-s-25m2\/","name":"ANTI-MOUSSE R.S 25m2 - nozama","isPartOf":{"@id":"https:\/\/nozama.pro\/#website"},"datePublished":"2019-09-24T04:36:14+00:00","dateModified":"2023-09-14T05:13:06+00:00","breadcrumb":{"@id":"https:\/\/nozama.pro\/index.php\/product\/anti-mousse-r-s-25m2\/#breadcrumb"},"inLanguage":"fr-FR","potentialAction":[{"@type":"ReadAction","target":["https:\/\/nozama.pro\/index.php\/product\/anti-mousse-r-s-25m2\/"]}]},{"@type":"BreadcrumbList","@id":"https:\/\/nozama.pro\/index.php\/product\/anti-mousse-r-s-25m2\/#breadcrumb","itemListElement":[{"@type":"ListItem","position":1,"name":"Accueil","item":"https:\/\/nozama.pro\/"},{"@type":"ListItem","position":2,"name":"Cat\u00e9gories","item":"https:\/\/nozama.pro\/index.php\/categories\/"},{"@type":"ListItem","position":3,"name":"ANTI-MOUSSE R.S 25m2"}]},{"@type":"WebSite","@id":"https:\/\/nozama.pro\/#website","url":"https:\/\/nozama.pro\/","name":"nozama","description":"Les solutions du quotidien","potentialAction":[{"@type":"SearchAction","target":{"@type":"EntryPoint","urlTemplate":"https:\/\/nozama.pro\/?s={search_term_string}"},"query-input":"required name=search_term_string"}],"inLanguage":"fr-FR"}]}},"_links":{"self":[{"href":"https:\/\/nozama.pro\/index.php\/wp-json\/wp\/v3\/product\/2984"}],"collection":[{"href":"https:\/\/nozama.pro\/index.php\/wp-json\/wp\/v3\/product"}],"about":[{"href":"https:\/\/nozama.pro\/index.php\/wp-json\/wp\/v2\/types\/product"}],"replies":[{"embeddable":true,"href":"https:\/\/nozama.pro\/index.php\/wp-json\/wp\/v2\/comments?post=2984"}],"wp:featuredmedia":[{"embeddable":true,"href":"https:\/\/nozama.pro\/index.php\/wp-json\/wp\/v2\/media\/2973"}],"wp:attachment":[{"href":"https:\/\/nozama.pro\/index.php\/wp-json\/wp\/v2\/media?parent=2984"}],"wp:term":[{"taxonomy":"product_cat","embeddable":true,"href":"https:\/\/nozama.pro\/index.php\/wp-json\/wp\/v2\/product_cat?post=2984"},{"taxonomy":"product_tag","embeddable":true,"href":"https:\/\/nozama.pro\/index.php\/wp-json\/wp\/v2\/product_tag?post=2984"}],"curies":[{"name":"wp","href":"https:\/\/api.w.org\/{rel}","templated":true}]}}