{"id":2987,"date":"2019-09-24T06:49:10","date_gmt":"2019-09-24T04:49:10","guid":{"rendered":"https:\/\/nozama.pro\/?post_type=product&#038;p=2987"},"modified":"2026-03-27T07:23:48","modified_gmt":"2026-03-27T06:23:48","slug":"taille-haie-resines-seves","status":"publish","type":"product","link":"https:\/\/nozama.pro\/index.php\/product\/taille-haie-resines-seves\/","title":{"rendered":"TAILLE HAIE RESINES &#038; SEVES &#8211; 1L"},"content":{"rendered":"<p>[vc_row][vc_column][vc_column_text]D\u00e9sint\u00e8gre les s\u00e8ves, les r\u00e9sines, les carbones, les graisses cuites et salissures diverses. D\u00e9sincruste, d\u00e9graisse et nettoie sans effort l\u2019ensemble des lames, chaines, lames de scies et outils de coupe.<\/p>\n<p>Il facilite la lubrification des outils et favorise les coupes nettes.<\/p>\n<p>Pr\u00eat \u00e0 l\u2019emploi, sans odeur, ne coule pas.<\/p>\n<p>R\u00e9duit la prolif\u00e9ration des bact\u00e9ries et parasites.[\/vc_column_text][\/vc_column][\/vc_row][vc_row css=&#8221;.vc_custom_1569146561550{padding-top: 50px !important;}&#8221;][vc_column width=&#8221;1\/3&#8243;][vc_single_image image=&#8221;2939&#8243; alignment=&#8221;center&#8221;][vc_btn title=&#8221;Voir la fiche conseil&#8221; color=&#8221;vista-blue&#8221; align=&#8221;center&#8221; css_animation=&#8221;none&#8221; link=&#8221;url:https%3A%2F%2Fnozama.pro%2Fwp-content%2Fuploads%2F2019%2F09%2Ffc-externet-taille-haie.pdf|||&#8221;][\/vc_column][vc_column width=&#8221;1\/3&#8243;][vc_single_image image=&#8221;2940&#8243; alignment=&#8221;center&#8221;][vc_btn title=&#8221;Voir la fiche s\u00e9curit\u00e9&#8221; color=&#8221;vista-blue&#8221; align=&#8221;center&#8221; css_animation=&#8221;none&#8221; link=&#8221;url:https%3A%2F%2Fnozama.pro%2Fwp-content%2Fuploads%2F2024%2F08%2FFS-EXTERNET-Taille-hair-resine-et-seves-2023.pdf&#8221;][\/vc_column][\/vc_row][vc_row][vc_column][\/vc_column][\/vc_row]<\/p>\n","protected":false},"excerpt":{"rendered":"<p>[vc_row][vc_column][vc_column_text]D\u00e9sint\u00e8gre les s\u00e8ves, les r\u00e9sines, les carbones, les graisses cuites et salissures diverses. D\u00e9sincruste, d\u00e9graisse et nettoie sans effort l\u2019ensemble des lames, chaines, lames de scies et outils de coupe. Il facilite la lubrification des outils et favorise les coupes nettes. Pr\u00eat \u00e0 l\u2019emploi, sans odeur, ne coule pas. R\u00e9duit la prolif\u00e9ration des bact\u00e9ries et [&hellip;]<\/p>\n","protected":false},"featured_media":3821,"comment_status":"open","ping_status":"closed","template":"","meta":[],"product_cat":[104,114,116],"product_tag":[],"yoast_head":"<!-- This site is optimized with the Yoast SEO plugin v20.5 - https:\/\/yoast.com\/wordpress\/plugins\/seo\/ -->\n<title>TAILLE HAIE RESINES &amp; SEVES - 1L - nozama<\/title>\n<meta name=\"robots\" content=\"index, follow, max-snippet:-1, max-image-preview:large, max-video-preview:-1\" \/>\n<link rel=\"canonical\" href=\"https:\/\/nozama.pro\/index.php\/product\/taille-haie-resines-seves\/\" \/>\n<meta property=\"og:locale\" content=\"fr_FR\" \/>\n<meta property=\"og:type\" content=\"article\" \/>\n<meta property=\"og:title\" content=\"TAILLE HAIE RESINES &amp; SEVES - 1L - nozama\" \/>\n<meta property=\"og:description\" content=\"[vc_row][vc_column][vc_column_text]D\u00e9sint\u00e8gre les s\u00e8ves, les r\u00e9sines, les carbones, les graisses cuites et salissures diverses. D\u00e9sincruste, d\u00e9graisse et nettoie sans effort l\u2019ensemble des lames, chaines, lames de scies et outils de coupe. Il facilite la lubrification des outils et favorise les coupes nettes. Pr\u00eat \u00e0 l\u2019emploi, sans odeur, ne coule pas. R\u00e9duit la prolif\u00e9ration des bact\u00e9ries et [&hellip;]\" \/>\n<meta property=\"og:url\" content=\"https:\/\/nozama.pro\/index.php\/product\/taille-haie-resines-seves\/\" \/>\n<meta property=\"og:site_name\" content=\"nozama\" \/>\n<meta property=\"article:modified_time\" content=\"2026-03-27T06:23:48+00:00\" \/>\n<meta property=\"og:image\" content=\"https:\/\/nozama.pro\/wp-content\/uploads\/2019\/09\/externet-taille-haie1.jpg\" \/>\n\t<meta property=\"og:image:width\" content=\"600\" \/>\n\t<meta property=\"og:image:height\" content=\"600\" \/>\n\t<meta property=\"og:image:type\" content=\"image\/jpeg\" \/>\n<meta name=\"twitter:card\" content=\"summary_large_image\" \/>\n<meta name=\"twitter:label1\" content=\"Dur\u00e9e de lecture estim\u00e9e\" \/>\n\t<meta name=\"twitter:data1\" content=\"1 minute\" \/>\n<script type=\"application\/ld+json\" class=\"yoast-schema-graph\">{\"@context\":\"https:\/\/schema.org\",\"@graph\":[{\"@type\":\"WebPage\",\"@id\":\"https:\/\/nozama.pro\/index.php\/product\/taille-haie-resines-seves\/\",\"url\":\"https:\/\/nozama.pro\/index.php\/product\/taille-haie-resines-seves\/\",\"name\":\"TAILLE HAIE RESINES & SEVES - 1L - nozama\",\"isPartOf\":{\"@id\":\"https:\/\/nozama.pro\/#website\"},\"datePublished\":\"2019-09-24T04:49:10+00:00\",\"dateModified\":\"2026-03-27T06:23:48+00:00\",\"breadcrumb\":{\"@id\":\"https:\/\/nozama.pro\/index.php\/product\/taille-haie-resines-seves\/#breadcrumb\"},\"inLanguage\":\"fr-FR\",\"potentialAction\":[{\"@type\":\"ReadAction\",\"target\":[\"https:\/\/nozama.pro\/index.php\/product\/taille-haie-resines-seves\/\"]}]},{\"@type\":\"BreadcrumbList\",\"@id\":\"https:\/\/nozama.pro\/index.php\/product\/taille-haie-resines-seves\/#breadcrumb\",\"itemListElement\":[{\"@type\":\"ListItem\",\"position\":1,\"name\":\"Accueil\",\"item\":\"https:\/\/nozama.pro\/\"},{\"@type\":\"ListItem\",\"position\":2,\"name\":\"Cat\u00e9gories\",\"item\":\"https:\/\/nozama.pro\/index.php\/categories\/\"},{\"@type\":\"ListItem\",\"position\":3,\"name\":\"TAILLE HAIE RESINES &#038; SEVES &#8211; 1L\"}]},{\"@type\":\"WebSite\",\"@id\":\"https:\/\/nozama.pro\/#website\",\"url\":\"https:\/\/nozama.pro\/\",\"name\":\"nozama\",\"description\":\"Les solutions du quotidien\",\"potentialAction\":[{\"@type\":\"SearchAction\",\"target\":{\"@type\":\"EntryPoint\",\"urlTemplate\":\"https:\/\/nozama.pro\/?s={search_term_string}\"},\"query-input\":\"required name=search_term_string\"}],\"inLanguage\":\"fr-FR\"}]}<\/script>\n<!-- \/ Yoast SEO plugin. -->","yoast_head_json":{"title":"TAILLE HAIE RESINES & SEVES - 1L - nozama","robots":{"index":"index","follow":"follow","max-snippet":"max-snippet:-1","max-image-preview":"max-image-preview:large","max-video-preview":"max-video-preview:-1"},"canonical":"https:\/\/nozama.pro\/index.php\/product\/taille-haie-resines-seves\/","og_locale":"fr_FR","og_type":"article","og_title":"TAILLE HAIE RESINES & SEVES - 1L - nozama","og_description":"[vc_row][vc_column][vc_column_text]D\u00e9sint\u00e8gre les s\u00e8ves, les r\u00e9sines, les carbones, les graisses cuites et salissures diverses. D\u00e9sincruste, d\u00e9graisse et nettoie sans effort l\u2019ensemble des lames, chaines, lames de scies et outils de coupe. Il facilite la lubrification des outils et favorise les coupes nettes. Pr\u00eat \u00e0 l\u2019emploi, sans odeur, ne coule pas. R\u00e9duit la prolif\u00e9ration des bact\u00e9ries et [&hellip;]","og_url":"https:\/\/nozama.pro\/index.php\/product\/taille-haie-resines-seves\/","og_site_name":"nozama","article_modified_time":"2026-03-27T06:23:48+00:00","og_image":[{"width":600,"height":600,"url":"https:\/\/nozama.pro\/wp-content\/uploads\/2019\/09\/externet-taille-haie1.jpg","type":"image\/jpeg"}],"twitter_card":"summary_large_image","twitter_misc":{"Dur\u00e9e de lecture estim\u00e9e":"1 minute"},"schema":{"@context":"https:\/\/schema.org","@graph":[{"@type":"WebPage","@id":"https:\/\/nozama.pro\/index.php\/product\/taille-haie-resines-seves\/","url":"https:\/\/nozama.pro\/index.php\/product\/taille-haie-resines-seves\/","name":"TAILLE HAIE RESINES & SEVES - 1L - nozama","isPartOf":{"@id":"https:\/\/nozama.pro\/#website"},"datePublished":"2019-09-24T04:49:10+00:00","dateModified":"2026-03-27T06:23:48+00:00","breadcrumb":{"@id":"https:\/\/nozama.pro\/index.php\/product\/taille-haie-resines-seves\/#breadcrumb"},"inLanguage":"fr-FR","potentialAction":[{"@type":"ReadAction","target":["https:\/\/nozama.pro\/index.php\/product\/taille-haie-resines-seves\/"]}]},{"@type":"BreadcrumbList","@id":"https:\/\/nozama.pro\/index.php\/product\/taille-haie-resines-seves\/#breadcrumb","itemListElement":[{"@type":"ListItem","position":1,"name":"Accueil","item":"https:\/\/nozama.pro\/"},{"@type":"ListItem","position":2,"name":"Cat\u00e9gories","item":"https:\/\/nozama.pro\/index.php\/categories\/"},{"@type":"ListItem","position":3,"name":"TAILLE HAIE RESINES &#038; SEVES &#8211; 1L"}]},{"@type":"WebSite","@id":"https:\/\/nozama.pro\/#website","url":"https:\/\/nozama.pro\/","name":"nozama","description":"Les solutions du quotidien","potentialAction":[{"@type":"SearchAction","target":{"@type":"EntryPoint","urlTemplate":"https:\/\/nozama.pro\/?s={search_term_string}"},"query-input":"required name=search_term_string"}],"inLanguage":"fr-FR"}]}},"_links":{"self":[{"href":"https:\/\/nozama.pro\/index.php\/wp-json\/wp\/v3\/product\/2987"}],"collection":[{"href":"https:\/\/nozama.pro\/index.php\/wp-json\/wp\/v3\/product"}],"about":[{"href":"https:\/\/nozama.pro\/index.php\/wp-json\/wp\/v2\/types\/product"}],"replies":[{"embeddable":true,"href":"https:\/\/nozama.pro\/index.php\/wp-json\/wp\/v2\/comments?post=2987"}],"wp:featuredmedia":[{"embeddable":true,"href":"https:\/\/nozama.pro\/index.php\/wp-json\/wp\/v2\/media\/3821"}],"wp:attachment":[{"href":"https:\/\/nozama.pro\/index.php\/wp-json\/wp\/v2\/media?parent=2987"}],"wp:term":[{"taxonomy":"product_cat","embeddable":true,"href":"https:\/\/nozama.pro\/index.php\/wp-json\/wp\/v2\/product_cat?post=2987"},{"taxonomy":"product_tag","embeddable":true,"href":"https:\/\/nozama.pro\/index.php\/wp-json\/wp\/v2\/product_tag?post=2987"}],"curies":[{"name":"wp","href":"https:\/\/api.w.org\/{rel}","templated":true}]}}