{"id":3014,"date":"2019-09-24T20:44:43","date_gmt":"2019-09-24T18:44:43","guid":{"rendered":"https:\/\/nozama.pro\/?post_type=product&#038;p=3014"},"modified":"2023-09-14T07:36:17","modified_gmt":"2023-09-14T05:36:17","slug":"nettoyant-ultra-universel-forte-concentration-bidon-5l","status":"publish","type":"product","link":"https:\/\/nozama.pro\/index.php\/product\/nettoyant-ultra-universel-forte-concentration-bidon-5l\/","title":{"rendered":"NETTOYANT ULTRA UNIVERSEL FORTE CONCENTRATION &#8211; Bidon 5L"},"content":{"rendered":"<p>[vc_row][vc_column][vc_column_text]<\/p>\n<h5>UTILISATION<\/h5>\n<p><strong>Mat\u00e9riel :<\/strong> vinicole, viticole, \u00e9levage, salle de traite, salle de pr\u00e9paration culinaire, cuisine, \u00e9cole, h\u00f4pital, h\u00f4tel, restaurant, boucherie, boulangerie, mairie, salle de sport, artisan, station de lavage manuelle et automatique, piscine, syst\u00e8me air conditionn\u00e9&#8230;<\/p>\n<p><strong>Maison :<\/strong> salon et mobilier de jardin, menuiserie, volet, persienne en bois, alu, pvc, store, portail, cl\u00f4ture, barbecue, plancha, b\u00e2che, parasol, vaisselle manuelle et automatique, \u00e9lectrom\u00e9nager, climatisation&#8230;<\/p>\n<p><strong>Sol :<\/strong> ciment, pierre, marbre, carrelage, parquet, b\u00e9ton cir\u00e9, moquette, pvc&#8230;<\/p>\n<p><strong>Outil :<\/strong> coupe, taille, tonte, \u00e9lagage, tron\u00e7onnage&#8230;<\/p>\n<p><strong>V\u00e9hicule :<\/strong> voiture, auto, moto, bateau, avion, agricole, ambulance, pompiers, transport civil et militaire, moteur&#8230;<\/p>\n<p><strong>Mur :<\/strong> peinture, cr\u00e9pis, fa\u00efence, papier peint<\/p>\n<p><strong>Support :<\/strong> tous supports, bois, pvc, tissus, aluminium, fonte, m\u00e9taux, pierre, granit, verre, b\u00e9ton, caoutchouc, viton&#8230;[\/vc_column_text][\/vc_column][\/vc_row][vc_row css=&#8221;.vc_custom_1569146561550{padding-top: 50px !important;}&#8221;][vc_column width=&#8221;1\/3&#8243;][vc_single_image image=&#8221;2939&#8243; alignment=&#8221;center&#8221;][vc_btn title=&#8221;Voir la fiche conseil&#8221; color=&#8221;vista-blue&#8221; align=&#8221;center&#8221; css_animation=&#8221;none&#8221; link=&#8221;url:https%3A%2F%2Fnozama.pro%2Fwp-content%2Fuploads%2F2019%2F09%2Ffc-marcel-1.pdf|||&#8221;][\/vc_column][vc_column width=&#8221;1\/3&#8243;][vc_single_image image=&#8221;2940&#8243; alignment=&#8221;center&#8221;][vc_btn title=&#8221;Voir la fiche s\u00e9curit\u00e9&#8221; color=&#8221;vista-blue&#8221; align=&#8221;center&#8221; css_animation=&#8221;none&#8221; link=&#8221;url:https%3A%2F%2Fnozama.pro%2Fwp-content%2Fuploads%2F2023%2F09%2FFS-MARCEL-ultra-2023.pdf&#8221;][\/vc_column][\/vc_row][vc_row][vc_column][\/vc_column][\/vc_row]<\/p>\n","protected":false},"excerpt":{"rendered":"<p>[vc_row][vc_column][vc_column_text] UTILISATION Mat\u00e9riel : vinicole, viticole, \u00e9levage, salle de traite, salle de pr\u00e9paration culinaire, cuisine, \u00e9cole, h\u00f4pital, h\u00f4tel, restaurant, boucherie, boulangerie, mairie, salle de sport, artisan, station de lavage manuelle et automatique, piscine, syst\u00e8me air conditionn\u00e9&#8230; Maison : salon et mobilier de jardin, menuiserie, volet, persienne en bois, alu, pvc, store, portail, cl\u00f4ture, barbecue, plancha, [&hellip;]<\/p>\n","protected":false},"featured_media":3010,"comment_status":"open","ping_status":"closed","template":"","meta":[],"product_cat":[105,120,113],"product_tag":[],"yoast_head":"<!-- This site is optimized with the Yoast SEO plugin v20.5 - https:\/\/yoast.com\/wordpress\/plugins\/seo\/ -->\n<title>NETTOYANT ULTRA UNIVERSEL FORTE CONCENTRATION - Bidon 5L - nozama<\/title>\n<meta name=\"robots\" content=\"index, follow, max-snippet:-1, max-image-preview:large, max-video-preview:-1\" \/>\n<link rel=\"canonical\" href=\"https:\/\/nozama.pro\/index.php\/product\/nettoyant-ultra-universel-forte-concentration-bidon-5l\/\" \/>\n<meta property=\"og:locale\" content=\"fr_FR\" \/>\n<meta property=\"og:type\" content=\"article\" \/>\n<meta property=\"og:title\" content=\"NETTOYANT ULTRA UNIVERSEL FORTE CONCENTRATION - Bidon 5L - nozama\" \/>\n<meta property=\"og:description\" content=\"[vc_row][vc_column][vc_column_text] UTILISATION Mat\u00e9riel : vinicole, viticole, \u00e9levage, salle de traite, salle de pr\u00e9paration culinaire, cuisine, \u00e9cole, h\u00f4pital, h\u00f4tel, restaurant, boucherie, boulangerie, mairie, salle de sport, artisan, station de lavage manuelle et automatique, piscine, syst\u00e8me air conditionn\u00e9&#8230; Maison : salon et mobilier de jardin, menuiserie, volet, persienne en bois, alu, pvc, store, portail, cl\u00f4ture, barbecue, plancha, [&hellip;]\" \/>\n<meta property=\"og:url\" content=\"https:\/\/nozama.pro\/index.php\/product\/nettoyant-ultra-universel-forte-concentration-bidon-5l\/\" \/>\n<meta property=\"og:site_name\" content=\"nozama\" \/>\n<meta property=\"article:modified_time\" content=\"2023-09-14T05:36:17+00:00\" \/>\n<meta property=\"og:image\" content=\"https:\/\/nozama.pro\/wp-content\/uploads\/2019\/09\/marcel-5l.jpg\" \/>\n\t<meta property=\"og:image:width\" content=\"600\" \/>\n\t<meta property=\"og:image:height\" content=\"600\" \/>\n\t<meta property=\"og:image:type\" content=\"image\/jpeg\" \/>\n<meta name=\"twitter:card\" content=\"summary_large_image\" \/>\n<meta name=\"twitter:label1\" content=\"Dur\u00e9e de lecture estim\u00e9e\" \/>\n\t<meta name=\"twitter:data1\" content=\"1 minute\" \/>\n<script type=\"application\/ld+json\" class=\"yoast-schema-graph\">{\"@context\":\"https:\/\/schema.org\",\"@graph\":[{\"@type\":\"WebPage\",\"@id\":\"https:\/\/nozama.pro\/index.php\/product\/nettoyant-ultra-universel-forte-concentration-bidon-5l\/\",\"url\":\"https:\/\/nozama.pro\/index.php\/product\/nettoyant-ultra-universel-forte-concentration-bidon-5l\/\",\"name\":\"NETTOYANT ULTRA UNIVERSEL FORTE CONCENTRATION - Bidon 5L - nozama\",\"isPartOf\":{\"@id\":\"https:\/\/nozama.pro\/#website\"},\"datePublished\":\"2019-09-24T18:44:43+00:00\",\"dateModified\":\"2023-09-14T05:36:17+00:00\",\"breadcrumb\":{\"@id\":\"https:\/\/nozama.pro\/index.php\/product\/nettoyant-ultra-universel-forte-concentration-bidon-5l\/#breadcrumb\"},\"inLanguage\":\"fr-FR\",\"potentialAction\":[{\"@type\":\"ReadAction\",\"target\":[\"https:\/\/nozama.pro\/index.php\/product\/nettoyant-ultra-universel-forte-concentration-bidon-5l\/\"]}]},{\"@type\":\"BreadcrumbList\",\"@id\":\"https:\/\/nozama.pro\/index.php\/product\/nettoyant-ultra-universel-forte-concentration-bidon-5l\/#breadcrumb\",\"itemListElement\":[{\"@type\":\"ListItem\",\"position\":1,\"name\":\"Accueil\",\"item\":\"https:\/\/nozama.pro\/\"},{\"@type\":\"ListItem\",\"position\":2,\"name\":\"Cat\u00e9gories\",\"item\":\"https:\/\/nozama.pro\/index.php\/categories\/\"},{\"@type\":\"ListItem\",\"position\":3,\"name\":\"NETTOYANT ULTRA UNIVERSEL FORTE CONCENTRATION &#8211; Bidon 5L\"}]},{\"@type\":\"WebSite\",\"@id\":\"https:\/\/nozama.pro\/#website\",\"url\":\"https:\/\/nozama.pro\/\",\"name\":\"nozama\",\"description\":\"Les solutions du quotidien\",\"potentialAction\":[{\"@type\":\"SearchAction\",\"target\":{\"@type\":\"EntryPoint\",\"urlTemplate\":\"https:\/\/nozama.pro\/?s={search_term_string}\"},\"query-input\":\"required name=search_term_string\"}],\"inLanguage\":\"fr-FR\"}]}<\/script>\n<!-- \/ Yoast SEO plugin. -->","yoast_head_json":{"title":"NETTOYANT ULTRA UNIVERSEL FORTE CONCENTRATION - Bidon 5L - nozama","robots":{"index":"index","follow":"follow","max-snippet":"max-snippet:-1","max-image-preview":"max-image-preview:large","max-video-preview":"max-video-preview:-1"},"canonical":"https:\/\/nozama.pro\/index.php\/product\/nettoyant-ultra-universel-forte-concentration-bidon-5l\/","og_locale":"fr_FR","og_type":"article","og_title":"NETTOYANT ULTRA UNIVERSEL FORTE CONCENTRATION - Bidon 5L - nozama","og_description":"[vc_row][vc_column][vc_column_text] UTILISATION Mat\u00e9riel : vinicole, viticole, \u00e9levage, salle de traite, salle de pr\u00e9paration culinaire, cuisine, \u00e9cole, h\u00f4pital, h\u00f4tel, restaurant, boucherie, boulangerie, mairie, salle de sport, artisan, station de lavage manuelle et automatique, piscine, syst\u00e8me air conditionn\u00e9&#8230; Maison : salon et mobilier de jardin, menuiserie, volet, persienne en bois, alu, pvc, store, portail, cl\u00f4ture, barbecue, plancha, [&hellip;]","og_url":"https:\/\/nozama.pro\/index.php\/product\/nettoyant-ultra-universel-forte-concentration-bidon-5l\/","og_site_name":"nozama","article_modified_time":"2023-09-14T05:36:17+00:00","og_image":[{"width":600,"height":600,"url":"https:\/\/nozama.pro\/wp-content\/uploads\/2019\/09\/marcel-5l.jpg","type":"image\/jpeg"}],"twitter_card":"summary_large_image","twitter_misc":{"Dur\u00e9e de lecture estim\u00e9e":"1 minute"},"schema":{"@context":"https:\/\/schema.org","@graph":[{"@type":"WebPage","@id":"https:\/\/nozama.pro\/index.php\/product\/nettoyant-ultra-universel-forte-concentration-bidon-5l\/","url":"https:\/\/nozama.pro\/index.php\/product\/nettoyant-ultra-universel-forte-concentration-bidon-5l\/","name":"NETTOYANT ULTRA UNIVERSEL FORTE CONCENTRATION - Bidon 5L - nozama","isPartOf":{"@id":"https:\/\/nozama.pro\/#website"},"datePublished":"2019-09-24T18:44:43+00:00","dateModified":"2023-09-14T05:36:17+00:00","breadcrumb":{"@id":"https:\/\/nozama.pro\/index.php\/product\/nettoyant-ultra-universel-forte-concentration-bidon-5l\/#breadcrumb"},"inLanguage":"fr-FR","potentialAction":[{"@type":"ReadAction","target":["https:\/\/nozama.pro\/index.php\/product\/nettoyant-ultra-universel-forte-concentration-bidon-5l\/"]}]},{"@type":"BreadcrumbList","@id":"https:\/\/nozama.pro\/index.php\/product\/nettoyant-ultra-universel-forte-concentration-bidon-5l\/#breadcrumb","itemListElement":[{"@type":"ListItem","position":1,"name":"Accueil","item":"https:\/\/nozama.pro\/"},{"@type":"ListItem","position":2,"name":"Cat\u00e9gories","item":"https:\/\/nozama.pro\/index.php\/categories\/"},{"@type":"ListItem","position":3,"name":"NETTOYANT ULTRA UNIVERSEL FORTE CONCENTRATION &#8211; Bidon 5L"}]},{"@type":"WebSite","@id":"https:\/\/nozama.pro\/#website","url":"https:\/\/nozama.pro\/","name":"nozama","description":"Les solutions du quotidien","potentialAction":[{"@type":"SearchAction","target":{"@type":"EntryPoint","urlTemplate":"https:\/\/nozama.pro\/?s={search_term_string}"},"query-input":"required name=search_term_string"}],"inLanguage":"fr-FR"}]}},"_links":{"self":[{"href":"https:\/\/nozama.pro\/index.php\/wp-json\/wp\/v3\/product\/3014"}],"collection":[{"href":"https:\/\/nozama.pro\/index.php\/wp-json\/wp\/v3\/product"}],"about":[{"href":"https:\/\/nozama.pro\/index.php\/wp-json\/wp\/v2\/types\/product"}],"replies":[{"embeddable":true,"href":"https:\/\/nozama.pro\/index.php\/wp-json\/wp\/v2\/comments?post=3014"}],"wp:featuredmedia":[{"embeddable":true,"href":"https:\/\/nozama.pro\/index.php\/wp-json\/wp\/v2\/media\/3010"}],"wp:attachment":[{"href":"https:\/\/nozama.pro\/index.php\/wp-json\/wp\/v2\/media?parent=3014"}],"wp:term":[{"taxonomy":"product_cat","embeddable":true,"href":"https:\/\/nozama.pro\/index.php\/wp-json\/wp\/v2\/product_cat?post=3014"},{"taxonomy":"product_tag","embeddable":true,"href":"https:\/\/nozama.pro\/index.php\/wp-json\/wp\/v2\/product_tag?post=3014"}],"curies":[{"name":"wp","href":"https:\/\/api.w.org\/{rel}","templated":true}]}}