{"id":3037,"date":"2019-09-24T21:13:24","date_gmt":"2019-09-24T19:13:24","guid":{"rendered":"https:\/\/nozama.pro\/?post_type=product&#038;p=3037"},"modified":"2026-04-02T14:54:53","modified_gmt":"2026-04-02T12:54:53","slug":"gel-nettoyant-sans-solvant-javel","status":"publish","type":"product","link":"https:\/\/nozama.pro\/index.php\/product\/gel-nettoyant-sans-solvant-javel\/","title":{"rendered":"GEL NETTOYANT SANS SOLVANT  JAVEL &#8211; 1L"},"content":{"rendered":"<p>[vc_row][vc_column][vc_column_text]Gel liquide \u00e9pais pour une adh\u00e9rence maximale sur parois verticales.Utilisable en nettoyage<br \/>\nintensif ou p\u00e9riodique. Elimine le tartre, les algues, les salissures diverses et pr\u00e9serve de l\u2019apparition du calcaire.<\/p>\n<p>Pr\u00eat \u00e0 l\u2019emploi, r\u00e9sultat imm\u00e9diat.<\/p>\n<p>Apr\u00e8s utilisation, les liners et les rev\u00eatements retrouvent leur aspect d\u2019origine.[\/vc_column_text][\/vc_column][\/vc_row][vc_row css=&#8221;.vc_custom_1569146561550{padding-top: 50px !important;}&#8221;][vc_column width=&#8221;1\/3&#8243;][vc_single_image image=&#8221;2939&#8243; alignment=&#8221;center&#8221;][vc_btn title=&#8221;Voir la fiche conseil&#8221; color=&#8221;vista-blue&#8221; align=&#8221;center&#8221; css_animation=&#8221;none&#8221; link=&#8221;url:https%3A%2F%2Fnozama.pro%2Fwp-content%2Fuploads%2F2019%2F09%2Fordax-fc-gel-nettoyant.pdf|||&#8221;][\/vc_column][\/vc_row][vc_row][vc_column][\/vc_column][\/vc_row]<\/p>\n","protected":false},"excerpt":{"rendered":"<p>[vc_row][vc_column][vc_column_text]Gel liquide \u00e9pais pour une adh\u00e9rence maximale sur parois verticales.Utilisable en nettoyage intensif ou p\u00e9riodique. Elimine le tartre, les algues, les salissures diverses et pr\u00e9serve de l\u2019apparition du calcaire. Pr\u00eat \u00e0 l\u2019emploi, r\u00e9sultat imm\u00e9diat. Apr\u00e8s utilisation, les liners et les rev\u00eatements retrouvent leur aspect d\u2019origine.[\/vc_column_text][\/vc_column][\/vc_row][vc_row css=&#8221;.vc_custom_1569146561550{padding-top: 50px !important;}&#8221;][vc_column width=&#8221;1\/3&#8243;][vc_single_image image=&#8221;2939&#8243; alignment=&#8221;center&#8221;][vc_btn title=&#8221;Voir la fiche conseil&#8221; [&hellip;]<\/p>\n","protected":false},"featured_media":3033,"comment_status":"open","ping_status":"closed","template":"","meta":[],"product_cat":[106,125,113,118],"product_tag":[],"yoast_head":"<!-- This site is optimized with the Yoast SEO plugin v20.5 - https:\/\/yoast.com\/wordpress\/plugins\/seo\/ -->\n<title>GEL NETTOYANT SANS SOLVANT JAVEL - 1L - nozama<\/title>\n<meta name=\"robots\" content=\"index, follow, max-snippet:-1, max-image-preview:large, max-video-preview:-1\" \/>\n<link rel=\"canonical\" href=\"https:\/\/nozama.pro\/index.php\/product\/gel-nettoyant-sans-solvant-javel\/\" \/>\n<meta property=\"og:locale\" content=\"fr_FR\" \/>\n<meta property=\"og:type\" content=\"article\" \/>\n<meta property=\"og:title\" content=\"GEL NETTOYANT SANS SOLVANT JAVEL - 1L - nozama\" \/>\n<meta property=\"og:description\" content=\"[vc_row][vc_column][vc_column_text]Gel liquide \u00e9pais pour une adh\u00e9rence maximale sur parois verticales.Utilisable en nettoyage intensif ou p\u00e9riodique. Elimine le tartre, les algues, les salissures diverses et pr\u00e9serve de l\u2019apparition du calcaire. Pr\u00eat \u00e0 l\u2019emploi, r\u00e9sultat imm\u00e9diat. Apr\u00e8s utilisation, les liners et les rev\u00eatements retrouvent leur aspect d\u2019origine.[\/vc_column_text][\/vc_column][\/vc_row][vc_row css=&#8221;.vc_custom_1569146561550{padding-top: 50px !important;}&#8221;][vc_column width=&#8221;1\/3&#8243;][vc_single_image image=&#8221;2939&#8243; alignment=&#8221;center&#8221;][vc_btn title=&#8221;Voir la fiche conseil&#8221; [&hellip;]\" \/>\n<meta property=\"og:url\" content=\"https:\/\/nozama.pro\/index.php\/product\/gel-nettoyant-sans-solvant-javel\/\" \/>\n<meta property=\"og:site_name\" content=\"nozama\" \/>\n<meta property=\"article:modified_time\" content=\"2026-04-02T12:54:53+00:00\" \/>\n<meta property=\"og:image\" content=\"https:\/\/nozama.pro\/wp-content\/uploads\/2019\/09\/ordax-gel-nettoyant.jpg\" \/>\n\t<meta property=\"og:image:width\" content=\"600\" \/>\n\t<meta property=\"og:image:height\" content=\"600\" \/>\n\t<meta property=\"og:image:type\" content=\"image\/jpeg\" \/>\n<meta name=\"twitter:card\" content=\"summary_large_image\" \/>\n<meta name=\"twitter:label1\" content=\"Dur\u00e9e de lecture estim\u00e9e\" \/>\n\t<meta name=\"twitter:data1\" content=\"1 minute\" \/>\n<script type=\"application\/ld+json\" class=\"yoast-schema-graph\">{\"@context\":\"https:\/\/schema.org\",\"@graph\":[{\"@type\":\"WebPage\",\"@id\":\"https:\/\/nozama.pro\/index.php\/product\/gel-nettoyant-sans-solvant-javel\/\",\"url\":\"https:\/\/nozama.pro\/index.php\/product\/gel-nettoyant-sans-solvant-javel\/\",\"name\":\"GEL NETTOYANT SANS SOLVANT JAVEL - 1L - nozama\",\"isPartOf\":{\"@id\":\"https:\/\/nozama.pro\/#website\"},\"datePublished\":\"2019-09-24T19:13:24+00:00\",\"dateModified\":\"2026-04-02T12:54:53+00:00\",\"breadcrumb\":{\"@id\":\"https:\/\/nozama.pro\/index.php\/product\/gel-nettoyant-sans-solvant-javel\/#breadcrumb\"},\"inLanguage\":\"fr-FR\",\"potentialAction\":[{\"@type\":\"ReadAction\",\"target\":[\"https:\/\/nozama.pro\/index.php\/product\/gel-nettoyant-sans-solvant-javel\/\"]}]},{\"@type\":\"BreadcrumbList\",\"@id\":\"https:\/\/nozama.pro\/index.php\/product\/gel-nettoyant-sans-solvant-javel\/#breadcrumb\",\"itemListElement\":[{\"@type\":\"ListItem\",\"position\":1,\"name\":\"Accueil\",\"item\":\"https:\/\/nozama.pro\/\"},{\"@type\":\"ListItem\",\"position\":2,\"name\":\"Cat\u00e9gories\",\"item\":\"https:\/\/nozama.pro\/index.php\/categories\/\"},{\"@type\":\"ListItem\",\"position\":3,\"name\":\"GEL NETTOYANT SANS SOLVANT JAVEL &#8211; 1L\"}]},{\"@type\":\"WebSite\",\"@id\":\"https:\/\/nozama.pro\/#website\",\"url\":\"https:\/\/nozama.pro\/\",\"name\":\"nozama\",\"description\":\"Les solutions du quotidien\",\"potentialAction\":[{\"@type\":\"SearchAction\",\"target\":{\"@type\":\"EntryPoint\",\"urlTemplate\":\"https:\/\/nozama.pro\/?s={search_term_string}\"},\"query-input\":\"required name=search_term_string\"}],\"inLanguage\":\"fr-FR\"}]}<\/script>\n<!-- \/ Yoast SEO plugin. -->","yoast_head_json":{"title":"GEL NETTOYANT SANS SOLVANT JAVEL - 1L - nozama","robots":{"index":"index","follow":"follow","max-snippet":"max-snippet:-1","max-image-preview":"max-image-preview:large","max-video-preview":"max-video-preview:-1"},"canonical":"https:\/\/nozama.pro\/index.php\/product\/gel-nettoyant-sans-solvant-javel\/","og_locale":"fr_FR","og_type":"article","og_title":"GEL NETTOYANT SANS SOLVANT JAVEL - 1L - nozama","og_description":"[vc_row][vc_column][vc_column_text]Gel liquide \u00e9pais pour une adh\u00e9rence maximale sur parois verticales.Utilisable en nettoyage intensif ou p\u00e9riodique. Elimine le tartre, les algues, les salissures diverses et pr\u00e9serve de l\u2019apparition du calcaire. Pr\u00eat \u00e0 l\u2019emploi, r\u00e9sultat imm\u00e9diat. Apr\u00e8s utilisation, les liners et les rev\u00eatements retrouvent leur aspect d\u2019origine.[\/vc_column_text][\/vc_column][\/vc_row][vc_row css=&#8221;.vc_custom_1569146561550{padding-top: 50px !important;}&#8221;][vc_column width=&#8221;1\/3&#8243;][vc_single_image image=&#8221;2939&#8243; alignment=&#8221;center&#8221;][vc_btn title=&#8221;Voir la fiche conseil&#8221; [&hellip;]","og_url":"https:\/\/nozama.pro\/index.php\/product\/gel-nettoyant-sans-solvant-javel\/","og_site_name":"nozama","article_modified_time":"2026-04-02T12:54:53+00:00","og_image":[{"width":600,"height":600,"url":"https:\/\/nozama.pro\/wp-content\/uploads\/2019\/09\/ordax-gel-nettoyant.jpg","type":"image\/jpeg"}],"twitter_card":"summary_large_image","twitter_misc":{"Dur\u00e9e de lecture estim\u00e9e":"1 minute"},"schema":{"@context":"https:\/\/schema.org","@graph":[{"@type":"WebPage","@id":"https:\/\/nozama.pro\/index.php\/product\/gel-nettoyant-sans-solvant-javel\/","url":"https:\/\/nozama.pro\/index.php\/product\/gel-nettoyant-sans-solvant-javel\/","name":"GEL NETTOYANT SANS SOLVANT JAVEL - 1L - nozama","isPartOf":{"@id":"https:\/\/nozama.pro\/#website"},"datePublished":"2019-09-24T19:13:24+00:00","dateModified":"2026-04-02T12:54:53+00:00","breadcrumb":{"@id":"https:\/\/nozama.pro\/index.php\/product\/gel-nettoyant-sans-solvant-javel\/#breadcrumb"},"inLanguage":"fr-FR","potentialAction":[{"@type":"ReadAction","target":["https:\/\/nozama.pro\/index.php\/product\/gel-nettoyant-sans-solvant-javel\/"]}]},{"@type":"BreadcrumbList","@id":"https:\/\/nozama.pro\/index.php\/product\/gel-nettoyant-sans-solvant-javel\/#breadcrumb","itemListElement":[{"@type":"ListItem","position":1,"name":"Accueil","item":"https:\/\/nozama.pro\/"},{"@type":"ListItem","position":2,"name":"Cat\u00e9gories","item":"https:\/\/nozama.pro\/index.php\/categories\/"},{"@type":"ListItem","position":3,"name":"GEL NETTOYANT SANS SOLVANT JAVEL &#8211; 1L"}]},{"@type":"WebSite","@id":"https:\/\/nozama.pro\/#website","url":"https:\/\/nozama.pro\/","name":"nozama","description":"Les solutions du quotidien","potentialAction":[{"@type":"SearchAction","target":{"@type":"EntryPoint","urlTemplate":"https:\/\/nozama.pro\/?s={search_term_string}"},"query-input":"required name=search_term_string"}],"inLanguage":"fr-FR"}]}},"_links":{"self":[{"href":"https:\/\/nozama.pro\/index.php\/wp-json\/wp\/v3\/product\/3037"}],"collection":[{"href":"https:\/\/nozama.pro\/index.php\/wp-json\/wp\/v3\/product"}],"about":[{"href":"https:\/\/nozama.pro\/index.php\/wp-json\/wp\/v2\/types\/product"}],"replies":[{"embeddable":true,"href":"https:\/\/nozama.pro\/index.php\/wp-json\/wp\/v2\/comments?post=3037"}],"wp:featuredmedia":[{"embeddable":true,"href":"https:\/\/nozama.pro\/index.php\/wp-json\/wp\/v2\/media\/3033"}],"wp:attachment":[{"href":"https:\/\/nozama.pro\/index.php\/wp-json\/wp\/v2\/media?parent=3037"}],"wp:term":[{"taxonomy":"product_cat","embeddable":true,"href":"https:\/\/nozama.pro\/index.php\/wp-json\/wp\/v2\/product_cat?post=3037"},{"taxonomy":"product_tag","embeddable":true,"href":"https:\/\/nozama.pro\/index.php\/wp-json\/wp\/v2\/product_tag?post=3037"}],"curies":[{"name":"wp","href":"https:\/\/api.w.org\/{rel}","templated":true}]}}