{"id":3059,"date":"2019-09-25T05:29:09","date_gmt":"2019-09-25T03:29:09","guid":{"rendered":"https:\/\/nozama.pro\/?post_type=product&#038;p=3059"},"modified":"2026-04-26T07:14:37","modified_gmt":"2026-04-26T05:14:37","slug":"canon-net-degraissant-avant-bronzage-250ml","status":"publish","type":"product","link":"https:\/\/nozama.pro\/index.php\/product\/canon-net-degraissant-avant-bronzage-250ml\/","title":{"rendered":"CANON NET DEGRAISSANT AVANT BRONZAGE &#8211; 250ml"},"content":{"rendered":"<p>[vc_row][vc_column][vc_column_text]Nettoyant complet avant bronzage ou huilage.<\/p>\n<p>D\u00e9sincruste, dissout, d\u00e9graisse et nettoie \u00e0 neuf sans effort l\u2019ensemble des parties m\u00e9talliques et autres surfaces de l\u2019arme.<\/p>\n<p>\u00c9limine toutes les impuret\u00e9s et dissout efficacement les graisses de plomb.<\/p>\n<p>Pr\u00eat \u00e0 l\u2019emploi, sans odeur.[\/vc_column_text][\/vc_column][\/vc_row][vc_row css=&#8221;.vc_custom_1569146561550{padding-top: 50px !important;}&#8221;][vc_column width=&#8221;1\/3&#8243;][vc_single_image image=&#8221;2939&#8243; alignment=&#8221;center&#8221;][vc_btn title=&#8221;Voir la fiche conseil&#8221; color=&#8221;vista-blue&#8221; align=&#8221;center&#8221; css_animation=&#8221;none&#8221; link=&#8221;url:https%3A%2F%2Fnozama.pro%2Fwp-content%2Fuploads%2F2023%2F10%2FFC-CANON-net-2023.pdf&#8221;][\/vc_column][vc_column width=&#8221;1\/3&#8243;][vc_single_image image=&#8221;2940&#8243; alignment=&#8221;center&#8221;][vc_btn title=&#8221;Voir la fiche s\u00e9curit\u00e9&#8221; color=&#8221;vista-blue&#8221; align=&#8221;center&#8221; css_animation=&#8221;none&#8221; link=&#8221;url:https%3A%2F%2Fnozama.pro%2Fwp-content%2Fuploads%2F2019%2F09%2FFS-CANON-Net.pdf|||&#8221;][\/vc_column][vc_column width=&#8221;1\/3&#8243;][\/vc_column][\/vc_row]<\/p>\n","protected":false},"excerpt":{"rendered":"<p>[vc_row][vc_column][vc_column_text]Nettoyant complet avant bronzage ou huilage. D\u00e9sincruste, dissout, d\u00e9graisse et nettoie \u00e0 neuf sans effort l\u2019ensemble des parties m\u00e9talliques et autres surfaces de l\u2019arme. \u00c9limine toutes les impuret\u00e9s et dissout efficacement les graisses de plomb. Pr\u00eat \u00e0 l\u2019emploi, sans odeur.[\/vc_column_text][\/vc_column][\/vc_row][vc_row css=&#8221;.vc_custom_1569146561550{padding-top: 50px !important;}&#8221;][vc_column width=&#8221;1\/3&#8243;][vc_single_image image=&#8221;2939&#8243; alignment=&#8221;center&#8221;][vc_btn title=&#8221;Voir la fiche conseil&#8221; color=&#8221;vista-blue&#8221; align=&#8221;center&#8221; css_animation=&#8221;none&#8221; link=&#8221;url:https%3A%2F%2Fnozama.pro%2Fwp-content%2Fuploads%2F2023%2F10%2FFC-CANON-net-2023.pdf&#8221;][\/vc_column][vc_column width=&#8221;1\/3&#8243;][vc_single_image [&hellip;]<\/p>\n","protected":false},"featured_media":53230,"comment_status":"open","ping_status":"closed","template":"","meta":[],"product_cat":[109,119],"product_tag":[],"yoast_head":"<!-- This site is optimized with the Yoast SEO plugin v20.5 - https:\/\/yoast.com\/wordpress\/plugins\/seo\/ -->\n<title>CANON NET DEGRAISSANT AVANT BRONZAGE - 250ml - nozama<\/title>\n<meta name=\"robots\" content=\"index, follow, max-snippet:-1, max-image-preview:large, max-video-preview:-1\" \/>\n<link rel=\"canonical\" href=\"https:\/\/nozama.pro\/index.php\/product\/canon-net-degraissant-avant-bronzage-250ml\/\" \/>\n<meta property=\"og:locale\" content=\"fr_FR\" \/>\n<meta property=\"og:type\" content=\"article\" \/>\n<meta property=\"og:title\" content=\"CANON NET DEGRAISSANT AVANT BRONZAGE - 250ml - nozama\" \/>\n<meta property=\"og:description\" content=\"[vc_row][vc_column][vc_column_text]Nettoyant complet avant bronzage ou huilage. D\u00e9sincruste, dissout, d\u00e9graisse et nettoie \u00e0 neuf sans effort l\u2019ensemble des parties m\u00e9talliques et autres surfaces de l\u2019arme. \u00c9limine toutes les impuret\u00e9s et dissout efficacement les graisses de plomb. Pr\u00eat \u00e0 l\u2019emploi, sans odeur.[\/vc_column_text][\/vc_column][\/vc_row][vc_row css=&#8221;.vc_custom_1569146561550{padding-top: 50px !important;}&#8221;][vc_column width=&#8221;1\/3&#8243;][vc_single_image image=&#8221;2939&#8243; alignment=&#8221;center&#8221;][vc_btn title=&#8221;Voir la fiche conseil&#8221; color=&#8221;vista-blue&#8221; align=&#8221;center&#8221; css_animation=&#8221;none&#8221; link=&#8221;url:https%3A%2F%2Fnozama.pro%2Fwp-content%2Fuploads%2F2023%2F10%2FFC-CANON-net-2023.pdf&#8221;][\/vc_column][vc_column width=&#8221;1\/3&#8243;][vc_single_image [&hellip;]\" \/>\n<meta property=\"og:url\" content=\"https:\/\/nozama.pro\/index.php\/product\/canon-net-degraissant-avant-bronzage-250ml\/\" \/>\n<meta property=\"og:site_name\" content=\"nozama\" \/>\n<meta property=\"article:modified_time\" content=\"2026-04-26T05:14:37+00:00\" \/>\n<meta property=\"og:image\" content=\"https:\/\/nozama.pro\/wp-content\/uploads\/2019\/09\/canon-net2023.jpg\" \/>\n\t<meta property=\"og:image:width\" content=\"600\" \/>\n\t<meta property=\"og:image:height\" content=\"600\" \/>\n\t<meta property=\"og:image:type\" content=\"image\/jpeg\" \/>\n<meta name=\"twitter:card\" content=\"summary_large_image\" \/>\n<meta name=\"twitter:label1\" content=\"Dur\u00e9e de lecture estim\u00e9e\" \/>\n\t<meta name=\"twitter:data1\" content=\"1 minute\" \/>\n<script type=\"application\/ld+json\" class=\"yoast-schema-graph\">{\"@context\":\"https:\/\/schema.org\",\"@graph\":[{\"@type\":\"WebPage\",\"@id\":\"https:\/\/nozama.pro\/index.php\/product\/canon-net-degraissant-avant-bronzage-250ml\/\",\"url\":\"https:\/\/nozama.pro\/index.php\/product\/canon-net-degraissant-avant-bronzage-250ml\/\",\"name\":\"CANON NET DEGRAISSANT AVANT BRONZAGE - 250ml - nozama\",\"isPartOf\":{\"@id\":\"https:\/\/nozama.pro\/#website\"},\"datePublished\":\"2019-09-25T03:29:09+00:00\",\"dateModified\":\"2026-04-26T05:14:37+00:00\",\"breadcrumb\":{\"@id\":\"https:\/\/nozama.pro\/index.php\/product\/canon-net-degraissant-avant-bronzage-250ml\/#breadcrumb\"},\"inLanguage\":\"fr-FR\",\"potentialAction\":[{\"@type\":\"ReadAction\",\"target\":[\"https:\/\/nozama.pro\/index.php\/product\/canon-net-degraissant-avant-bronzage-250ml\/\"]}]},{\"@type\":\"BreadcrumbList\",\"@id\":\"https:\/\/nozama.pro\/index.php\/product\/canon-net-degraissant-avant-bronzage-250ml\/#breadcrumb\",\"itemListElement\":[{\"@type\":\"ListItem\",\"position\":1,\"name\":\"Accueil\",\"item\":\"https:\/\/nozama.pro\/\"},{\"@type\":\"ListItem\",\"position\":2,\"name\":\"Cat\u00e9gories\",\"item\":\"https:\/\/nozama.pro\/index.php\/categories\/\"},{\"@type\":\"ListItem\",\"position\":3,\"name\":\"CANON NET DEGRAISSANT AVANT BRONZAGE &#8211; 250ml\"}]},{\"@type\":\"WebSite\",\"@id\":\"https:\/\/nozama.pro\/#website\",\"url\":\"https:\/\/nozama.pro\/\",\"name\":\"nozama\",\"description\":\"Les solutions du quotidien\",\"potentialAction\":[{\"@type\":\"SearchAction\",\"target\":{\"@type\":\"EntryPoint\",\"urlTemplate\":\"https:\/\/nozama.pro\/?s={search_term_string}\"},\"query-input\":\"required name=search_term_string\"}],\"inLanguage\":\"fr-FR\"}]}<\/script>\n<!-- \/ Yoast SEO plugin. -->","yoast_head_json":{"title":"CANON NET DEGRAISSANT AVANT BRONZAGE - 250ml - nozama","robots":{"index":"index","follow":"follow","max-snippet":"max-snippet:-1","max-image-preview":"max-image-preview:large","max-video-preview":"max-video-preview:-1"},"canonical":"https:\/\/nozama.pro\/index.php\/product\/canon-net-degraissant-avant-bronzage-250ml\/","og_locale":"fr_FR","og_type":"article","og_title":"CANON NET DEGRAISSANT AVANT BRONZAGE - 250ml - nozama","og_description":"[vc_row][vc_column][vc_column_text]Nettoyant complet avant bronzage ou huilage. D\u00e9sincruste, dissout, d\u00e9graisse et nettoie \u00e0 neuf sans effort l\u2019ensemble des parties m\u00e9talliques et autres surfaces de l\u2019arme. \u00c9limine toutes les impuret\u00e9s et dissout efficacement les graisses de plomb. Pr\u00eat \u00e0 l\u2019emploi, sans odeur.[\/vc_column_text][\/vc_column][\/vc_row][vc_row css=&#8221;.vc_custom_1569146561550{padding-top: 50px !important;}&#8221;][vc_column width=&#8221;1\/3&#8243;][vc_single_image image=&#8221;2939&#8243; alignment=&#8221;center&#8221;][vc_btn title=&#8221;Voir la fiche conseil&#8221; color=&#8221;vista-blue&#8221; align=&#8221;center&#8221; css_animation=&#8221;none&#8221; link=&#8221;url:https%3A%2F%2Fnozama.pro%2Fwp-content%2Fuploads%2F2023%2F10%2FFC-CANON-net-2023.pdf&#8221;][\/vc_column][vc_column width=&#8221;1\/3&#8243;][vc_single_image [&hellip;]","og_url":"https:\/\/nozama.pro\/index.php\/product\/canon-net-degraissant-avant-bronzage-250ml\/","og_site_name":"nozama","article_modified_time":"2026-04-26T05:14:37+00:00","og_image":[{"width":600,"height":600,"url":"https:\/\/nozama.pro\/wp-content\/uploads\/2019\/09\/canon-net2023.jpg","type":"image\/jpeg"}],"twitter_card":"summary_large_image","twitter_misc":{"Dur\u00e9e de lecture estim\u00e9e":"1 minute"},"schema":{"@context":"https:\/\/schema.org","@graph":[{"@type":"WebPage","@id":"https:\/\/nozama.pro\/index.php\/product\/canon-net-degraissant-avant-bronzage-250ml\/","url":"https:\/\/nozama.pro\/index.php\/product\/canon-net-degraissant-avant-bronzage-250ml\/","name":"CANON NET DEGRAISSANT AVANT BRONZAGE - 250ml - nozama","isPartOf":{"@id":"https:\/\/nozama.pro\/#website"},"datePublished":"2019-09-25T03:29:09+00:00","dateModified":"2026-04-26T05:14:37+00:00","breadcrumb":{"@id":"https:\/\/nozama.pro\/index.php\/product\/canon-net-degraissant-avant-bronzage-250ml\/#breadcrumb"},"inLanguage":"fr-FR","potentialAction":[{"@type":"ReadAction","target":["https:\/\/nozama.pro\/index.php\/product\/canon-net-degraissant-avant-bronzage-250ml\/"]}]},{"@type":"BreadcrumbList","@id":"https:\/\/nozama.pro\/index.php\/product\/canon-net-degraissant-avant-bronzage-250ml\/#breadcrumb","itemListElement":[{"@type":"ListItem","position":1,"name":"Accueil","item":"https:\/\/nozama.pro\/"},{"@type":"ListItem","position":2,"name":"Cat\u00e9gories","item":"https:\/\/nozama.pro\/index.php\/categories\/"},{"@type":"ListItem","position":3,"name":"CANON NET DEGRAISSANT AVANT BRONZAGE &#8211; 250ml"}]},{"@type":"WebSite","@id":"https:\/\/nozama.pro\/#website","url":"https:\/\/nozama.pro\/","name":"nozama","description":"Les solutions du quotidien","potentialAction":[{"@type":"SearchAction","target":{"@type":"EntryPoint","urlTemplate":"https:\/\/nozama.pro\/?s={search_term_string}"},"query-input":"required name=search_term_string"}],"inLanguage":"fr-FR"}]}},"_links":{"self":[{"href":"https:\/\/nozama.pro\/index.php\/wp-json\/wp\/v3\/product\/3059"}],"collection":[{"href":"https:\/\/nozama.pro\/index.php\/wp-json\/wp\/v3\/product"}],"about":[{"href":"https:\/\/nozama.pro\/index.php\/wp-json\/wp\/v2\/types\/product"}],"replies":[{"embeddable":true,"href":"https:\/\/nozama.pro\/index.php\/wp-json\/wp\/v2\/comments?post=3059"}],"wp:featuredmedia":[{"embeddable":true,"href":"https:\/\/nozama.pro\/index.php\/wp-json\/wp\/v2\/media\/53230"}],"wp:attachment":[{"href":"https:\/\/nozama.pro\/index.php\/wp-json\/wp\/v2\/media?parent=3059"}],"wp:term":[{"taxonomy":"product_cat","embeddable":true,"href":"https:\/\/nozama.pro\/index.php\/wp-json\/wp\/v2\/product_cat?post=3059"},{"taxonomy":"product_tag","embeddable":true,"href":"https:\/\/nozama.pro\/index.php\/wp-json\/wp\/v2\/product_tag?post=3059"}],"curies":[{"name":"wp","href":"https:\/\/api.w.org\/{rel}","templated":true}]}}