{"id":3074,"date":"2019-09-25T05:43:09","date_gmt":"2019-09-25T03:43:09","guid":{"rendered":"https:\/\/nozama.pro\/?post_type=product&#038;p=3074"},"modified":"2026-03-21T18:31:04","modified_gmt":"2026-03-21T17:31:04","slug":"canon-lub-degrippant-lubrifiant-anti-rouille-et-hydro","status":"publish","type":"product","link":"https:\/\/nozama.pro\/index.php\/product\/canon-lub-degrippant-lubrifiant-anti-rouille-et-hydro\/","title":{"rendered":"CANON LUB DEGRIPPANT LUBRIFIANT ANTI ROUILLE ET HYDRO"},"content":{"rendered":"<p>[vc_row][vc_column][vc_column_text]D\u00e9grippant, nettoyant, antirouille, lubrifiant et protection hydrofuge longue dur\u00e9e.<\/p>\n<p>D\u00e9grippe et lubrifie instantan\u00e9ment tous les m\u00e9canismes et assure apr\u00e8s traitement la nettet\u00e9 et la pr\u00e9cision de vos armes.<\/p>\n<p>Chasse l\u2019humidit\u00e9, desserre, dissout la salet\u00e9 et supprime les grincements.<\/p>\n<p>S\u2019utilise \u00e9galement sur l\u2019ensemble des pi\u00e8ces m\u00e9talliques ou de collections que l\u2019on souhaite pr\u00e9server, notamment lors d\u2019un stockage prolong\u00e9 ou hivernal.<\/p>\n<p>Pr\u00eat \u00e0 l\u2019emploi, action imm\u00e9diate et longue dur\u00e9e.[\/vc_column_text][\/vc_column][\/vc_row][vc_row css=&#8221;.vc_custom_1569146561550{padding-top: 50px !important;}&#8221;][vc_column width=&#8221;1\/3&#8243;][vc_single_image image=&#8221;2939&#8243; alignment=&#8221;center&#8221;][vc_btn title=&#8221;Voir la fiche conseil&#8221; color=&#8221;vista-blue&#8221; align=&#8221;center&#8221; css_animation=&#8221;none&#8221; link=&#8221;url:https%3A%2F%2Fnozama.pro%2Fwp-content%2Fuploads%2F2023%2F10%2FFC-CANON-lub-2023.pdf&#8221;][\/vc_column][vc_column width=&#8221;1\/3&#8243;][\/vc_column][\/vc_row]<\/p>\n","protected":false},"excerpt":{"rendered":"<p>[vc_row][vc_column][vc_column_text]D\u00e9grippant, nettoyant, antirouille, lubrifiant et protection hydrofuge longue dur\u00e9e. D\u00e9grippe et lubrifie instantan\u00e9ment tous les m\u00e9canismes et assure apr\u00e8s traitement la nettet\u00e9 et la pr\u00e9cision de vos armes. Chasse l\u2019humidit\u00e9, desserre, dissout la salet\u00e9 et supprime les grincements. S\u2019utilise \u00e9galement sur l\u2019ensemble des pi\u00e8ces m\u00e9talliques ou de collections que l\u2019on souhaite pr\u00e9server, notamment lors d\u2019un [&hellip;]<\/p>\n","protected":false},"featured_media":53229,"comment_status":"open","ping_status":"closed","template":"","meta":[],"product_cat":[109,119],"product_tag":[],"yoast_head":"<!-- This site is optimized with the Yoast SEO plugin v20.5 - https:\/\/yoast.com\/wordpress\/plugins\/seo\/ -->\n<title>CANON LUB DEGRIPPANT LUBRIFIANT ANTI ROUILLE ET HYDRO - nozama<\/title>\n<meta name=\"robots\" content=\"index, follow, max-snippet:-1, max-image-preview:large, max-video-preview:-1\" \/>\n<link rel=\"canonical\" href=\"https:\/\/nozama.pro\/index.php\/product\/canon-lub-degrippant-lubrifiant-anti-rouille-et-hydro\/\" \/>\n<meta property=\"og:locale\" content=\"fr_FR\" \/>\n<meta property=\"og:type\" content=\"article\" \/>\n<meta property=\"og:title\" content=\"CANON LUB DEGRIPPANT LUBRIFIANT ANTI ROUILLE ET HYDRO - nozama\" \/>\n<meta property=\"og:description\" content=\"[vc_row][vc_column][vc_column_text]D\u00e9grippant, nettoyant, antirouille, lubrifiant et protection hydrofuge longue dur\u00e9e. D\u00e9grippe et lubrifie instantan\u00e9ment tous les m\u00e9canismes et assure apr\u00e8s traitement la nettet\u00e9 et la pr\u00e9cision de vos armes. Chasse l\u2019humidit\u00e9, desserre, dissout la salet\u00e9 et supprime les grincements. S\u2019utilise \u00e9galement sur l\u2019ensemble des pi\u00e8ces m\u00e9talliques ou de collections que l\u2019on souhaite pr\u00e9server, notamment lors d\u2019un [&hellip;]\" \/>\n<meta property=\"og:url\" content=\"https:\/\/nozama.pro\/index.php\/product\/canon-lub-degrippant-lubrifiant-anti-rouille-et-hydro\/\" \/>\n<meta property=\"og:site_name\" content=\"nozama\" \/>\n<meta property=\"article:modified_time\" content=\"2026-03-21T17:31:04+00:00\" \/>\n<meta property=\"og:image\" content=\"https:\/\/nozama.pro\/wp-content\/uploads\/2019\/09\/canon-lub2023.jpg\" \/>\n\t<meta property=\"og:image:width\" content=\"600\" \/>\n\t<meta property=\"og:image:height\" content=\"600\" \/>\n\t<meta property=\"og:image:type\" content=\"image\/jpeg\" \/>\n<meta name=\"twitter:card\" content=\"summary_large_image\" \/>\n<meta name=\"twitter:label1\" content=\"Dur\u00e9e de lecture estim\u00e9e\" \/>\n\t<meta name=\"twitter:data1\" content=\"1 minute\" \/>\n<script type=\"application\/ld+json\" class=\"yoast-schema-graph\">{\"@context\":\"https:\/\/schema.org\",\"@graph\":[{\"@type\":\"WebPage\",\"@id\":\"https:\/\/nozama.pro\/index.php\/product\/canon-lub-degrippant-lubrifiant-anti-rouille-et-hydro\/\",\"url\":\"https:\/\/nozama.pro\/index.php\/product\/canon-lub-degrippant-lubrifiant-anti-rouille-et-hydro\/\",\"name\":\"CANON LUB DEGRIPPANT LUBRIFIANT ANTI ROUILLE ET HYDRO - nozama\",\"isPartOf\":{\"@id\":\"https:\/\/nozama.pro\/#website\"},\"datePublished\":\"2019-09-25T03:43:09+00:00\",\"dateModified\":\"2026-03-21T17:31:04+00:00\",\"breadcrumb\":{\"@id\":\"https:\/\/nozama.pro\/index.php\/product\/canon-lub-degrippant-lubrifiant-anti-rouille-et-hydro\/#breadcrumb\"},\"inLanguage\":\"fr-FR\",\"potentialAction\":[{\"@type\":\"ReadAction\",\"target\":[\"https:\/\/nozama.pro\/index.php\/product\/canon-lub-degrippant-lubrifiant-anti-rouille-et-hydro\/\"]}]},{\"@type\":\"BreadcrumbList\",\"@id\":\"https:\/\/nozama.pro\/index.php\/product\/canon-lub-degrippant-lubrifiant-anti-rouille-et-hydro\/#breadcrumb\",\"itemListElement\":[{\"@type\":\"ListItem\",\"position\":1,\"name\":\"Accueil\",\"item\":\"https:\/\/nozama.pro\/\"},{\"@type\":\"ListItem\",\"position\":2,\"name\":\"Cat\u00e9gories\",\"item\":\"https:\/\/nozama.pro\/index.php\/categories\/\"},{\"@type\":\"ListItem\",\"position\":3,\"name\":\"CANON LUB DEGRIPPANT LUBRIFIANT ANTI ROUILLE ET HYDRO\"}]},{\"@type\":\"WebSite\",\"@id\":\"https:\/\/nozama.pro\/#website\",\"url\":\"https:\/\/nozama.pro\/\",\"name\":\"nozama\",\"description\":\"Les solutions du quotidien\",\"potentialAction\":[{\"@type\":\"SearchAction\",\"target\":{\"@type\":\"EntryPoint\",\"urlTemplate\":\"https:\/\/nozama.pro\/?s={search_term_string}\"},\"query-input\":\"required name=search_term_string\"}],\"inLanguage\":\"fr-FR\"}]}<\/script>\n<!-- \/ Yoast SEO plugin. -->","yoast_head_json":{"title":"CANON LUB DEGRIPPANT LUBRIFIANT ANTI ROUILLE ET HYDRO - nozama","robots":{"index":"index","follow":"follow","max-snippet":"max-snippet:-1","max-image-preview":"max-image-preview:large","max-video-preview":"max-video-preview:-1"},"canonical":"https:\/\/nozama.pro\/index.php\/product\/canon-lub-degrippant-lubrifiant-anti-rouille-et-hydro\/","og_locale":"fr_FR","og_type":"article","og_title":"CANON LUB DEGRIPPANT LUBRIFIANT ANTI ROUILLE ET HYDRO - nozama","og_description":"[vc_row][vc_column][vc_column_text]D\u00e9grippant, nettoyant, antirouille, lubrifiant et protection hydrofuge longue dur\u00e9e. D\u00e9grippe et lubrifie instantan\u00e9ment tous les m\u00e9canismes et assure apr\u00e8s traitement la nettet\u00e9 et la pr\u00e9cision de vos armes. Chasse l\u2019humidit\u00e9, desserre, dissout la salet\u00e9 et supprime les grincements. S\u2019utilise \u00e9galement sur l\u2019ensemble des pi\u00e8ces m\u00e9talliques ou de collections que l\u2019on souhaite pr\u00e9server, notamment lors d\u2019un [&hellip;]","og_url":"https:\/\/nozama.pro\/index.php\/product\/canon-lub-degrippant-lubrifiant-anti-rouille-et-hydro\/","og_site_name":"nozama","article_modified_time":"2026-03-21T17:31:04+00:00","og_image":[{"width":600,"height":600,"url":"https:\/\/nozama.pro\/wp-content\/uploads\/2019\/09\/canon-lub2023.jpg","type":"image\/jpeg"}],"twitter_card":"summary_large_image","twitter_misc":{"Dur\u00e9e de lecture estim\u00e9e":"1 minute"},"schema":{"@context":"https:\/\/schema.org","@graph":[{"@type":"WebPage","@id":"https:\/\/nozama.pro\/index.php\/product\/canon-lub-degrippant-lubrifiant-anti-rouille-et-hydro\/","url":"https:\/\/nozama.pro\/index.php\/product\/canon-lub-degrippant-lubrifiant-anti-rouille-et-hydro\/","name":"CANON LUB DEGRIPPANT LUBRIFIANT ANTI ROUILLE ET HYDRO - nozama","isPartOf":{"@id":"https:\/\/nozama.pro\/#website"},"datePublished":"2019-09-25T03:43:09+00:00","dateModified":"2026-03-21T17:31:04+00:00","breadcrumb":{"@id":"https:\/\/nozama.pro\/index.php\/product\/canon-lub-degrippant-lubrifiant-anti-rouille-et-hydro\/#breadcrumb"},"inLanguage":"fr-FR","potentialAction":[{"@type":"ReadAction","target":["https:\/\/nozama.pro\/index.php\/product\/canon-lub-degrippant-lubrifiant-anti-rouille-et-hydro\/"]}]},{"@type":"BreadcrumbList","@id":"https:\/\/nozama.pro\/index.php\/product\/canon-lub-degrippant-lubrifiant-anti-rouille-et-hydro\/#breadcrumb","itemListElement":[{"@type":"ListItem","position":1,"name":"Accueil","item":"https:\/\/nozama.pro\/"},{"@type":"ListItem","position":2,"name":"Cat\u00e9gories","item":"https:\/\/nozama.pro\/index.php\/categories\/"},{"@type":"ListItem","position":3,"name":"CANON LUB DEGRIPPANT LUBRIFIANT ANTI ROUILLE ET HYDRO"}]},{"@type":"WebSite","@id":"https:\/\/nozama.pro\/#website","url":"https:\/\/nozama.pro\/","name":"nozama","description":"Les solutions du quotidien","potentialAction":[{"@type":"SearchAction","target":{"@type":"EntryPoint","urlTemplate":"https:\/\/nozama.pro\/?s={search_term_string}"},"query-input":"required name=search_term_string"}],"inLanguage":"fr-FR"}]}},"_links":{"self":[{"href":"https:\/\/nozama.pro\/index.php\/wp-json\/wp\/v3\/product\/3074"}],"collection":[{"href":"https:\/\/nozama.pro\/index.php\/wp-json\/wp\/v3\/product"}],"about":[{"href":"https:\/\/nozama.pro\/index.php\/wp-json\/wp\/v2\/types\/product"}],"replies":[{"embeddable":true,"href":"https:\/\/nozama.pro\/index.php\/wp-json\/wp\/v2\/comments?post=3074"}],"wp:featuredmedia":[{"embeddable":true,"href":"https:\/\/nozama.pro\/index.php\/wp-json\/wp\/v2\/media\/53229"}],"wp:attachment":[{"href":"https:\/\/nozama.pro\/index.php\/wp-json\/wp\/v2\/media?parent=3074"}],"wp:term":[{"taxonomy":"product_cat","embeddable":true,"href":"https:\/\/nozama.pro\/index.php\/wp-json\/wp\/v2\/product_cat?post=3074"},{"taxonomy":"product_tag","embeddable":true,"href":"https:\/\/nozama.pro\/index.php\/wp-json\/wp\/v2\/product_tag?post=3074"}],"curies":[{"name":"wp","href":"https:\/\/api.w.org\/{rel}","templated":true}]}}