{"id":3075,"date":"2019-09-25T05:46:34","date_gmt":"2019-09-25T03:46:34","guid":{"rendered":"https:\/\/nozama.pro\/?post_type=product&#038;p=3075"},"modified":"2026-02-24T10:55:30","modified_gmt":"2026-02-24T09:55:30","slug":"kit-entretien-armes","status":"publish","type":"product","link":"https:\/\/nozama.pro\/index.php\/product\/kit-entretien-armes\/","title":{"rendered":"KIT ENTRETIEN ARMES"},"content":{"rendered":"<p>[vc_row][vc_column][vc_column_text]<strong>&#8211; 1 flacon CANON NOIR<\/strong><br \/>\nBronzage d\u2019arme pour m\u00e9canismes et canons<\/p>\n<p><strong>&#8211; 1 flacon CANON NET<\/strong><br \/>\nD\u00e9sincrustant, d\u00e9graissant d\u2019arme pour crosses<br \/>\nm\u00e9canisme et canons.<\/p>\n<p><strong>&#8211; 1 flacon CANON PRO<\/strong><br \/>\nNourrissant d\u2019arme, lubrifiant, protecteur et<br \/>\nfixateur de bronzage pour crosses, m\u00e9canismes<br \/>\net canons.<\/p>\n<p><strong>&#8211; 1 flacon CANON LUB<\/strong><br \/>\nD\u00e9grippant, lubrifiant anti-rouille et hydrofuge.<br \/>\nChasse l\u2019humidit\u00e9, d\u00e9grippe et dissout la salet\u00e9.<br \/>\nLubrifie les m\u00e9canismes.<\/p>\n<p><strong>+ 1 Microfibre<\/strong>[\/vc_column_text][\/vc_column][\/vc_row][vc_row css=&#8221;.vc_custom_1569146561550{padding-top: 50px !important;}&#8221;][vc_column width=&#8221;1\/3&#8243;][vc_single_image image=&#8221;2939&#8243; alignment=&#8221;center&#8221;][vc_btn title=&#8221;Voir la fiche conseil&#8221; color=&#8221;vista-blue&#8221; align=&#8221;center&#8221; css_animation=&#8221;none&#8221; link=&#8221;url:https%3A%2F%2Fnozama.pro%2Fwp-content%2Fuploads%2F2023%2F10%2FFC-KIT-canon-2023.pdf&#8221;][\/vc_column][vc_column width=&#8221;1\/3&#8243;][\/vc_column][\/vc_row]<\/p>\n","protected":false},"excerpt":{"rendered":"<p>[vc_row][vc_column][vc_column_text]&#8211; 1 flacon CANON NOIR Bronzage d\u2019arme pour m\u00e9canismes et canons &#8211; 1 flacon CANON NET D\u00e9sincrustant, d\u00e9graissant d\u2019arme pour crosses m\u00e9canisme et canons. &#8211; 1 flacon CANON PRO Nourrissant d\u2019arme, lubrifiant, protecteur et fixateur de bronzage pour crosses, m\u00e9canismes et canons. &#8211; 1 flacon CANON LUB D\u00e9grippant, lubrifiant anti-rouille et hydrofuge. Chasse l\u2019humidit\u00e9, d\u00e9grippe [&hellip;]<\/p>\n","protected":false},"featured_media":53233,"comment_status":"open","ping_status":"closed","template":"","meta":[],"product_cat":[109,119],"product_tag":[],"yoast_head":"<!-- This site is optimized with the Yoast SEO plugin v20.5 - https:\/\/yoast.com\/wordpress\/plugins\/seo\/ -->\n<title>KIT ENTRETIEN ARMES - nozama<\/title>\n<meta name=\"robots\" content=\"index, follow, max-snippet:-1, max-image-preview:large, max-video-preview:-1\" \/>\n<link rel=\"canonical\" href=\"https:\/\/nozama.pro\/index.php\/product\/kit-entretien-armes\/\" \/>\n<meta property=\"og:locale\" content=\"fr_FR\" \/>\n<meta property=\"og:type\" content=\"article\" \/>\n<meta property=\"og:title\" content=\"KIT ENTRETIEN ARMES - nozama\" \/>\n<meta property=\"og:description\" content=\"[vc_row][vc_column][vc_column_text]&#8211; 1 flacon CANON NOIR Bronzage d\u2019arme pour m\u00e9canismes et canons &#8211; 1 flacon CANON NET D\u00e9sincrustant, d\u00e9graissant d\u2019arme pour crosses m\u00e9canisme et canons. &#8211; 1 flacon CANON PRO Nourrissant d\u2019arme, lubrifiant, protecteur et fixateur de bronzage pour crosses, m\u00e9canismes et canons. &#8211; 1 flacon CANON LUB D\u00e9grippant, lubrifiant anti-rouille et hydrofuge. Chasse l\u2019humidit\u00e9, d\u00e9grippe [&hellip;]\" \/>\n<meta property=\"og:url\" content=\"https:\/\/nozama.pro\/index.php\/product\/kit-entretien-armes\/\" \/>\n<meta property=\"og:site_name\" content=\"nozama\" \/>\n<meta property=\"article:modified_time\" content=\"2026-02-24T09:55:30+00:00\" \/>\n<meta property=\"og:image\" content=\"https:\/\/nozama.pro\/wp-content\/uploads\/2019\/09\/kit-canon2023.jpg\" \/>\n\t<meta property=\"og:image:width\" content=\"600\" \/>\n\t<meta property=\"og:image:height\" content=\"600\" \/>\n\t<meta property=\"og:image:type\" content=\"image\/jpeg\" \/>\n<meta name=\"twitter:card\" content=\"summary_large_image\" \/>\n<meta name=\"twitter:label1\" content=\"Dur\u00e9e de lecture estim\u00e9e\" \/>\n\t<meta name=\"twitter:data1\" content=\"1 minute\" \/>\n<script type=\"application\/ld+json\" class=\"yoast-schema-graph\">{\"@context\":\"https:\/\/schema.org\",\"@graph\":[{\"@type\":\"WebPage\",\"@id\":\"https:\/\/nozama.pro\/index.php\/product\/kit-entretien-armes\/\",\"url\":\"https:\/\/nozama.pro\/index.php\/product\/kit-entretien-armes\/\",\"name\":\"KIT ENTRETIEN ARMES - nozama\",\"isPartOf\":{\"@id\":\"https:\/\/nozama.pro\/#website\"},\"datePublished\":\"2019-09-25T03:46:34+00:00\",\"dateModified\":\"2026-02-24T09:55:30+00:00\",\"breadcrumb\":{\"@id\":\"https:\/\/nozama.pro\/index.php\/product\/kit-entretien-armes\/#breadcrumb\"},\"inLanguage\":\"fr-FR\",\"potentialAction\":[{\"@type\":\"ReadAction\",\"target\":[\"https:\/\/nozama.pro\/index.php\/product\/kit-entretien-armes\/\"]}]},{\"@type\":\"BreadcrumbList\",\"@id\":\"https:\/\/nozama.pro\/index.php\/product\/kit-entretien-armes\/#breadcrumb\",\"itemListElement\":[{\"@type\":\"ListItem\",\"position\":1,\"name\":\"Accueil\",\"item\":\"https:\/\/nozama.pro\/\"},{\"@type\":\"ListItem\",\"position\":2,\"name\":\"Cat\u00e9gories\",\"item\":\"https:\/\/nozama.pro\/index.php\/categories\/\"},{\"@type\":\"ListItem\",\"position\":3,\"name\":\"KIT ENTRETIEN ARMES\"}]},{\"@type\":\"WebSite\",\"@id\":\"https:\/\/nozama.pro\/#website\",\"url\":\"https:\/\/nozama.pro\/\",\"name\":\"nozama\",\"description\":\"Les solutions du quotidien\",\"potentialAction\":[{\"@type\":\"SearchAction\",\"target\":{\"@type\":\"EntryPoint\",\"urlTemplate\":\"https:\/\/nozama.pro\/?s={search_term_string}\"},\"query-input\":\"required name=search_term_string\"}],\"inLanguage\":\"fr-FR\"}]}<\/script>\n<!-- \/ Yoast SEO plugin. -->","yoast_head_json":{"title":"KIT ENTRETIEN ARMES - nozama","robots":{"index":"index","follow":"follow","max-snippet":"max-snippet:-1","max-image-preview":"max-image-preview:large","max-video-preview":"max-video-preview:-1"},"canonical":"https:\/\/nozama.pro\/index.php\/product\/kit-entretien-armes\/","og_locale":"fr_FR","og_type":"article","og_title":"KIT ENTRETIEN ARMES - nozama","og_description":"[vc_row][vc_column][vc_column_text]&#8211; 1 flacon CANON NOIR Bronzage d\u2019arme pour m\u00e9canismes et canons &#8211; 1 flacon CANON NET D\u00e9sincrustant, d\u00e9graissant d\u2019arme pour crosses m\u00e9canisme et canons. &#8211; 1 flacon CANON PRO Nourrissant d\u2019arme, lubrifiant, protecteur et fixateur de bronzage pour crosses, m\u00e9canismes et canons. &#8211; 1 flacon CANON LUB D\u00e9grippant, lubrifiant anti-rouille et hydrofuge. Chasse l\u2019humidit\u00e9, d\u00e9grippe [&hellip;]","og_url":"https:\/\/nozama.pro\/index.php\/product\/kit-entretien-armes\/","og_site_name":"nozama","article_modified_time":"2026-02-24T09:55:30+00:00","og_image":[{"width":600,"height":600,"url":"https:\/\/nozama.pro\/wp-content\/uploads\/2019\/09\/kit-canon2023.jpg","type":"image\/jpeg"}],"twitter_card":"summary_large_image","twitter_misc":{"Dur\u00e9e de lecture estim\u00e9e":"1 minute"},"schema":{"@context":"https:\/\/schema.org","@graph":[{"@type":"WebPage","@id":"https:\/\/nozama.pro\/index.php\/product\/kit-entretien-armes\/","url":"https:\/\/nozama.pro\/index.php\/product\/kit-entretien-armes\/","name":"KIT ENTRETIEN ARMES - nozama","isPartOf":{"@id":"https:\/\/nozama.pro\/#website"},"datePublished":"2019-09-25T03:46:34+00:00","dateModified":"2026-02-24T09:55:30+00:00","breadcrumb":{"@id":"https:\/\/nozama.pro\/index.php\/product\/kit-entretien-armes\/#breadcrumb"},"inLanguage":"fr-FR","potentialAction":[{"@type":"ReadAction","target":["https:\/\/nozama.pro\/index.php\/product\/kit-entretien-armes\/"]}]},{"@type":"BreadcrumbList","@id":"https:\/\/nozama.pro\/index.php\/product\/kit-entretien-armes\/#breadcrumb","itemListElement":[{"@type":"ListItem","position":1,"name":"Accueil","item":"https:\/\/nozama.pro\/"},{"@type":"ListItem","position":2,"name":"Cat\u00e9gories","item":"https:\/\/nozama.pro\/index.php\/categories\/"},{"@type":"ListItem","position":3,"name":"KIT ENTRETIEN ARMES"}]},{"@type":"WebSite","@id":"https:\/\/nozama.pro\/#website","url":"https:\/\/nozama.pro\/","name":"nozama","description":"Les solutions du quotidien","potentialAction":[{"@type":"SearchAction","target":{"@type":"EntryPoint","urlTemplate":"https:\/\/nozama.pro\/?s={search_term_string}"},"query-input":"required name=search_term_string"}],"inLanguage":"fr-FR"}]}},"_links":{"self":[{"href":"https:\/\/nozama.pro\/index.php\/wp-json\/wp\/v3\/product\/3075"}],"collection":[{"href":"https:\/\/nozama.pro\/index.php\/wp-json\/wp\/v3\/product"}],"about":[{"href":"https:\/\/nozama.pro\/index.php\/wp-json\/wp\/v2\/types\/product"}],"replies":[{"embeddable":true,"href":"https:\/\/nozama.pro\/index.php\/wp-json\/wp\/v2\/comments?post=3075"}],"wp:featuredmedia":[{"embeddable":true,"href":"https:\/\/nozama.pro\/index.php\/wp-json\/wp\/v2\/media\/53233"}],"wp:attachment":[{"href":"https:\/\/nozama.pro\/index.php\/wp-json\/wp\/v2\/media?parent=3075"}],"wp:term":[{"taxonomy":"product_cat","embeddable":true,"href":"https:\/\/nozama.pro\/index.php\/wp-json\/wp\/v2\/product_cat?post=3075"},{"taxonomy":"product_tag","embeddable":true,"href":"https:\/\/nozama.pro\/index.php\/wp-json\/wp\/v2\/product_tag?post=3075"}],"curies":[{"name":"wp","href":"https:\/\/api.w.org\/{rel}","templated":true}]}}