{"id":3115,"date":"2019-09-25T06:30:59","date_gmt":"2019-09-25T04:30:59","guid":{"rendered":"https:\/\/nozama.pro\/?post_type=product&#038;p=3115"},"modified":"2023-09-14T08:23:30","modified_gmt":"2023-09-14T06:23:30","slug":"goudron-de-pin-1l-chevreuil","status":"publish","type":"product","link":"https:\/\/nozama.pro\/index.php\/product\/goudron-de-pin-1l-chevreuil\/","title":{"rendered":"GOUDRON DE PIN 1L chevreuil"},"content":{"rendered":"<p>[vc_row][vc_column][vc_column_text]OSLO GOUDRON DE PIN NORVEGE est une formule \u00e0 base d\u2019une m\u00e9lasse de goudron de pin et d\u2019ar\u00f4mes appelants 100% v\u00e9g\u00e9tale.<\/p>\n<p>OSLO GOUDRON DE PIN NORVEGE gr\u00e2ce \u00e0 sa forte attractivit\u00e9 naturelle, permet d\u00e8s son application de favoriser la venue des chevreuils qui, gr\u00e2ce \u00e0 leur odorat, ont la capacit\u00e9 de sentir les odeurs et les essences ar matiques \u00e0 plusieurs centaines de m\u00e8tres.[\/vc_column_text][\/vc_column][\/vc_row][vc_row css=&#8221;.vc_custom_1569146561550{padding-top: 50px !important;}&#8221;][vc_column width=&#8221;1\/3&#8243;][vc_single_image image=&#8221;2939&#8243; alignment=&#8221;center&#8221;][vc_btn title=&#8221;Voir la fiche conseil&#8221; color=&#8221;vista-blue&#8221; align=&#8221;center&#8221; css_animation=&#8221;none&#8221; link=&#8221;url:https%3A%2F%2Fnozama.pro%2Fwp-content%2Fuploads%2F2019%2F09%2FFC-Oslo-norve%CC%80ge-chevreuils.pdf|||&#8221;][\/vc_column][vc_column width=&#8221;1\/3&#8243;][vc_single_image image=&#8221;2940&#8243; alignment=&#8221;center&#8221;][vc_btn title=&#8221;Voir la fiche s\u00e9curit\u00e9&#8221; color=&#8221;vista-blue&#8221; align=&#8221;center&#8221; css_animation=&#8221;none&#8221; link=&#8221;url:https%3A%2F%2Fnozama.pro%2Fwp-content%2Fuploads%2F2023%2F09%2FFS-OSLO-Goudron-de-Pin-Norvege-2023.pdf&#8221;][\/vc_column][vc_column width=&#8221;1\/3&#8243;][\/vc_column][\/vc_row]<\/p>\n","protected":false},"excerpt":{"rendered":"<p>[vc_row][vc_column][vc_column_text]OSLO GOUDRON DE PIN NORVEGE est une formule \u00e0 base d\u2019une m\u00e9lasse de goudron de pin et d\u2019ar\u00f4mes appelants 100% v\u00e9g\u00e9tale. OSLO GOUDRON DE PIN NORVEGE gr\u00e2ce \u00e0 sa forte attractivit\u00e9 naturelle, permet d\u00e8s son application de favoriser la venue des chevreuils qui, gr\u00e2ce \u00e0 leur odorat, ont la capacit\u00e9 de sentir les odeurs et [&hellip;]<\/p>\n","protected":false},"featured_media":3077,"comment_status":"open","ping_status":"closed","template":"","meta":[],"product_cat":[123,107],"product_tag":[],"yoast_head":"<!-- This site is optimized with the Yoast SEO plugin v20.5 - https:\/\/yoast.com\/wordpress\/plugins\/seo\/ -->\n<title>GOUDRON DE PIN 1L chevreuil - nozama<\/title>\n<meta name=\"robots\" content=\"index, follow, max-snippet:-1, max-image-preview:large, max-video-preview:-1\" \/>\n<link rel=\"canonical\" href=\"https:\/\/nozama.pro\/index.php\/product\/goudron-de-pin-1l-chevreuil\/\" \/>\n<meta property=\"og:locale\" content=\"fr_FR\" \/>\n<meta property=\"og:type\" content=\"article\" \/>\n<meta property=\"og:title\" content=\"GOUDRON DE PIN 1L chevreuil - nozama\" \/>\n<meta property=\"og:description\" content=\"[vc_row][vc_column][vc_column_text]OSLO GOUDRON DE PIN NORVEGE est une formule \u00e0 base d\u2019une m\u00e9lasse de goudron de pin et d\u2019ar\u00f4mes appelants 100% v\u00e9g\u00e9tale. OSLO GOUDRON DE PIN NORVEGE gr\u00e2ce \u00e0 sa forte attractivit\u00e9 naturelle, permet d\u00e8s son application de favoriser la venue des chevreuils qui, gr\u00e2ce \u00e0 leur odorat, ont la capacit\u00e9 de sentir les odeurs et [&hellip;]\" \/>\n<meta property=\"og:url\" content=\"https:\/\/nozama.pro\/index.php\/product\/goudron-de-pin-1l-chevreuil\/\" \/>\n<meta property=\"og:site_name\" content=\"nozama\" \/>\n<meta property=\"article:modified_time\" content=\"2023-09-14T06:23:30+00:00\" \/>\n<meta property=\"og:image\" content=\"https:\/\/nozama.pro\/wp-content\/uploads\/2019\/09\/goudron-de-pin-1l-chevreuil.jpg\" \/>\n\t<meta property=\"og:image:width\" content=\"600\" \/>\n\t<meta property=\"og:image:height\" content=\"600\" \/>\n\t<meta property=\"og:image:type\" content=\"image\/jpeg\" \/>\n<meta name=\"twitter:card\" content=\"summary_large_image\" \/>\n<meta name=\"twitter:label1\" content=\"Dur\u00e9e de lecture estim\u00e9e\" \/>\n\t<meta name=\"twitter:data1\" content=\"1 minute\" \/>\n<script type=\"application\/ld+json\" class=\"yoast-schema-graph\">{\"@context\":\"https:\/\/schema.org\",\"@graph\":[{\"@type\":\"WebPage\",\"@id\":\"https:\/\/nozama.pro\/index.php\/product\/goudron-de-pin-1l-chevreuil\/\",\"url\":\"https:\/\/nozama.pro\/index.php\/product\/goudron-de-pin-1l-chevreuil\/\",\"name\":\"GOUDRON DE PIN 1L chevreuil - nozama\",\"isPartOf\":{\"@id\":\"https:\/\/nozama.pro\/#website\"},\"datePublished\":\"2019-09-25T04:30:59+00:00\",\"dateModified\":\"2023-09-14T06:23:30+00:00\",\"breadcrumb\":{\"@id\":\"https:\/\/nozama.pro\/index.php\/product\/goudron-de-pin-1l-chevreuil\/#breadcrumb\"},\"inLanguage\":\"fr-FR\",\"potentialAction\":[{\"@type\":\"ReadAction\",\"target\":[\"https:\/\/nozama.pro\/index.php\/product\/goudron-de-pin-1l-chevreuil\/\"]}]},{\"@type\":\"BreadcrumbList\",\"@id\":\"https:\/\/nozama.pro\/index.php\/product\/goudron-de-pin-1l-chevreuil\/#breadcrumb\",\"itemListElement\":[{\"@type\":\"ListItem\",\"position\":1,\"name\":\"Accueil\",\"item\":\"https:\/\/nozama.pro\/\"},{\"@type\":\"ListItem\",\"position\":2,\"name\":\"Cat\u00e9gories\",\"item\":\"https:\/\/nozama.pro\/index.php\/categories\/\"},{\"@type\":\"ListItem\",\"position\":3,\"name\":\"GOUDRON DE PIN 1L chevreuil\"}]},{\"@type\":\"WebSite\",\"@id\":\"https:\/\/nozama.pro\/#website\",\"url\":\"https:\/\/nozama.pro\/\",\"name\":\"nozama\",\"description\":\"Les solutions du quotidien\",\"potentialAction\":[{\"@type\":\"SearchAction\",\"target\":{\"@type\":\"EntryPoint\",\"urlTemplate\":\"https:\/\/nozama.pro\/?s={search_term_string}\"},\"query-input\":\"required name=search_term_string\"}],\"inLanguage\":\"fr-FR\"}]}<\/script>\n<!-- \/ Yoast SEO plugin. -->","yoast_head_json":{"title":"GOUDRON DE PIN 1L chevreuil - nozama","robots":{"index":"index","follow":"follow","max-snippet":"max-snippet:-1","max-image-preview":"max-image-preview:large","max-video-preview":"max-video-preview:-1"},"canonical":"https:\/\/nozama.pro\/index.php\/product\/goudron-de-pin-1l-chevreuil\/","og_locale":"fr_FR","og_type":"article","og_title":"GOUDRON DE PIN 1L chevreuil - nozama","og_description":"[vc_row][vc_column][vc_column_text]OSLO GOUDRON DE PIN NORVEGE est une formule \u00e0 base d\u2019une m\u00e9lasse de goudron de pin et d\u2019ar\u00f4mes appelants 100% v\u00e9g\u00e9tale. OSLO GOUDRON DE PIN NORVEGE gr\u00e2ce \u00e0 sa forte attractivit\u00e9 naturelle, permet d\u00e8s son application de favoriser la venue des chevreuils qui, gr\u00e2ce \u00e0 leur odorat, ont la capacit\u00e9 de sentir les odeurs et [&hellip;]","og_url":"https:\/\/nozama.pro\/index.php\/product\/goudron-de-pin-1l-chevreuil\/","og_site_name":"nozama","article_modified_time":"2023-09-14T06:23:30+00:00","og_image":[{"width":600,"height":600,"url":"https:\/\/nozama.pro\/wp-content\/uploads\/2019\/09\/goudron-de-pin-1l-chevreuil.jpg","type":"image\/jpeg"}],"twitter_card":"summary_large_image","twitter_misc":{"Dur\u00e9e de lecture estim\u00e9e":"1 minute"},"schema":{"@context":"https:\/\/schema.org","@graph":[{"@type":"WebPage","@id":"https:\/\/nozama.pro\/index.php\/product\/goudron-de-pin-1l-chevreuil\/","url":"https:\/\/nozama.pro\/index.php\/product\/goudron-de-pin-1l-chevreuil\/","name":"GOUDRON DE PIN 1L chevreuil - nozama","isPartOf":{"@id":"https:\/\/nozama.pro\/#website"},"datePublished":"2019-09-25T04:30:59+00:00","dateModified":"2023-09-14T06:23:30+00:00","breadcrumb":{"@id":"https:\/\/nozama.pro\/index.php\/product\/goudron-de-pin-1l-chevreuil\/#breadcrumb"},"inLanguage":"fr-FR","potentialAction":[{"@type":"ReadAction","target":["https:\/\/nozama.pro\/index.php\/product\/goudron-de-pin-1l-chevreuil\/"]}]},{"@type":"BreadcrumbList","@id":"https:\/\/nozama.pro\/index.php\/product\/goudron-de-pin-1l-chevreuil\/#breadcrumb","itemListElement":[{"@type":"ListItem","position":1,"name":"Accueil","item":"https:\/\/nozama.pro\/"},{"@type":"ListItem","position":2,"name":"Cat\u00e9gories","item":"https:\/\/nozama.pro\/index.php\/categories\/"},{"@type":"ListItem","position":3,"name":"GOUDRON DE PIN 1L chevreuil"}]},{"@type":"WebSite","@id":"https:\/\/nozama.pro\/#website","url":"https:\/\/nozama.pro\/","name":"nozama","description":"Les solutions du quotidien","potentialAction":[{"@type":"SearchAction","target":{"@type":"EntryPoint","urlTemplate":"https:\/\/nozama.pro\/?s={search_term_string}"},"query-input":"required name=search_term_string"}],"inLanguage":"fr-FR"}]}},"_links":{"self":[{"href":"https:\/\/nozama.pro\/index.php\/wp-json\/wp\/v3\/product\/3115"}],"collection":[{"href":"https:\/\/nozama.pro\/index.php\/wp-json\/wp\/v3\/product"}],"about":[{"href":"https:\/\/nozama.pro\/index.php\/wp-json\/wp\/v2\/types\/product"}],"replies":[{"embeddable":true,"href":"https:\/\/nozama.pro\/index.php\/wp-json\/wp\/v2\/comments?post=3115"}],"wp:featuredmedia":[{"embeddable":true,"href":"https:\/\/nozama.pro\/index.php\/wp-json\/wp\/v2\/media\/3077"}],"wp:attachment":[{"href":"https:\/\/nozama.pro\/index.php\/wp-json\/wp\/v2\/media?parent=3115"}],"wp:term":[{"taxonomy":"product_cat","embeddable":true,"href":"https:\/\/nozama.pro\/index.php\/wp-json\/wp\/v2\/product_cat?post=3115"},{"taxonomy":"product_tag","embeddable":true,"href":"https:\/\/nozama.pro\/index.php\/wp-json\/wp\/v2\/product_tag?post=3115"}],"curies":[{"name":"wp","href":"https:\/\/api.w.org\/{rel}","templated":true}]}}