{"id":3434,"date":"2019-09-29T11:40:25","date_gmt":"2019-09-29T09:40:25","guid":{"rendered":"https:\/\/nozama.pro\/?post_type=product&#038;p=3434"},"modified":"2021-07-15T04:00:43","modified_gmt":"2021-07-15T02:00:43","slug":"anti-chiens-chats-repulsif-laque-1l","status":"publish","type":"product","link":"https:\/\/nozama.pro\/index.php\/product\/anti-chiens-chats-repulsif-laque-1l\/","title":{"rendered":"ANTI-CHIENS CHATS REPULSIF LAQUE &#8211; 1L"},"content":{"rendered":"<p>[vc_row][vc_column][vc_column_text]Forme d\u00e8s l\u2019application une v\u00e9ritable BARRI\u00c8RE R\u00c9PULSIVE olfactive et gustative tr\u00e8s incommodante pour les chiens et les chats. Pr\u00eat \u00e0 l\u2019emploi et d\u2019une efficacit\u00e9 imm\u00e9diate. La mol\u00e9cule agit directement sur le syst\u00e8me gustato-olfactif ultrasensible des chiens et des chats.<\/p>\n<p>Il permet de les chasser durablement des zones \u00e0 prot\u00e9ger.<br \/>\nSe pr\u00e9sente sous forme de laque laissant \u00e9chapper un gaz lourd. Efficacit\u00e9 sup\u00e9rieure \u00e0 2 mois.<\/p>\n<p>Usage int\u00e9rieur et ext\u00e9rieur.<br \/>\nId\u00e9al pour les parois verticales.<br \/>\nTraitement curatif et pr\u00e9ventif.[\/vc_column_text][\/vc_column][\/vc_row][vc_row css=&#8221;.vc_custom_1569146561550{padding-top: 50px !important;}&#8221;][vc_column width=&#8221;1\/3&#8243;][vc_single_image image=&#8221;2939&#8243; alignment=&#8221;center&#8221;][vc_btn title=&#8221;Voir la fiche conseil&#8221; color=&#8221;vista-blue&#8221; align=&#8221;center&#8221; css_animation=&#8221;none&#8221; link=&#8221;url:https%3A%2F%2Fnozama.pro%2Fwp-content%2Fuploads%2F2019%2F09%2FFC-APE-Re%CC%81pulsif-chien-chat-laque.pdf|||&#8221;][\/vc_column][vc_column width=&#8221;1\/3&#8243;][vc_single_image image=&#8221;2940&#8243; alignment=&#8221;center&#8221;][vc_btn title=&#8221;Voir la fiche s\u00e9curit\u00e9&#8221; color=&#8221;vista-blue&#8221; align=&#8221;center&#8221; css_animation=&#8221;none&#8221; link=&#8221;url:https%3A%2F%2Fnozama.pro%2Fwp-content%2Fuploads%2F2019%2F09%2FFS-APE-Barrie%CC%80re-de-protection-chien-chat-laque-2017.pdf|||&#8221;][\/vc_column][vc_column width=&#8221;1\/3&#8243;][\/vc_column][\/vc_row]<\/p>\n","protected":false},"excerpt":{"rendered":"<p>[vc_row][vc_column][vc_column_text]Forme d\u00e8s l\u2019application une v\u00e9ritable BARRI\u00c8RE R\u00c9PULSIVE olfactive et gustative tr\u00e8s incommodante pour les chiens et les chats. Pr\u00eat \u00e0 l\u2019emploi et d\u2019une efficacit\u00e9 imm\u00e9diate. La mol\u00e9cule agit directement sur le syst\u00e8me gustato-olfactif ultrasensible des chiens et des chats. Il permet de les chasser durablement des zones \u00e0 prot\u00e9ger. Se pr\u00e9sente sous forme de laque [&hellip;]<\/p>\n","protected":false},"featured_media":3488,"comment_status":"open","ping_status":"closed","template":"","meta":[],"product_cat":[101,112],"product_tag":[],"yoast_head":"<!-- This site is optimized with the Yoast SEO plugin v20.5 - https:\/\/yoast.com\/wordpress\/plugins\/seo\/ -->\n<title>ANTI-CHIENS CHATS REPULSIF LAQUE - 1L - nozama<\/title>\n<meta name=\"robots\" content=\"index, follow, max-snippet:-1, max-image-preview:large, max-video-preview:-1\" \/>\n<link rel=\"canonical\" href=\"https:\/\/nozama.pro\/index.php\/product\/anti-chiens-chats-repulsif-laque-1l\/\" \/>\n<meta property=\"og:locale\" content=\"fr_FR\" \/>\n<meta property=\"og:type\" content=\"article\" \/>\n<meta property=\"og:title\" content=\"ANTI-CHIENS CHATS REPULSIF LAQUE - 1L - nozama\" \/>\n<meta property=\"og:description\" content=\"[vc_row][vc_column][vc_column_text]Forme d\u00e8s l\u2019application une v\u00e9ritable BARRI\u00c8RE R\u00c9PULSIVE olfactive et gustative tr\u00e8s incommodante pour les chiens et les chats. Pr\u00eat \u00e0 l\u2019emploi et d\u2019une efficacit\u00e9 imm\u00e9diate. La mol\u00e9cule agit directement sur le syst\u00e8me gustato-olfactif ultrasensible des chiens et des chats. Il permet de les chasser durablement des zones \u00e0 prot\u00e9ger. Se pr\u00e9sente sous forme de laque [&hellip;]\" \/>\n<meta property=\"og:url\" content=\"https:\/\/nozama.pro\/index.php\/product\/anti-chiens-chats-repulsif-laque-1l\/\" \/>\n<meta property=\"og:site_name\" content=\"nozama\" \/>\n<meta property=\"article:modified_time\" content=\"2021-07-15T02:00:43+00:00\" \/>\n<meta property=\"og:image\" content=\"https:\/\/nozama.pro\/wp-content\/uploads\/2019\/09\/ape-anti-chien-chat-1l.jpg\" \/>\n\t<meta property=\"og:image:width\" content=\"600\" \/>\n\t<meta property=\"og:image:height\" content=\"600\" \/>\n\t<meta property=\"og:image:type\" content=\"image\/jpeg\" \/>\n<meta name=\"twitter:card\" content=\"summary_large_image\" \/>\n<meta name=\"twitter:label1\" content=\"Dur\u00e9e de lecture estim\u00e9e\" \/>\n\t<meta name=\"twitter:data1\" content=\"1 minute\" \/>\n<script type=\"application\/ld+json\" class=\"yoast-schema-graph\">{\"@context\":\"https:\/\/schema.org\",\"@graph\":[{\"@type\":\"WebPage\",\"@id\":\"https:\/\/nozama.pro\/index.php\/product\/anti-chiens-chats-repulsif-laque-1l\/\",\"url\":\"https:\/\/nozama.pro\/index.php\/product\/anti-chiens-chats-repulsif-laque-1l\/\",\"name\":\"ANTI-CHIENS CHATS REPULSIF LAQUE - 1L - nozama\",\"isPartOf\":{\"@id\":\"https:\/\/nozama.pro\/#website\"},\"datePublished\":\"2019-09-29T09:40:25+00:00\",\"dateModified\":\"2021-07-15T02:00:43+00:00\",\"breadcrumb\":{\"@id\":\"https:\/\/nozama.pro\/index.php\/product\/anti-chiens-chats-repulsif-laque-1l\/#breadcrumb\"},\"inLanguage\":\"fr-FR\",\"potentialAction\":[{\"@type\":\"ReadAction\",\"target\":[\"https:\/\/nozama.pro\/index.php\/product\/anti-chiens-chats-repulsif-laque-1l\/\"]}]},{\"@type\":\"BreadcrumbList\",\"@id\":\"https:\/\/nozama.pro\/index.php\/product\/anti-chiens-chats-repulsif-laque-1l\/#breadcrumb\",\"itemListElement\":[{\"@type\":\"ListItem\",\"position\":1,\"name\":\"Accueil\",\"item\":\"https:\/\/nozama.pro\/\"},{\"@type\":\"ListItem\",\"position\":2,\"name\":\"Cat\u00e9gories\",\"item\":\"https:\/\/nozama.pro\/index.php\/categories\/\"},{\"@type\":\"ListItem\",\"position\":3,\"name\":\"ANTI-CHIENS CHATS REPULSIF LAQUE &#8211; 1L\"}]},{\"@type\":\"WebSite\",\"@id\":\"https:\/\/nozama.pro\/#website\",\"url\":\"https:\/\/nozama.pro\/\",\"name\":\"nozama\",\"description\":\"Les solutions du quotidien\",\"potentialAction\":[{\"@type\":\"SearchAction\",\"target\":{\"@type\":\"EntryPoint\",\"urlTemplate\":\"https:\/\/nozama.pro\/?s={search_term_string}\"},\"query-input\":\"required name=search_term_string\"}],\"inLanguage\":\"fr-FR\"}]}<\/script>\n<!-- \/ Yoast SEO plugin. -->","yoast_head_json":{"title":"ANTI-CHIENS CHATS REPULSIF LAQUE - 1L - nozama","robots":{"index":"index","follow":"follow","max-snippet":"max-snippet:-1","max-image-preview":"max-image-preview:large","max-video-preview":"max-video-preview:-1"},"canonical":"https:\/\/nozama.pro\/index.php\/product\/anti-chiens-chats-repulsif-laque-1l\/","og_locale":"fr_FR","og_type":"article","og_title":"ANTI-CHIENS CHATS REPULSIF LAQUE - 1L - nozama","og_description":"[vc_row][vc_column][vc_column_text]Forme d\u00e8s l\u2019application une v\u00e9ritable BARRI\u00c8RE R\u00c9PULSIVE olfactive et gustative tr\u00e8s incommodante pour les chiens et les chats. Pr\u00eat \u00e0 l\u2019emploi et d\u2019une efficacit\u00e9 imm\u00e9diate. La mol\u00e9cule agit directement sur le syst\u00e8me gustato-olfactif ultrasensible des chiens et des chats. Il permet de les chasser durablement des zones \u00e0 prot\u00e9ger. Se pr\u00e9sente sous forme de laque [&hellip;]","og_url":"https:\/\/nozama.pro\/index.php\/product\/anti-chiens-chats-repulsif-laque-1l\/","og_site_name":"nozama","article_modified_time":"2021-07-15T02:00:43+00:00","og_image":[{"width":600,"height":600,"url":"https:\/\/nozama.pro\/wp-content\/uploads\/2019\/09\/ape-anti-chien-chat-1l.jpg","type":"image\/jpeg"}],"twitter_card":"summary_large_image","twitter_misc":{"Dur\u00e9e de lecture estim\u00e9e":"1 minute"},"schema":{"@context":"https:\/\/schema.org","@graph":[{"@type":"WebPage","@id":"https:\/\/nozama.pro\/index.php\/product\/anti-chiens-chats-repulsif-laque-1l\/","url":"https:\/\/nozama.pro\/index.php\/product\/anti-chiens-chats-repulsif-laque-1l\/","name":"ANTI-CHIENS CHATS REPULSIF LAQUE - 1L - nozama","isPartOf":{"@id":"https:\/\/nozama.pro\/#website"},"datePublished":"2019-09-29T09:40:25+00:00","dateModified":"2021-07-15T02:00:43+00:00","breadcrumb":{"@id":"https:\/\/nozama.pro\/index.php\/product\/anti-chiens-chats-repulsif-laque-1l\/#breadcrumb"},"inLanguage":"fr-FR","potentialAction":[{"@type":"ReadAction","target":["https:\/\/nozama.pro\/index.php\/product\/anti-chiens-chats-repulsif-laque-1l\/"]}]},{"@type":"BreadcrumbList","@id":"https:\/\/nozama.pro\/index.php\/product\/anti-chiens-chats-repulsif-laque-1l\/#breadcrumb","itemListElement":[{"@type":"ListItem","position":1,"name":"Accueil","item":"https:\/\/nozama.pro\/"},{"@type":"ListItem","position":2,"name":"Cat\u00e9gories","item":"https:\/\/nozama.pro\/index.php\/categories\/"},{"@type":"ListItem","position":3,"name":"ANTI-CHIENS CHATS REPULSIF LAQUE &#8211; 1L"}]},{"@type":"WebSite","@id":"https:\/\/nozama.pro\/#website","url":"https:\/\/nozama.pro\/","name":"nozama","description":"Les solutions du quotidien","potentialAction":[{"@type":"SearchAction","target":{"@type":"EntryPoint","urlTemplate":"https:\/\/nozama.pro\/?s={search_term_string}"},"query-input":"required name=search_term_string"}],"inLanguage":"fr-FR"}]}},"_links":{"self":[{"href":"https:\/\/nozama.pro\/index.php\/wp-json\/wp\/v3\/product\/3434"}],"collection":[{"href":"https:\/\/nozama.pro\/index.php\/wp-json\/wp\/v3\/product"}],"about":[{"href":"https:\/\/nozama.pro\/index.php\/wp-json\/wp\/v2\/types\/product"}],"replies":[{"embeddable":true,"href":"https:\/\/nozama.pro\/index.php\/wp-json\/wp\/v2\/comments?post=3434"}],"wp:featuredmedia":[{"embeddable":true,"href":"https:\/\/nozama.pro\/index.php\/wp-json\/wp\/v2\/media\/3488"}],"wp:attachment":[{"href":"https:\/\/nozama.pro\/index.php\/wp-json\/wp\/v2\/media?parent=3434"}],"wp:term":[{"taxonomy":"product_cat","embeddable":true,"href":"https:\/\/nozama.pro\/index.php\/wp-json\/wp\/v2\/product_cat?post=3434"},{"taxonomy":"product_tag","embeddable":true,"href":"https:\/\/nozama.pro\/index.php\/wp-json\/wp\/v2\/product_tag?post=3434"}],"curies":[{"name":"wp","href":"https:\/\/api.w.org\/{rel}","templated":true}]}}