{"id":3589,"date":"2019-09-30T07:30:46","date_gmt":"2019-09-30T05:30:46","guid":{"rendered":"https:\/\/nozama.pro\/?post_type=product&#038;p=3589"},"modified":"2024-07-08T16:12:25","modified_gmt":"2024-07-08T14:12:25","slug":"granulats-de-protection-decoratif-800g","status":"publish","type":"product","link":"https:\/\/nozama.pro\/index.php\/product\/granulats-de-protection-decoratif-800g\/","title":{"rendered":"GRANULATS DE PROTECTION DECORATIF &#8211; 800g"},"content":{"rendered":"<p>[vc_row][vc_column][vc_column_text]APE Granulats de protection d\u00e9coratif vous permet de prot\u00e9ger, de d\u00e9corer et de pr\u00e9server votre jardin contre les d\u00e9gradations<\/p>\n<p>APE Granulats de protection Taupe se pr\u00e9sente sous la forme de mini-granul\u00e9s, compos\u00e9s essentiellement de terre fossile.<\/p>\n<p>Apr\u00e8s \u00e9pandage, les granulats rendent d\u00e9sagr\u00e9able le contact au sol gr\u00e2ce \u00e0 leur forme accident\u00e9e et leur texture granuleuse.<\/p>\n<p>APE Granulats de protection forme \u00e9galement un excellent capteur d\u2019eau qui canalise l\u2019humidit\u00e9 et la rediffuse lentement.[\/vc_column_text][\/vc_column][\/vc_row][vc_row css=&#8221;.vc_custom_1569146561550{padding-top: 50px !important;}&#8221;][vc_column width=&#8221;1\/3&#8243;][vc_single_image image=&#8221;2939&#8243; alignment=&#8221;center&#8221;][vc_btn title=&#8221;Voir la fiche conseil&#8221; color=&#8221;vista-blue&#8221; align=&#8221;center&#8221; css_animation=&#8221;none&#8221; link=&#8221;url:https%3A%2F%2Fnozama.pro%2Fwp-content%2Fuploads%2F2019%2F09%2FFC-Barrie%CC%80re-de-protection-granulat-de%CC%81coratif.pdf|||&#8221;][\/vc_column][vc_column width=&#8221;1\/3&#8243;][vc_single_image image=&#8221;2940&#8243; alignment=&#8221;center&#8221;][vc_btn title=&#8221;Voir la fiche s\u00e9curit\u00e9&#8221; color=&#8221;vista-blue&#8221; align=&#8221;center&#8221; css_animation=&#8221;none&#8221; link=&#8221;url:https%3A%2F%2Fnozama.pro%2Fwp-content%2Fuploads%2F2019%2F09%2FFS-APE-granulat-protection-decoratif.pdf|||&#8221;][\/vc_column][\/vc_row]<\/p>\n","protected":false},"excerpt":{"rendered":"<p>[vc_row][vc_column][vc_column_text]APE Granulats de protection d\u00e9coratif vous permet de prot\u00e9ger, de d\u00e9corer et de pr\u00e9server votre jardin contre les d\u00e9gradations APE Granulats de protection Taupe se pr\u00e9sente sous la forme de mini-granul\u00e9s, compos\u00e9s essentiellement de terre fossile. Apr\u00e8s \u00e9pandage, les granulats rendent d\u00e9sagr\u00e9able le contact au sol gr\u00e2ce \u00e0 leur forme accident\u00e9e et leur texture granuleuse. [&hellip;]<\/p>\n","protected":false},"featured_media":3517,"comment_status":"open","ping_status":"closed","template":"","meta":[],"product_cat":[101,125,112],"product_tag":[],"yoast_head":"<!-- This site is optimized with the Yoast SEO plugin v20.5 - https:\/\/yoast.com\/wordpress\/plugins\/seo\/ -->\n<title>GRANULATS DE PROTECTION DECORATIF - 800g - nozama<\/title>\n<meta name=\"robots\" content=\"index, follow, max-snippet:-1, max-image-preview:large, max-video-preview:-1\" \/>\n<link rel=\"canonical\" href=\"https:\/\/nozama.pro\/index.php\/product\/granulats-de-protection-decoratif-800g\/\" \/>\n<meta property=\"og:locale\" content=\"fr_FR\" \/>\n<meta property=\"og:type\" content=\"article\" \/>\n<meta property=\"og:title\" content=\"GRANULATS DE PROTECTION DECORATIF - 800g - nozama\" \/>\n<meta property=\"og:description\" content=\"[vc_row][vc_column][vc_column_text]APE Granulats de protection d\u00e9coratif vous permet de prot\u00e9ger, de d\u00e9corer et de pr\u00e9server votre jardin contre les d\u00e9gradations APE Granulats de protection Taupe se pr\u00e9sente sous la forme de mini-granul\u00e9s, compos\u00e9s essentiellement de terre fossile. Apr\u00e8s \u00e9pandage, les granulats rendent d\u00e9sagr\u00e9able le contact au sol gr\u00e2ce \u00e0 leur forme accident\u00e9e et leur texture granuleuse. [&hellip;]\" \/>\n<meta property=\"og:url\" content=\"https:\/\/nozama.pro\/index.php\/product\/granulats-de-protection-decoratif-800g\/\" \/>\n<meta property=\"og:site_name\" content=\"nozama\" \/>\n<meta property=\"article:modified_time\" content=\"2024-07-08T14:12:25+00:00\" \/>\n<meta property=\"og:image\" content=\"https:\/\/nozama.pro\/wp-content\/uploads\/2019\/09\/ape-granulats-de-protection-decoratifs.jpg\" \/>\n\t<meta property=\"og:image:width\" content=\"600\" \/>\n\t<meta property=\"og:image:height\" content=\"600\" \/>\n\t<meta property=\"og:image:type\" content=\"image\/jpeg\" \/>\n<meta name=\"twitter:card\" content=\"summary_large_image\" \/>\n<meta name=\"twitter:label1\" content=\"Dur\u00e9e de lecture estim\u00e9e\" \/>\n\t<meta name=\"twitter:data1\" content=\"1 minute\" \/>\n<script type=\"application\/ld+json\" class=\"yoast-schema-graph\">{\"@context\":\"https:\/\/schema.org\",\"@graph\":[{\"@type\":\"WebPage\",\"@id\":\"https:\/\/nozama.pro\/index.php\/product\/granulats-de-protection-decoratif-800g\/\",\"url\":\"https:\/\/nozama.pro\/index.php\/product\/granulats-de-protection-decoratif-800g\/\",\"name\":\"GRANULATS DE PROTECTION DECORATIF - 800g - nozama\",\"isPartOf\":{\"@id\":\"https:\/\/nozama.pro\/#website\"},\"datePublished\":\"2019-09-30T05:30:46+00:00\",\"dateModified\":\"2024-07-08T14:12:25+00:00\",\"breadcrumb\":{\"@id\":\"https:\/\/nozama.pro\/index.php\/product\/granulats-de-protection-decoratif-800g\/#breadcrumb\"},\"inLanguage\":\"fr-FR\",\"potentialAction\":[{\"@type\":\"ReadAction\",\"target\":[\"https:\/\/nozama.pro\/index.php\/product\/granulats-de-protection-decoratif-800g\/\"]}]},{\"@type\":\"BreadcrumbList\",\"@id\":\"https:\/\/nozama.pro\/index.php\/product\/granulats-de-protection-decoratif-800g\/#breadcrumb\",\"itemListElement\":[{\"@type\":\"ListItem\",\"position\":1,\"name\":\"Accueil\",\"item\":\"https:\/\/nozama.pro\/\"},{\"@type\":\"ListItem\",\"position\":2,\"name\":\"Cat\u00e9gories\",\"item\":\"https:\/\/nozama.pro\/index.php\/categories\/\"},{\"@type\":\"ListItem\",\"position\":3,\"name\":\"GRANULATS DE PROTECTION DECORATIF &#8211; 800g\"}]},{\"@type\":\"WebSite\",\"@id\":\"https:\/\/nozama.pro\/#website\",\"url\":\"https:\/\/nozama.pro\/\",\"name\":\"nozama\",\"description\":\"Les solutions du quotidien\",\"potentialAction\":[{\"@type\":\"SearchAction\",\"target\":{\"@type\":\"EntryPoint\",\"urlTemplate\":\"https:\/\/nozama.pro\/?s={search_term_string}\"},\"query-input\":\"required name=search_term_string\"}],\"inLanguage\":\"fr-FR\"}]}<\/script>\n<!-- \/ Yoast SEO plugin. -->","yoast_head_json":{"title":"GRANULATS DE PROTECTION DECORATIF - 800g - nozama","robots":{"index":"index","follow":"follow","max-snippet":"max-snippet:-1","max-image-preview":"max-image-preview:large","max-video-preview":"max-video-preview:-1"},"canonical":"https:\/\/nozama.pro\/index.php\/product\/granulats-de-protection-decoratif-800g\/","og_locale":"fr_FR","og_type":"article","og_title":"GRANULATS DE PROTECTION DECORATIF - 800g - nozama","og_description":"[vc_row][vc_column][vc_column_text]APE Granulats de protection d\u00e9coratif vous permet de prot\u00e9ger, de d\u00e9corer et de pr\u00e9server votre jardin contre les d\u00e9gradations APE Granulats de protection Taupe se pr\u00e9sente sous la forme de mini-granul\u00e9s, compos\u00e9s essentiellement de terre fossile. Apr\u00e8s \u00e9pandage, les granulats rendent d\u00e9sagr\u00e9able le contact au sol gr\u00e2ce \u00e0 leur forme accident\u00e9e et leur texture granuleuse. [&hellip;]","og_url":"https:\/\/nozama.pro\/index.php\/product\/granulats-de-protection-decoratif-800g\/","og_site_name":"nozama","article_modified_time":"2024-07-08T14:12:25+00:00","og_image":[{"width":600,"height":600,"url":"https:\/\/nozama.pro\/wp-content\/uploads\/2019\/09\/ape-granulats-de-protection-decoratifs.jpg","type":"image\/jpeg"}],"twitter_card":"summary_large_image","twitter_misc":{"Dur\u00e9e de lecture estim\u00e9e":"1 minute"},"schema":{"@context":"https:\/\/schema.org","@graph":[{"@type":"WebPage","@id":"https:\/\/nozama.pro\/index.php\/product\/granulats-de-protection-decoratif-800g\/","url":"https:\/\/nozama.pro\/index.php\/product\/granulats-de-protection-decoratif-800g\/","name":"GRANULATS DE PROTECTION DECORATIF - 800g - nozama","isPartOf":{"@id":"https:\/\/nozama.pro\/#website"},"datePublished":"2019-09-30T05:30:46+00:00","dateModified":"2024-07-08T14:12:25+00:00","breadcrumb":{"@id":"https:\/\/nozama.pro\/index.php\/product\/granulats-de-protection-decoratif-800g\/#breadcrumb"},"inLanguage":"fr-FR","potentialAction":[{"@type":"ReadAction","target":["https:\/\/nozama.pro\/index.php\/product\/granulats-de-protection-decoratif-800g\/"]}]},{"@type":"BreadcrumbList","@id":"https:\/\/nozama.pro\/index.php\/product\/granulats-de-protection-decoratif-800g\/#breadcrumb","itemListElement":[{"@type":"ListItem","position":1,"name":"Accueil","item":"https:\/\/nozama.pro\/"},{"@type":"ListItem","position":2,"name":"Cat\u00e9gories","item":"https:\/\/nozama.pro\/index.php\/categories\/"},{"@type":"ListItem","position":3,"name":"GRANULATS DE PROTECTION DECORATIF &#8211; 800g"}]},{"@type":"WebSite","@id":"https:\/\/nozama.pro\/#website","url":"https:\/\/nozama.pro\/","name":"nozama","description":"Les solutions du quotidien","potentialAction":[{"@type":"SearchAction","target":{"@type":"EntryPoint","urlTemplate":"https:\/\/nozama.pro\/?s={search_term_string}"},"query-input":"required name=search_term_string"}],"inLanguage":"fr-FR"}]}},"_links":{"self":[{"href":"https:\/\/nozama.pro\/index.php\/wp-json\/wp\/v3\/product\/3589"}],"collection":[{"href":"https:\/\/nozama.pro\/index.php\/wp-json\/wp\/v3\/product"}],"about":[{"href":"https:\/\/nozama.pro\/index.php\/wp-json\/wp\/v2\/types\/product"}],"replies":[{"embeddable":true,"href":"https:\/\/nozama.pro\/index.php\/wp-json\/wp\/v2\/comments?post=3589"}],"wp:featuredmedia":[{"embeddable":true,"href":"https:\/\/nozama.pro\/index.php\/wp-json\/wp\/v2\/media\/3517"}],"wp:attachment":[{"href":"https:\/\/nozama.pro\/index.php\/wp-json\/wp\/v2\/media?parent=3589"}],"wp:term":[{"taxonomy":"product_cat","embeddable":true,"href":"https:\/\/nozama.pro\/index.php\/wp-json\/wp\/v2\/product_cat?post=3589"},{"taxonomy":"product_tag","embeddable":true,"href":"https:\/\/nozama.pro\/index.php\/wp-json\/wp\/v2\/product_tag?post=3589"}],"curies":[{"name":"wp","href":"https:\/\/api.w.org\/{rel}","templated":true}]}}