{"id":3634,"date":"2019-09-30T09:54:47","date_gmt":"2019-09-30T07:54:47","guid":{"rendered":"https:\/\/nozama.pro\/?post_type=product&#038;p=3634"},"modified":"2019-09-30T09:57:22","modified_gmt":"2019-09-30T07:57:22","slug":"ape-le-crok-chlorophacinone-sachet-25gr-raticide-boite-100g","status":"publish","type":"product","link":"https:\/\/nozama.pro\/index.php\/product\/ape-le-crok-chlorophacinone-sachet-25gr-raticide-boite-100g\/","title":{"rendered":"APE LE CROK CHLOROPHACINONE  SACHET 25g RATICIDE &#8211; Bo\u00eete 100g"},"content":{"rendered":"<p>[vc_row][vc_column][vc_column_text]Granul\u00e9s pr\u00eats \u00e0 l\u2019emploi \u00e0 base d\u2019un anticoagulant de premi\u00e8re g\u00e9n\u00e9ration : la chlorophacinone.<br \/>\n\u00c0 utiliser sur les rats.<\/p>\n<p>L\u2019action du produit est observable dans les 3 \u00e0 14 jours suivant l\u2019ingestion du produit par les rongeurs. Plusieurs prises sont n\u00e9cessaires pour que les rongeurs succombent.<\/p>\n<p>Ce d\u00e9lai entre l\u2019ingestion et la mort du rongeur est inh\u00e9rent au mode d\u2019action des anticoagulants. Il permet de ne pas \u00e9veiller la m\u00e9fiance des autres rongeurs qui continuent \u00e0 consommer le produit.[\/vc_column_text][\/vc_column][\/vc_row][vc_row css=&#8221;.vc_custom_1569146561550{padding-top: 50px !important;}&#8221;][vc_column width=&#8221;1\/3&#8243;][vc_single_image image=&#8221;2939&#8243; alignment=&#8221;center&#8221;][vc_btn title=&#8221;Voir la fiche conseil&#8221; color=&#8221;vista-blue&#8221; align=&#8221;center&#8221; css_animation=&#8221;none&#8221; link=&#8221;url:https%3A%2F%2Fnozama.pro%2Fwp-content%2Fuploads%2F2019%2F09%2FFC-Crock-rats.pdf|||&#8221;][\/vc_column][\/vc_row]<\/p>\n","protected":false},"excerpt":{"rendered":"<p>[vc_row][vc_column][vc_column_text]Granul\u00e9s pr\u00eats \u00e0 l\u2019emploi \u00e0 base d\u2019un anticoagulant de premi\u00e8re g\u00e9n\u00e9ration : la chlorophacinone. \u00c0 utiliser sur les rats. L\u2019action du produit est observable dans les 3 \u00e0 14 jours suivant l\u2019ingestion du produit par les rongeurs. Plusieurs prises sont n\u00e9cessaires pour que les rongeurs succombent. Ce d\u00e9lai entre l\u2019ingestion et la mort du rongeur [&hellip;]<\/p>\n","protected":false},"featured_media":3614,"comment_status":"open","ping_status":"closed","template":"","meta":[],"product_cat":[101,110],"product_tag":[],"yoast_head":"<!-- This site is optimized with the Yoast SEO plugin v20.5 - https:\/\/yoast.com\/wordpress\/plugins\/seo\/ -->\n<title>APE LE CROK CHLOROPHACINONE SACHET 25g RATICIDE - Bo\u00eete 100g - nozama<\/title>\n<meta name=\"robots\" content=\"index, follow, max-snippet:-1, max-image-preview:large, max-video-preview:-1\" \/>\n<link rel=\"canonical\" href=\"https:\/\/nozama.pro\/index.php\/product\/ape-le-crok-chlorophacinone-sachet-25gr-raticide-boite-100g\/\" \/>\n<meta property=\"og:locale\" content=\"fr_FR\" \/>\n<meta property=\"og:type\" content=\"article\" \/>\n<meta property=\"og:title\" content=\"APE LE CROK CHLOROPHACINONE SACHET 25g RATICIDE - Bo\u00eete 100g - nozama\" \/>\n<meta property=\"og:description\" content=\"[vc_row][vc_column][vc_column_text]Granul\u00e9s pr\u00eats \u00e0 l\u2019emploi \u00e0 base d\u2019un anticoagulant de premi\u00e8re g\u00e9n\u00e9ration : la chlorophacinone. \u00c0 utiliser sur les rats. L\u2019action du produit est observable dans les 3 \u00e0 14 jours suivant l\u2019ingestion du produit par les rongeurs. Plusieurs prises sont n\u00e9cessaires pour que les rongeurs succombent. Ce d\u00e9lai entre l\u2019ingestion et la mort du rongeur [&hellip;]\" \/>\n<meta property=\"og:url\" content=\"https:\/\/nozama.pro\/index.php\/product\/ape-le-crok-chlorophacinone-sachet-25gr-raticide-boite-100g\/\" \/>\n<meta property=\"og:site_name\" content=\"nozama\" \/>\n<meta property=\"article:modified_time\" content=\"2019-09-30T07:57:22+00:00\" \/>\n<meta property=\"og:image\" content=\"https:\/\/nozama.pro\/wp-content\/uploads\/2019\/09\/ape-le-crok-chlorophacinone-sachet25gr-raticide-100g.jpg\" \/>\n\t<meta property=\"og:image:width\" content=\"600\" \/>\n\t<meta property=\"og:image:height\" content=\"600\" \/>\n\t<meta property=\"og:image:type\" content=\"image\/jpeg\" \/>\n<meta name=\"twitter:card\" content=\"summary_large_image\" \/>\n<meta name=\"twitter:label1\" content=\"Dur\u00e9e de lecture estim\u00e9e\" \/>\n\t<meta name=\"twitter:data1\" content=\"1 minute\" \/>\n<script type=\"application\/ld+json\" class=\"yoast-schema-graph\">{\"@context\":\"https:\/\/schema.org\",\"@graph\":[{\"@type\":\"WebPage\",\"@id\":\"https:\/\/nozama.pro\/index.php\/product\/ape-le-crok-chlorophacinone-sachet-25gr-raticide-boite-100g\/\",\"url\":\"https:\/\/nozama.pro\/index.php\/product\/ape-le-crok-chlorophacinone-sachet-25gr-raticide-boite-100g\/\",\"name\":\"APE LE CROK CHLOROPHACINONE SACHET 25g RATICIDE - Bo\u00eete 100g - nozama\",\"isPartOf\":{\"@id\":\"https:\/\/nozama.pro\/#website\"},\"datePublished\":\"2019-09-30T07:54:47+00:00\",\"dateModified\":\"2019-09-30T07:57:22+00:00\",\"breadcrumb\":{\"@id\":\"https:\/\/nozama.pro\/index.php\/product\/ape-le-crok-chlorophacinone-sachet-25gr-raticide-boite-100g\/#breadcrumb\"},\"inLanguage\":\"fr-FR\",\"potentialAction\":[{\"@type\":\"ReadAction\",\"target\":[\"https:\/\/nozama.pro\/index.php\/product\/ape-le-crok-chlorophacinone-sachet-25gr-raticide-boite-100g\/\"]}]},{\"@type\":\"BreadcrumbList\",\"@id\":\"https:\/\/nozama.pro\/index.php\/product\/ape-le-crok-chlorophacinone-sachet-25gr-raticide-boite-100g\/#breadcrumb\",\"itemListElement\":[{\"@type\":\"ListItem\",\"position\":1,\"name\":\"Accueil\",\"item\":\"https:\/\/nozama.pro\/\"},{\"@type\":\"ListItem\",\"position\":2,\"name\":\"Cat\u00e9gories\",\"item\":\"https:\/\/nozama.pro\/index.php\/categories\/\"},{\"@type\":\"ListItem\",\"position\":3,\"name\":\"APE LE CROK CHLOROPHACINONE SACHET 25g RATICIDE &#8211; Bo\u00eete 100g\"}]},{\"@type\":\"WebSite\",\"@id\":\"https:\/\/nozama.pro\/#website\",\"url\":\"https:\/\/nozama.pro\/\",\"name\":\"nozama\",\"description\":\"Les solutions du quotidien\",\"potentialAction\":[{\"@type\":\"SearchAction\",\"target\":{\"@type\":\"EntryPoint\",\"urlTemplate\":\"https:\/\/nozama.pro\/?s={search_term_string}\"},\"query-input\":\"required name=search_term_string\"}],\"inLanguage\":\"fr-FR\"}]}<\/script>\n<!-- \/ Yoast SEO plugin. -->","yoast_head_json":{"title":"APE LE CROK CHLOROPHACINONE SACHET 25g RATICIDE - Bo\u00eete 100g - nozama","robots":{"index":"index","follow":"follow","max-snippet":"max-snippet:-1","max-image-preview":"max-image-preview:large","max-video-preview":"max-video-preview:-1"},"canonical":"https:\/\/nozama.pro\/index.php\/product\/ape-le-crok-chlorophacinone-sachet-25gr-raticide-boite-100g\/","og_locale":"fr_FR","og_type":"article","og_title":"APE LE CROK CHLOROPHACINONE SACHET 25g RATICIDE - Bo\u00eete 100g - nozama","og_description":"[vc_row][vc_column][vc_column_text]Granul\u00e9s pr\u00eats \u00e0 l\u2019emploi \u00e0 base d\u2019un anticoagulant de premi\u00e8re g\u00e9n\u00e9ration : la chlorophacinone. \u00c0 utiliser sur les rats. L\u2019action du produit est observable dans les 3 \u00e0 14 jours suivant l\u2019ingestion du produit par les rongeurs. Plusieurs prises sont n\u00e9cessaires pour que les rongeurs succombent. Ce d\u00e9lai entre l\u2019ingestion et la mort du rongeur [&hellip;]","og_url":"https:\/\/nozama.pro\/index.php\/product\/ape-le-crok-chlorophacinone-sachet-25gr-raticide-boite-100g\/","og_site_name":"nozama","article_modified_time":"2019-09-30T07:57:22+00:00","og_image":[{"width":600,"height":600,"url":"https:\/\/nozama.pro\/wp-content\/uploads\/2019\/09\/ape-le-crok-chlorophacinone-sachet25gr-raticide-100g.jpg","type":"image\/jpeg"}],"twitter_card":"summary_large_image","twitter_misc":{"Dur\u00e9e de lecture estim\u00e9e":"1 minute"},"schema":{"@context":"https:\/\/schema.org","@graph":[{"@type":"WebPage","@id":"https:\/\/nozama.pro\/index.php\/product\/ape-le-crok-chlorophacinone-sachet-25gr-raticide-boite-100g\/","url":"https:\/\/nozama.pro\/index.php\/product\/ape-le-crok-chlorophacinone-sachet-25gr-raticide-boite-100g\/","name":"APE LE CROK CHLOROPHACINONE SACHET 25g RATICIDE - Bo\u00eete 100g - nozama","isPartOf":{"@id":"https:\/\/nozama.pro\/#website"},"datePublished":"2019-09-30T07:54:47+00:00","dateModified":"2019-09-30T07:57:22+00:00","breadcrumb":{"@id":"https:\/\/nozama.pro\/index.php\/product\/ape-le-crok-chlorophacinone-sachet-25gr-raticide-boite-100g\/#breadcrumb"},"inLanguage":"fr-FR","potentialAction":[{"@type":"ReadAction","target":["https:\/\/nozama.pro\/index.php\/product\/ape-le-crok-chlorophacinone-sachet-25gr-raticide-boite-100g\/"]}]},{"@type":"BreadcrumbList","@id":"https:\/\/nozama.pro\/index.php\/product\/ape-le-crok-chlorophacinone-sachet-25gr-raticide-boite-100g\/#breadcrumb","itemListElement":[{"@type":"ListItem","position":1,"name":"Accueil","item":"https:\/\/nozama.pro\/"},{"@type":"ListItem","position":2,"name":"Cat\u00e9gories","item":"https:\/\/nozama.pro\/index.php\/categories\/"},{"@type":"ListItem","position":3,"name":"APE LE CROK CHLOROPHACINONE SACHET 25g RATICIDE &#8211; Bo\u00eete 100g"}]},{"@type":"WebSite","@id":"https:\/\/nozama.pro\/#website","url":"https:\/\/nozama.pro\/","name":"nozama","description":"Les solutions du quotidien","potentialAction":[{"@type":"SearchAction","target":{"@type":"EntryPoint","urlTemplate":"https:\/\/nozama.pro\/?s={search_term_string}"},"query-input":"required name=search_term_string"}],"inLanguage":"fr-FR"}]}},"_links":{"self":[{"href":"https:\/\/nozama.pro\/index.php\/wp-json\/wp\/v3\/product\/3634"}],"collection":[{"href":"https:\/\/nozama.pro\/index.php\/wp-json\/wp\/v3\/product"}],"about":[{"href":"https:\/\/nozama.pro\/index.php\/wp-json\/wp\/v2\/types\/product"}],"replies":[{"embeddable":true,"href":"https:\/\/nozama.pro\/index.php\/wp-json\/wp\/v2\/comments?post=3634"}],"wp:featuredmedia":[{"embeddable":true,"href":"https:\/\/nozama.pro\/index.php\/wp-json\/wp\/v2\/media\/3614"}],"wp:attachment":[{"href":"https:\/\/nozama.pro\/index.php\/wp-json\/wp\/v2\/media?parent=3634"}],"wp:term":[{"taxonomy":"product_cat","embeddable":true,"href":"https:\/\/nozama.pro\/index.php\/wp-json\/wp\/v2\/product_cat?post=3634"},{"taxonomy":"product_tag","embeddable":true,"href":"https:\/\/nozama.pro\/index.php\/wp-json\/wp\/v2\/product_tag?post=3634"}],"curies":[{"name":"wp","href":"https:\/\/api.w.org\/{rel}","templated":true}]}}