{"id":4892,"date":"2019-11-06T07:05:05","date_gmt":"2019-11-06T06:05:05","guid":{"rendered":"https:\/\/nozama.pro\/?post_type=product&#038;p=4892"},"modified":"2019-11-06T07:09:15","modified_gmt":"2019-11-06T06:09:15","slug":"ape-bromagrain-bromadiolone-avoine-souris-100g","status":"publish","type":"product","link":"https:\/\/nozama.pro\/index.php\/product\/ape-bromagrain-bromadiolone-avoine-souris-100g\/","title":{"rendered":"APE &#8211; BROMAGRAIN BROMADIOLONE AVOINE souris &#8211; 100g"},"content":{"rendered":"<p>[vc_row][vc_column][vc_column_text]<\/p>\n<div class=\"page\" title=\"Page 1\">\n<div class=\"section\">\n<div class=\"layoutArea\">\n<div class=\"column\">\n<p>APE <b>BROMAGRAIN <\/b>est un rodenticide <b>TOUTES ESP\u00c8CES <\/b>pr\u00eat \u00e0 l\u2019emploi qui permet d\u2019\u00e9liminer l\u2019ensemble des rongeurs et nuisibles r\u00e9sistants.<\/p>\n<p><b>Son pouvoir HYPER ATTRACTIF<\/b>, d\u00fb \u00e0 son ar\u00f4me particulier, <b>lui conf\u00e8re une puissance remarquable<\/b>. Une seule ingestion est fatale. Id\u00e9al en zones humides. Tr\u00e8s facile d\u2019utilisation, BROMAGRAIN c\u00e9r\u00e9ales se pr\u00e9sente sous forme de m\u00fcesli. Id\u00e9al en app\u00e2ts de piste et tr\u00e8s longue conservation.<span class=\"Apple-converted-space\">\u00a0<\/span><\/p>\n<p>CEREALES BIOSTABILISEES ne germe pas.<span class=\"Apple-converted-space\"><br \/>\n<\/span>Lieu sec<span class=\"Apple-converted-space\"><br \/>\n<\/span>La mol\u00e9cule anti-coagulante est :<span class=\"Apple-converted-space\">\u00a0<\/span>Bromadiolone.<\/p>\n<p>App\u00e9tence MAXIMALE<span class=\"Apple-converted-space\">\u00a0<\/span><\/p>\n<\/div>\n<\/div>\n<\/div>\n<\/div>\n<p>[\/vc_column_text][\/vc_column][\/vc_row][vc_row css=&#8221;.vc_custom_1569146561550{padding-top: 50px !important;}&#8221;][vc_column width=&#8221;1\/3&#8243;][vc_single_image image=&#8221;2939&#8243; alignment=&#8221;center&#8221;][vc_btn title=&#8221;Voir la fiche conseil&#8221; color=&#8221;vista-blue&#8221; align=&#8221;center&#8221; css_animation=&#8221;none&#8221; link=&#8221;url:https%3A%2F%2Fnozama.pro%2Fwp-content%2Fuploads%2F2019%2F11%2FFC-APE-Raticide-BROMAGRAIN-BROMADIOLONE-AVOINE.pdf|||&#8221;][\/vc_column][vc_column width=&#8221;1\/3&#8243;][\/vc_column][vc_column width=&#8221;1\/3&#8243;][\/vc_column][\/vc_row]<\/p>\n","protected":false},"excerpt":{"rendered":"<p>[vc_row][vc_column][vc_column_text] APE BROMAGRAIN est un rodenticide TOUTES ESP\u00c8CES pr\u00eat \u00e0 l\u2019emploi qui permet d\u2019\u00e9liminer l\u2019ensemble des rongeurs et nuisibles r\u00e9sistants. Son pouvoir HYPER ATTRACTIF, d\u00fb \u00e0 son ar\u00f4me particulier, lui conf\u00e8re une puissance remarquable. Une seule ingestion est fatale. Id\u00e9al en zones humides. Tr\u00e8s facile d\u2019utilisation, BROMAGRAIN c\u00e9r\u00e9ales se pr\u00e9sente sous forme de m\u00fcesli. Id\u00e9al [&hellip;]<\/p>\n","protected":false},"featured_media":4889,"comment_status":"open","ping_status":"closed","template":"","meta":[],"product_cat":[101,110],"product_tag":[],"yoast_head":"<!-- This site is optimized with the Yoast SEO plugin v20.5 - https:\/\/yoast.com\/wordpress\/plugins\/seo\/ -->\n<title>APE - BROMAGRAIN BROMADIOLONE AVOINE souris - 100g - nozama<\/title>\n<meta name=\"robots\" content=\"index, follow, max-snippet:-1, max-image-preview:large, max-video-preview:-1\" \/>\n<link rel=\"canonical\" href=\"https:\/\/nozama.pro\/index.php\/product\/ape-bromagrain-bromadiolone-avoine-souris-100g\/\" \/>\n<meta property=\"og:locale\" content=\"fr_FR\" \/>\n<meta property=\"og:type\" content=\"article\" \/>\n<meta property=\"og:title\" content=\"APE - BROMAGRAIN BROMADIOLONE AVOINE souris - 100g - nozama\" \/>\n<meta property=\"og:description\" content=\"[vc_row][vc_column][vc_column_text] APE BROMAGRAIN est un rodenticide TOUTES ESP\u00c8CES pr\u00eat \u00e0 l\u2019emploi qui permet d\u2019\u00e9liminer l\u2019ensemble des rongeurs et nuisibles r\u00e9sistants. Son pouvoir HYPER ATTRACTIF, d\u00fb \u00e0 son ar\u00f4me particulier, lui conf\u00e8re une puissance remarquable. Une seule ingestion est fatale. Id\u00e9al en zones humides. Tr\u00e8s facile d\u2019utilisation, BROMAGRAIN c\u00e9r\u00e9ales se pr\u00e9sente sous forme de m\u00fcesli. Id\u00e9al [&hellip;]\" \/>\n<meta property=\"og:url\" content=\"https:\/\/nozama.pro\/index.php\/product\/ape-bromagrain-bromadiolone-avoine-souris-100g\/\" \/>\n<meta property=\"og:site_name\" content=\"nozama\" \/>\n<meta property=\"article:modified_time\" content=\"2019-11-06T06:09:15+00:00\" \/>\n<meta property=\"og:image\" content=\"https:\/\/nozama.pro\/wp-content\/uploads\/2019\/11\/ape-bromagrain-bromadiolone-avoine-050115.jpg\" \/>\n\t<meta property=\"og:image:width\" content=\"600\" \/>\n\t<meta property=\"og:image:height\" content=\"600\" \/>\n\t<meta property=\"og:image:type\" content=\"image\/jpeg\" \/>\n<meta name=\"twitter:card\" content=\"summary_large_image\" \/>\n<meta name=\"twitter:label1\" content=\"Dur\u00e9e de lecture estim\u00e9e\" \/>\n\t<meta name=\"twitter:data1\" content=\"1 minute\" \/>\n<script type=\"application\/ld+json\" class=\"yoast-schema-graph\">{\"@context\":\"https:\/\/schema.org\",\"@graph\":[{\"@type\":\"WebPage\",\"@id\":\"https:\/\/nozama.pro\/index.php\/product\/ape-bromagrain-bromadiolone-avoine-souris-100g\/\",\"url\":\"https:\/\/nozama.pro\/index.php\/product\/ape-bromagrain-bromadiolone-avoine-souris-100g\/\",\"name\":\"APE - BROMAGRAIN BROMADIOLONE AVOINE souris - 100g - nozama\",\"isPartOf\":{\"@id\":\"https:\/\/nozama.pro\/#website\"},\"datePublished\":\"2019-11-06T06:05:05+00:00\",\"dateModified\":\"2019-11-06T06:09:15+00:00\",\"breadcrumb\":{\"@id\":\"https:\/\/nozama.pro\/index.php\/product\/ape-bromagrain-bromadiolone-avoine-souris-100g\/#breadcrumb\"},\"inLanguage\":\"fr-FR\",\"potentialAction\":[{\"@type\":\"ReadAction\",\"target\":[\"https:\/\/nozama.pro\/index.php\/product\/ape-bromagrain-bromadiolone-avoine-souris-100g\/\"]}]},{\"@type\":\"BreadcrumbList\",\"@id\":\"https:\/\/nozama.pro\/index.php\/product\/ape-bromagrain-bromadiolone-avoine-souris-100g\/#breadcrumb\",\"itemListElement\":[{\"@type\":\"ListItem\",\"position\":1,\"name\":\"Accueil\",\"item\":\"https:\/\/nozama.pro\/\"},{\"@type\":\"ListItem\",\"position\":2,\"name\":\"Cat\u00e9gories\",\"item\":\"https:\/\/nozama.pro\/index.php\/categories\/\"},{\"@type\":\"ListItem\",\"position\":3,\"name\":\"APE &#8211; BROMAGRAIN BROMADIOLONE AVOINE souris &#8211; 100g\"}]},{\"@type\":\"WebSite\",\"@id\":\"https:\/\/nozama.pro\/#website\",\"url\":\"https:\/\/nozama.pro\/\",\"name\":\"nozama\",\"description\":\"Les solutions du quotidien\",\"potentialAction\":[{\"@type\":\"SearchAction\",\"target\":{\"@type\":\"EntryPoint\",\"urlTemplate\":\"https:\/\/nozama.pro\/?s={search_term_string}\"},\"query-input\":\"required name=search_term_string\"}],\"inLanguage\":\"fr-FR\"}]}<\/script>\n<!-- \/ Yoast SEO plugin. -->","yoast_head_json":{"title":"APE - BROMAGRAIN BROMADIOLONE AVOINE souris - 100g - nozama","robots":{"index":"index","follow":"follow","max-snippet":"max-snippet:-1","max-image-preview":"max-image-preview:large","max-video-preview":"max-video-preview:-1"},"canonical":"https:\/\/nozama.pro\/index.php\/product\/ape-bromagrain-bromadiolone-avoine-souris-100g\/","og_locale":"fr_FR","og_type":"article","og_title":"APE - BROMAGRAIN BROMADIOLONE AVOINE souris - 100g - nozama","og_description":"[vc_row][vc_column][vc_column_text] APE BROMAGRAIN est un rodenticide TOUTES ESP\u00c8CES pr\u00eat \u00e0 l\u2019emploi qui permet d\u2019\u00e9liminer l\u2019ensemble des rongeurs et nuisibles r\u00e9sistants. Son pouvoir HYPER ATTRACTIF, d\u00fb \u00e0 son ar\u00f4me particulier, lui conf\u00e8re une puissance remarquable. Une seule ingestion est fatale. Id\u00e9al en zones humides. Tr\u00e8s facile d\u2019utilisation, BROMAGRAIN c\u00e9r\u00e9ales se pr\u00e9sente sous forme de m\u00fcesli. Id\u00e9al [&hellip;]","og_url":"https:\/\/nozama.pro\/index.php\/product\/ape-bromagrain-bromadiolone-avoine-souris-100g\/","og_site_name":"nozama","article_modified_time":"2019-11-06T06:09:15+00:00","og_image":[{"width":600,"height":600,"url":"https:\/\/nozama.pro\/wp-content\/uploads\/2019\/11\/ape-bromagrain-bromadiolone-avoine-050115.jpg","type":"image\/jpeg"}],"twitter_card":"summary_large_image","twitter_misc":{"Dur\u00e9e de lecture estim\u00e9e":"1 minute"},"schema":{"@context":"https:\/\/schema.org","@graph":[{"@type":"WebPage","@id":"https:\/\/nozama.pro\/index.php\/product\/ape-bromagrain-bromadiolone-avoine-souris-100g\/","url":"https:\/\/nozama.pro\/index.php\/product\/ape-bromagrain-bromadiolone-avoine-souris-100g\/","name":"APE - BROMAGRAIN BROMADIOLONE AVOINE souris - 100g - nozama","isPartOf":{"@id":"https:\/\/nozama.pro\/#website"},"datePublished":"2019-11-06T06:05:05+00:00","dateModified":"2019-11-06T06:09:15+00:00","breadcrumb":{"@id":"https:\/\/nozama.pro\/index.php\/product\/ape-bromagrain-bromadiolone-avoine-souris-100g\/#breadcrumb"},"inLanguage":"fr-FR","potentialAction":[{"@type":"ReadAction","target":["https:\/\/nozama.pro\/index.php\/product\/ape-bromagrain-bromadiolone-avoine-souris-100g\/"]}]},{"@type":"BreadcrumbList","@id":"https:\/\/nozama.pro\/index.php\/product\/ape-bromagrain-bromadiolone-avoine-souris-100g\/#breadcrumb","itemListElement":[{"@type":"ListItem","position":1,"name":"Accueil","item":"https:\/\/nozama.pro\/"},{"@type":"ListItem","position":2,"name":"Cat\u00e9gories","item":"https:\/\/nozama.pro\/index.php\/categories\/"},{"@type":"ListItem","position":3,"name":"APE &#8211; BROMAGRAIN BROMADIOLONE AVOINE souris &#8211; 100g"}]},{"@type":"WebSite","@id":"https:\/\/nozama.pro\/#website","url":"https:\/\/nozama.pro\/","name":"nozama","description":"Les solutions du quotidien","potentialAction":[{"@type":"SearchAction","target":{"@type":"EntryPoint","urlTemplate":"https:\/\/nozama.pro\/?s={search_term_string}"},"query-input":"required name=search_term_string"}],"inLanguage":"fr-FR"}]}},"_links":{"self":[{"href":"https:\/\/nozama.pro\/index.php\/wp-json\/wp\/v3\/product\/4892"}],"collection":[{"href":"https:\/\/nozama.pro\/index.php\/wp-json\/wp\/v3\/product"}],"about":[{"href":"https:\/\/nozama.pro\/index.php\/wp-json\/wp\/v2\/types\/product"}],"replies":[{"embeddable":true,"href":"https:\/\/nozama.pro\/index.php\/wp-json\/wp\/v2\/comments?post=4892"}],"wp:featuredmedia":[{"embeddable":true,"href":"https:\/\/nozama.pro\/index.php\/wp-json\/wp\/v2\/media\/4889"}],"wp:attachment":[{"href":"https:\/\/nozama.pro\/index.php\/wp-json\/wp\/v2\/media?parent=4892"}],"wp:term":[{"taxonomy":"product_cat","embeddable":true,"href":"https:\/\/nozama.pro\/index.php\/wp-json\/wp\/v2\/product_cat?post=4892"},{"taxonomy":"product_tag","embeddable":true,"href":"https:\/\/nozama.pro\/index.php\/wp-json\/wp\/v2\/product_tag?post=4892"}],"curies":[{"name":"wp","href":"https:\/\/api.w.org\/{rel}","templated":true}]}}