{"id":4911,"date":"2019-11-06T07:34:00","date_gmt":"2019-11-06T06:34:00","guid":{"rendered":"https:\/\/nozama.pro\/?post_type=product&#038;p=4911"},"modified":"2023-09-18T07:04:46","modified_gmt":"2023-09-18T05:04:46","slug":"ape-frap-block-difethialone-multicereales-rats-noirs-100g","status":"publish","type":"product","link":"https:\/\/nozama.pro\/index.php\/product\/ape-frap-block-difethialone-multicereales-rats-noirs-100g\/","title":{"rendered":"APE &#8211; FRAP BLOCK DIF\u00c9THIALONE MULTIC\u00c9R\u00c9ALES rats noirs &#8211; 100g"},"content":{"rendered":"<p>[vc_row][vc_column][vc_column_text]<\/p>\n<div class=\"page\" title=\"Page 1\">\n<div class=\"section\">\n<div class=\"layoutArea\">\n<div class=\"column\">\n<div class=\"page\" title=\"Page 1\">\n<div class=\"section\">\n<div class=\"layoutArea\">\n<div class=\"column\">\n<p><strong><span class=\"Apple-converted-space\">\u00a0<\/span>FRAP BLOCK<\/strong> est un Rodenticide <b>TOUTES ESP\u00c8CES <\/b>pr\u00eat \u00e0 l\u2019emploi qui permet d\u2019\u00e9liminer les rats bruns, rats noirs et souris domestiques. Son pouvoir hydrofuge lui conf\u00e8re une tr\u00e8s longue conservation en milieu humide. <b>Une seule ingestion est fatale.<span class=\"Apple-converted-space\">\u00a0<\/span><\/b><\/p>\n<p>MULTICEREALES lieu humide, app\u00e2t bloc 25g avec trou perc\u00e9 qui permet une accroche pour une consommation sur place.<span class=\"Apple-converted-space\">\u00a0<\/span><\/p>\n<p>M\u00e9lange unique d\u2019un muesli aromatis\u00e9 \u00e0 chaud.<span class=\"Apple-converted-space\">\u00a0<\/span><\/p>\n<p>Curatif et pr\u00e9ventif. La mol\u00e9cule anti-coagulante choisie est : Difethialone .<span class=\"Apple-converted-space\">\u00a0<\/span><\/p>\n<p>Ne moisit pas, ne se d\u00e9lite pas, tr\u00e8s longue conservation.<\/p>\n<\/div>\n<\/div>\n<\/div>\n<\/div>\n<\/div>\n<\/div>\n<\/div>\n<\/div>\n<p>[\/vc_column_text][\/vc_column][\/vc_row][vc_row css=&#8221;.vc_custom_1569146561550{padding-top: 50px !important;}&#8221;][vc_column width=&#8221;1\/3&#8243;][vc_single_image image=&#8221;2939&#8243; alignment=&#8221;center&#8221;][vc_btn title=&#8221;Voir la fiche conseil&#8221; color=&#8221;vista-blue&#8221; align=&#8221;center&#8221; css_animation=&#8221;none&#8221; link=&#8221;url:https%3A%2F%2Fnozama.pro%2Fwp-content%2Fuploads%2F2019%2F11%2FFC-Frap-block.pdf|||&#8221;][\/vc_column][vc_column width=&#8221;1\/3&#8243;][vc_single_image image=&#8221;2939&#8243; alignment=&#8221;center&#8221;][vc_btn title=&#8221;Voir la fiche s\u00e9curit\u00e9&#8221; color=&#8221;vista-blue&#8221; align=&#8221;center&#8221; css_animation=&#8221;none&#8221; link=&#8221;url:https%3A%2F%2Fnozama.pro%2Fwp-content%2Fuploads%2F2023%2F09%2FFS-APE-Frap-Block-2023.pdf&#8221;][\/vc_column][vc_column width=&#8221;1\/3&#8243;][\/vc_column][\/vc_row]<\/p>\n","protected":false},"excerpt":{"rendered":"<p>[vc_row][vc_column][vc_column_text] \u00a0FRAP BLOCK est un Rodenticide TOUTES ESP\u00c8CES pr\u00eat \u00e0 l\u2019emploi qui permet d\u2019\u00e9liminer les rats bruns, rats noirs et souris domestiques. Son pouvoir hydrofuge lui conf\u00e8re une tr\u00e8s longue conservation en milieu humide. Une seule ingestion est fatale.\u00a0 MULTICEREALES lieu humide, app\u00e2t bloc 25g avec trou perc\u00e9 qui permet une accroche pour une consommation [&hellip;]<\/p>\n","protected":false},"featured_media":4908,"comment_status":"open","ping_status":"closed","template":"","meta":[],"product_cat":[101,110],"product_tag":[],"yoast_head":"<!-- This site is optimized with the Yoast SEO plugin v20.5 - https:\/\/yoast.com\/wordpress\/plugins\/seo\/ -->\n<title>APE - FRAP BLOCK DIF\u00c9THIALONE MULTIC\u00c9R\u00c9ALES rats noirs - 100g - nozama<\/title>\n<meta name=\"robots\" content=\"index, follow, max-snippet:-1, max-image-preview:large, max-video-preview:-1\" \/>\n<link rel=\"canonical\" href=\"https:\/\/nozama.pro\/index.php\/product\/ape-frap-block-difethialone-multicereales-rats-noirs-100g\/\" \/>\n<meta property=\"og:locale\" content=\"fr_FR\" \/>\n<meta property=\"og:type\" content=\"article\" \/>\n<meta property=\"og:title\" content=\"APE - FRAP BLOCK DIF\u00c9THIALONE MULTIC\u00c9R\u00c9ALES rats noirs - 100g - nozama\" \/>\n<meta property=\"og:description\" content=\"[vc_row][vc_column][vc_column_text] \u00a0FRAP BLOCK est un Rodenticide TOUTES ESP\u00c8CES pr\u00eat \u00e0 l\u2019emploi qui permet d\u2019\u00e9liminer les rats bruns, rats noirs et souris domestiques. Son pouvoir hydrofuge lui conf\u00e8re une tr\u00e8s longue conservation en milieu humide. Une seule ingestion est fatale.\u00a0 MULTICEREALES lieu humide, app\u00e2t bloc 25g avec trou perc\u00e9 qui permet une accroche pour une consommation [&hellip;]\" \/>\n<meta property=\"og:url\" content=\"https:\/\/nozama.pro\/index.php\/product\/ape-frap-block-difethialone-multicereales-rats-noirs-100g\/\" \/>\n<meta property=\"og:site_name\" content=\"nozama\" \/>\n<meta property=\"article:modified_time\" content=\"2023-09-18T05:04:46+00:00\" \/>\n<meta property=\"og:image\" content=\"https:\/\/nozama.pro\/wp-content\/uploads\/2019\/11\/ape-frap-block-difethialone-multicereales-130115.jpg\" \/>\n\t<meta property=\"og:image:width\" content=\"600\" \/>\n\t<meta property=\"og:image:height\" content=\"600\" \/>\n\t<meta property=\"og:image:type\" content=\"image\/jpeg\" \/>\n<meta name=\"twitter:card\" content=\"summary_large_image\" \/>\n<meta name=\"twitter:label1\" content=\"Dur\u00e9e de lecture estim\u00e9e\" \/>\n\t<meta name=\"twitter:data1\" content=\"1 minute\" \/>\n<script type=\"application\/ld+json\" class=\"yoast-schema-graph\">{\"@context\":\"https:\/\/schema.org\",\"@graph\":[{\"@type\":\"WebPage\",\"@id\":\"https:\/\/nozama.pro\/index.php\/product\/ape-frap-block-difethialone-multicereales-rats-noirs-100g\/\",\"url\":\"https:\/\/nozama.pro\/index.php\/product\/ape-frap-block-difethialone-multicereales-rats-noirs-100g\/\",\"name\":\"APE - FRAP BLOCK DIF\u00c9THIALONE MULTIC\u00c9R\u00c9ALES rats noirs - 100g - nozama\",\"isPartOf\":{\"@id\":\"https:\/\/nozama.pro\/#website\"},\"datePublished\":\"2019-11-06T06:34:00+00:00\",\"dateModified\":\"2023-09-18T05:04:46+00:00\",\"breadcrumb\":{\"@id\":\"https:\/\/nozama.pro\/index.php\/product\/ape-frap-block-difethialone-multicereales-rats-noirs-100g\/#breadcrumb\"},\"inLanguage\":\"fr-FR\",\"potentialAction\":[{\"@type\":\"ReadAction\",\"target\":[\"https:\/\/nozama.pro\/index.php\/product\/ape-frap-block-difethialone-multicereales-rats-noirs-100g\/\"]}]},{\"@type\":\"BreadcrumbList\",\"@id\":\"https:\/\/nozama.pro\/index.php\/product\/ape-frap-block-difethialone-multicereales-rats-noirs-100g\/#breadcrumb\",\"itemListElement\":[{\"@type\":\"ListItem\",\"position\":1,\"name\":\"Accueil\",\"item\":\"https:\/\/nozama.pro\/\"},{\"@type\":\"ListItem\",\"position\":2,\"name\":\"Cat\u00e9gories\",\"item\":\"https:\/\/nozama.pro\/index.php\/categories\/\"},{\"@type\":\"ListItem\",\"position\":3,\"name\":\"APE &#8211; FRAP BLOCK DIF\u00c9THIALONE MULTIC\u00c9R\u00c9ALES rats noirs &#8211; 100g\"}]},{\"@type\":\"WebSite\",\"@id\":\"https:\/\/nozama.pro\/#website\",\"url\":\"https:\/\/nozama.pro\/\",\"name\":\"nozama\",\"description\":\"Les solutions du quotidien\",\"potentialAction\":[{\"@type\":\"SearchAction\",\"target\":{\"@type\":\"EntryPoint\",\"urlTemplate\":\"https:\/\/nozama.pro\/?s={search_term_string}\"},\"query-input\":\"required name=search_term_string\"}],\"inLanguage\":\"fr-FR\"}]}<\/script>\n<!-- \/ Yoast SEO plugin. -->","yoast_head_json":{"title":"APE - FRAP BLOCK DIF\u00c9THIALONE MULTIC\u00c9R\u00c9ALES rats noirs - 100g - nozama","robots":{"index":"index","follow":"follow","max-snippet":"max-snippet:-1","max-image-preview":"max-image-preview:large","max-video-preview":"max-video-preview:-1"},"canonical":"https:\/\/nozama.pro\/index.php\/product\/ape-frap-block-difethialone-multicereales-rats-noirs-100g\/","og_locale":"fr_FR","og_type":"article","og_title":"APE - FRAP BLOCK DIF\u00c9THIALONE MULTIC\u00c9R\u00c9ALES rats noirs - 100g - nozama","og_description":"[vc_row][vc_column][vc_column_text] \u00a0FRAP BLOCK est un Rodenticide TOUTES ESP\u00c8CES pr\u00eat \u00e0 l\u2019emploi qui permet d\u2019\u00e9liminer les rats bruns, rats noirs et souris domestiques. Son pouvoir hydrofuge lui conf\u00e8re une tr\u00e8s longue conservation en milieu humide. Une seule ingestion est fatale.\u00a0 MULTICEREALES lieu humide, app\u00e2t bloc 25g avec trou perc\u00e9 qui permet une accroche pour une consommation [&hellip;]","og_url":"https:\/\/nozama.pro\/index.php\/product\/ape-frap-block-difethialone-multicereales-rats-noirs-100g\/","og_site_name":"nozama","article_modified_time":"2023-09-18T05:04:46+00:00","og_image":[{"width":600,"height":600,"url":"https:\/\/nozama.pro\/wp-content\/uploads\/2019\/11\/ape-frap-block-difethialone-multicereales-130115.jpg","type":"image\/jpeg"}],"twitter_card":"summary_large_image","twitter_misc":{"Dur\u00e9e de lecture estim\u00e9e":"1 minute"},"schema":{"@context":"https:\/\/schema.org","@graph":[{"@type":"WebPage","@id":"https:\/\/nozama.pro\/index.php\/product\/ape-frap-block-difethialone-multicereales-rats-noirs-100g\/","url":"https:\/\/nozama.pro\/index.php\/product\/ape-frap-block-difethialone-multicereales-rats-noirs-100g\/","name":"APE - FRAP BLOCK DIF\u00c9THIALONE MULTIC\u00c9R\u00c9ALES rats noirs - 100g - nozama","isPartOf":{"@id":"https:\/\/nozama.pro\/#website"},"datePublished":"2019-11-06T06:34:00+00:00","dateModified":"2023-09-18T05:04:46+00:00","breadcrumb":{"@id":"https:\/\/nozama.pro\/index.php\/product\/ape-frap-block-difethialone-multicereales-rats-noirs-100g\/#breadcrumb"},"inLanguage":"fr-FR","potentialAction":[{"@type":"ReadAction","target":["https:\/\/nozama.pro\/index.php\/product\/ape-frap-block-difethialone-multicereales-rats-noirs-100g\/"]}]},{"@type":"BreadcrumbList","@id":"https:\/\/nozama.pro\/index.php\/product\/ape-frap-block-difethialone-multicereales-rats-noirs-100g\/#breadcrumb","itemListElement":[{"@type":"ListItem","position":1,"name":"Accueil","item":"https:\/\/nozama.pro\/"},{"@type":"ListItem","position":2,"name":"Cat\u00e9gories","item":"https:\/\/nozama.pro\/index.php\/categories\/"},{"@type":"ListItem","position":3,"name":"APE &#8211; FRAP BLOCK DIF\u00c9THIALONE MULTIC\u00c9R\u00c9ALES rats noirs &#8211; 100g"}]},{"@type":"WebSite","@id":"https:\/\/nozama.pro\/#website","url":"https:\/\/nozama.pro\/","name":"nozama","description":"Les solutions du quotidien","potentialAction":[{"@type":"SearchAction","target":{"@type":"EntryPoint","urlTemplate":"https:\/\/nozama.pro\/?s={search_term_string}"},"query-input":"required name=search_term_string"}],"inLanguage":"fr-FR"}]}},"_links":{"self":[{"href":"https:\/\/nozama.pro\/index.php\/wp-json\/wp\/v3\/product\/4911"}],"collection":[{"href":"https:\/\/nozama.pro\/index.php\/wp-json\/wp\/v3\/product"}],"about":[{"href":"https:\/\/nozama.pro\/index.php\/wp-json\/wp\/v2\/types\/product"}],"replies":[{"embeddable":true,"href":"https:\/\/nozama.pro\/index.php\/wp-json\/wp\/v2\/comments?post=4911"}],"wp:featuredmedia":[{"embeddable":true,"href":"https:\/\/nozama.pro\/index.php\/wp-json\/wp\/v2\/media\/4908"}],"wp:attachment":[{"href":"https:\/\/nozama.pro\/index.php\/wp-json\/wp\/v2\/media?parent=4911"}],"wp:term":[{"taxonomy":"product_cat","embeddable":true,"href":"https:\/\/nozama.pro\/index.php\/wp-json\/wp\/v2\/product_cat?post=4911"},{"taxonomy":"product_tag","embeddable":true,"href":"https:\/\/nozama.pro\/index.php\/wp-json\/wp\/v2\/product_tag?post=4911"}],"curies":[{"name":"wp","href":"https:\/\/api.w.org\/{rel}","templated":true}]}}