{"id":4927,"date":"2019-11-06T10:17:54","date_gmt":"2019-11-06T09:17:54","guid":{"rendered":"https:\/\/nozama.pro\/?post_type=product&#038;p=4927"},"modified":"2025-05-07T14:07:55","modified_gmt":"2025-05-07T12:07:55","slug":"fanga-pate-pro-brodifacoum-rats-bruns-boite-100g","status":"publish","type":"product","link":"https:\/\/nozama.pro\/index.php\/product\/fanga-pate-pro-brodifacoum-rats-bruns-boite-100g\/","title":{"rendered":"FANGA PATE PRO BRODIFACOUM rats bruns &#8211; Bo\u00eete 100g"},"content":{"rendered":"<p>[vc_row][vc_column][vc_column_text]<strong>APE Fanga P\u00e2te Pro<\/strong> est un rodenticide TOUTES ESP\u00c8CES pr\u00eat \u00e0 l\u2019emploi qui permet d\u2019\u00e9liminer l\u2019ensemble des rongeurs et nuisibles r\u00e9sistants. Son pouvoir H<strong>YPER ATTRACTIF<\/strong>, d\u00fb \u00e0 son ar\u00f4me particulier, lui conf\u00e8re une puissance remarquable. Une seule ingestion est fatale<\/p>\n<p>La mol\u00e9cule anti-coagulante est le : brodifacoum.<\/p>\n<p>Curatif et pr\u00e9ventif. En sachet individuel de 10g de p\u00e2te moelleuse.<\/p>\n<p>Ne se d\u00e9lite pas, ne s\u00e8che pas. Chaque app\u00e2t est recouvert d\u2019un papier-filtre de tr\u00e8s haute qualit\u00e9 permettant \u00e0 la fois de conserver les substances app\u00e9tissantes tout en laissant \u00e9chapper les effluves qui attirent les animaux.[\/vc_column_text][\/vc_column][\/vc_row][vc_row css=&#8221;.vc_custom_1569146561550{padding-top: 50px !important;}&#8221;][vc_column width=&#8221;1\/3&#8243;][vc_single_image image=&#8221;2939&#8243; alignment=&#8221;center&#8221;][vc_btn title=&#8221;Voir la fiche conseil&#8221; color=&#8221;vista-blue&#8221; align=&#8221;center&#8221; css_animation=&#8221;none&#8221; link=&#8221;url:https%3A%2F%2Fnozama.pro%2Fwp-content%2Fuploads%2F2019%2F11%2FFC-FANGA-PATE-PRO-BRODIFACOUM.pdf|||&#8221;][\/vc_column][\/vc_row]<\/p>\n","protected":false},"excerpt":{"rendered":"<p>[vc_row][vc_column][vc_column_text]APE Fanga P\u00e2te Pro est un rodenticide TOUTES ESP\u00c8CES pr\u00eat \u00e0 l\u2019emploi qui permet d\u2019\u00e9liminer l\u2019ensemble des rongeurs et nuisibles r\u00e9sistants. Son pouvoir HYPER ATTRACTIF, d\u00fb \u00e0 son ar\u00f4me particulier, lui conf\u00e8re une puissance remarquable. Une seule ingestion est fatale La mol\u00e9cule anti-coagulante est le : brodifacoum. Curatif et pr\u00e9ventif. En sachet individuel de 10g [&hellip;]<\/p>\n","protected":false},"featured_media":4928,"comment_status":"open","ping_status":"closed","template":"","meta":[],"product_cat":[101,110],"product_tag":[],"yoast_head":"<!-- This site is optimized with the Yoast SEO plugin v20.5 - https:\/\/yoast.com\/wordpress\/plugins\/seo\/ -->\n<title>FANGA PATE PRO BRODIFACOUM rats bruns - Bo\u00eete 100g - nozama<\/title>\n<meta name=\"robots\" content=\"index, follow, max-snippet:-1, max-image-preview:large, max-video-preview:-1\" \/>\n<link rel=\"canonical\" href=\"https:\/\/nozama.pro\/index.php\/product\/fanga-pate-pro-brodifacoum-rats-bruns-boite-100g\/\" \/>\n<meta property=\"og:locale\" content=\"fr_FR\" \/>\n<meta property=\"og:type\" content=\"article\" \/>\n<meta property=\"og:title\" content=\"FANGA PATE PRO BRODIFACOUM rats bruns - Bo\u00eete 100g - nozama\" \/>\n<meta property=\"og:description\" content=\"[vc_row][vc_column][vc_column_text]APE Fanga P\u00e2te Pro est un rodenticide TOUTES ESP\u00c8CES pr\u00eat \u00e0 l\u2019emploi qui permet d\u2019\u00e9liminer l\u2019ensemble des rongeurs et nuisibles r\u00e9sistants. Son pouvoir HYPER ATTRACTIF, d\u00fb \u00e0 son ar\u00f4me particulier, lui conf\u00e8re une puissance remarquable. Une seule ingestion est fatale La mol\u00e9cule anti-coagulante est le : brodifacoum. Curatif et pr\u00e9ventif. En sachet individuel de 10g [&hellip;]\" \/>\n<meta property=\"og:url\" content=\"https:\/\/nozama.pro\/index.php\/product\/fanga-pate-pro-brodifacoum-rats-bruns-boite-100g\/\" \/>\n<meta property=\"og:site_name\" content=\"nozama\" \/>\n<meta property=\"article:modified_time\" content=\"2025-05-07T12:07:55+00:00\" \/>\n<meta property=\"og:image\" content=\"https:\/\/nozama.pro\/wp-content\/uploads\/2019\/11\/ape-fanga-pate-pro-050415.jpg\" \/>\n\t<meta property=\"og:image:width\" content=\"600\" \/>\n\t<meta property=\"og:image:height\" content=\"600\" \/>\n\t<meta property=\"og:image:type\" content=\"image\/jpeg\" \/>\n<meta name=\"twitter:card\" content=\"summary_large_image\" \/>\n<meta name=\"twitter:label1\" content=\"Dur\u00e9e de lecture estim\u00e9e\" \/>\n\t<meta name=\"twitter:data1\" content=\"1 minute\" \/>\n<script type=\"application\/ld+json\" class=\"yoast-schema-graph\">{\"@context\":\"https:\/\/schema.org\",\"@graph\":[{\"@type\":\"WebPage\",\"@id\":\"https:\/\/nozama.pro\/index.php\/product\/fanga-pate-pro-brodifacoum-rats-bruns-boite-100g\/\",\"url\":\"https:\/\/nozama.pro\/index.php\/product\/fanga-pate-pro-brodifacoum-rats-bruns-boite-100g\/\",\"name\":\"FANGA PATE PRO BRODIFACOUM rats bruns - Bo\u00eete 100g - nozama\",\"isPartOf\":{\"@id\":\"https:\/\/nozama.pro\/#website\"},\"datePublished\":\"2019-11-06T09:17:54+00:00\",\"dateModified\":\"2025-05-07T12:07:55+00:00\",\"breadcrumb\":{\"@id\":\"https:\/\/nozama.pro\/index.php\/product\/fanga-pate-pro-brodifacoum-rats-bruns-boite-100g\/#breadcrumb\"},\"inLanguage\":\"fr-FR\",\"potentialAction\":[{\"@type\":\"ReadAction\",\"target\":[\"https:\/\/nozama.pro\/index.php\/product\/fanga-pate-pro-brodifacoum-rats-bruns-boite-100g\/\"]}]},{\"@type\":\"BreadcrumbList\",\"@id\":\"https:\/\/nozama.pro\/index.php\/product\/fanga-pate-pro-brodifacoum-rats-bruns-boite-100g\/#breadcrumb\",\"itemListElement\":[{\"@type\":\"ListItem\",\"position\":1,\"name\":\"Accueil\",\"item\":\"https:\/\/nozama.pro\/\"},{\"@type\":\"ListItem\",\"position\":2,\"name\":\"Cat\u00e9gories\",\"item\":\"https:\/\/nozama.pro\/index.php\/categories\/\"},{\"@type\":\"ListItem\",\"position\":3,\"name\":\"FANGA PATE PRO BRODIFACOUM rats bruns &#8211; Bo\u00eete 100g\"}]},{\"@type\":\"WebSite\",\"@id\":\"https:\/\/nozama.pro\/#website\",\"url\":\"https:\/\/nozama.pro\/\",\"name\":\"nozama\",\"description\":\"Les solutions du quotidien\",\"potentialAction\":[{\"@type\":\"SearchAction\",\"target\":{\"@type\":\"EntryPoint\",\"urlTemplate\":\"https:\/\/nozama.pro\/?s={search_term_string}\"},\"query-input\":\"required name=search_term_string\"}],\"inLanguage\":\"fr-FR\"}]}<\/script>\n<!-- \/ Yoast SEO plugin. -->","yoast_head_json":{"title":"FANGA PATE PRO BRODIFACOUM rats bruns - Bo\u00eete 100g - nozama","robots":{"index":"index","follow":"follow","max-snippet":"max-snippet:-1","max-image-preview":"max-image-preview:large","max-video-preview":"max-video-preview:-1"},"canonical":"https:\/\/nozama.pro\/index.php\/product\/fanga-pate-pro-brodifacoum-rats-bruns-boite-100g\/","og_locale":"fr_FR","og_type":"article","og_title":"FANGA PATE PRO BRODIFACOUM rats bruns - Bo\u00eete 100g - nozama","og_description":"[vc_row][vc_column][vc_column_text]APE Fanga P\u00e2te Pro est un rodenticide TOUTES ESP\u00c8CES pr\u00eat \u00e0 l\u2019emploi qui permet d\u2019\u00e9liminer l\u2019ensemble des rongeurs et nuisibles r\u00e9sistants. Son pouvoir HYPER ATTRACTIF, d\u00fb \u00e0 son ar\u00f4me particulier, lui conf\u00e8re une puissance remarquable. Une seule ingestion est fatale La mol\u00e9cule anti-coagulante est le : brodifacoum. Curatif et pr\u00e9ventif. En sachet individuel de 10g [&hellip;]","og_url":"https:\/\/nozama.pro\/index.php\/product\/fanga-pate-pro-brodifacoum-rats-bruns-boite-100g\/","og_site_name":"nozama","article_modified_time":"2025-05-07T12:07:55+00:00","og_image":[{"width":600,"height":600,"url":"https:\/\/nozama.pro\/wp-content\/uploads\/2019\/11\/ape-fanga-pate-pro-050415.jpg","type":"image\/jpeg"}],"twitter_card":"summary_large_image","twitter_misc":{"Dur\u00e9e de lecture estim\u00e9e":"1 minute"},"schema":{"@context":"https:\/\/schema.org","@graph":[{"@type":"WebPage","@id":"https:\/\/nozama.pro\/index.php\/product\/fanga-pate-pro-brodifacoum-rats-bruns-boite-100g\/","url":"https:\/\/nozama.pro\/index.php\/product\/fanga-pate-pro-brodifacoum-rats-bruns-boite-100g\/","name":"FANGA PATE PRO BRODIFACOUM rats bruns - Bo\u00eete 100g - nozama","isPartOf":{"@id":"https:\/\/nozama.pro\/#website"},"datePublished":"2019-11-06T09:17:54+00:00","dateModified":"2025-05-07T12:07:55+00:00","breadcrumb":{"@id":"https:\/\/nozama.pro\/index.php\/product\/fanga-pate-pro-brodifacoum-rats-bruns-boite-100g\/#breadcrumb"},"inLanguage":"fr-FR","potentialAction":[{"@type":"ReadAction","target":["https:\/\/nozama.pro\/index.php\/product\/fanga-pate-pro-brodifacoum-rats-bruns-boite-100g\/"]}]},{"@type":"BreadcrumbList","@id":"https:\/\/nozama.pro\/index.php\/product\/fanga-pate-pro-brodifacoum-rats-bruns-boite-100g\/#breadcrumb","itemListElement":[{"@type":"ListItem","position":1,"name":"Accueil","item":"https:\/\/nozama.pro\/"},{"@type":"ListItem","position":2,"name":"Cat\u00e9gories","item":"https:\/\/nozama.pro\/index.php\/categories\/"},{"@type":"ListItem","position":3,"name":"FANGA PATE PRO BRODIFACOUM rats bruns &#8211; Bo\u00eete 100g"}]},{"@type":"WebSite","@id":"https:\/\/nozama.pro\/#website","url":"https:\/\/nozama.pro\/","name":"nozama","description":"Les solutions du quotidien","potentialAction":[{"@type":"SearchAction","target":{"@type":"EntryPoint","urlTemplate":"https:\/\/nozama.pro\/?s={search_term_string}"},"query-input":"required name=search_term_string"}],"inLanguage":"fr-FR"}]}},"_links":{"self":[{"href":"https:\/\/nozama.pro\/index.php\/wp-json\/wp\/v3\/product\/4927"}],"collection":[{"href":"https:\/\/nozama.pro\/index.php\/wp-json\/wp\/v3\/product"}],"about":[{"href":"https:\/\/nozama.pro\/index.php\/wp-json\/wp\/v2\/types\/product"}],"replies":[{"embeddable":true,"href":"https:\/\/nozama.pro\/index.php\/wp-json\/wp\/v2\/comments?post=4927"}],"wp:featuredmedia":[{"embeddable":true,"href":"https:\/\/nozama.pro\/index.php\/wp-json\/wp\/v2\/media\/4928"}],"wp:attachment":[{"href":"https:\/\/nozama.pro\/index.php\/wp-json\/wp\/v2\/media?parent=4927"}],"wp:term":[{"taxonomy":"product_cat","embeddable":true,"href":"https:\/\/nozama.pro\/index.php\/wp-json\/wp\/v2\/product_cat?post=4927"},{"taxonomy":"product_tag","embeddable":true,"href":"https:\/\/nozama.pro\/index.php\/wp-json\/wp\/v2\/product_tag?post=4927"}],"curies":[{"name":"wp","href":"https:\/\/api.w.org\/{rel}","templated":true}]}}