{"id":5008,"date":"2019-11-07T09:06:59","date_gmt":"2019-11-07T08:06:59","guid":{"rendered":"https:\/\/nozama.pro\/?post_type=product&#038;p=5008"},"modified":"2024-06-30T12:41:27","modified_gmt":"2024-06-30T10:41:27","slug":"nyna-d-pate-difenacoum-10gr-rats-bruns-rats-noirs-souris-15kg","status":"publish","type":"product","link":"https:\/\/nozama.pro\/index.php\/product\/nyna-d-pate-difenacoum-10gr-rats-bruns-rats-noirs-souris-15kg\/","title":{"rendered":"NYNA D+ PATE DIFENACOUM 10GR RATS BRUNS, RATS NOIRS, SOURIS &#8211; 1,5Kg"},"content":{"rendered":"<p>[vc_row][vc_column][vc_column_text]<strong>APE Nyna D+<\/strong> est un rodenticide TOUTES ESP\u00c8CES pr\u00eat \u00e0 l\u2019emploi qui permet d\u2019\u00e9liminer l\u2019ensemble des rongeurs et nuisibles r\u00e9sistants. Son pouvoir HYPER<br \/>\nATTRACTIF, d\u00fb \u00e0 son ar\u00f4me particulier, lui conf\u00e8re une puissance remarquable.<\/p>\n<p>Une seule ingestion est fatale<br \/>\nDess\u00e8che l\u2019animal sans odeur<br \/>\nLa mol\u00e9cule anti-coagulante est le : Dif\u00e9nacoum.<br \/>\nCuratif et pr\u00e9ventif.<br \/>\nApp\u00e9tence MAXIMALE[\/vc_column_text][\/vc_column][\/vc_row][vc_row css=&#8221;.vc_custom_1569146561550{padding-top: 50px !important;}&#8221;][vc_column width=&#8221;1\/3&#8243;][vc_single_image image=&#8221;2939&#8243; alignment=&#8221;center&#8221;][vc_btn title=&#8221;Voir la fiche conseil&#8221; color=&#8221;vista-blue&#8221; align=&#8221;center&#8221; css_animation=&#8221;none&#8221; link=&#8221;url:https%3A%2F%2Fnozama.pro%2Fwp-content%2Fuploads%2F2019%2F11%2FFC-APE-nynad-pate.pdf|||&#8221;][\/vc_column][vc_column width=&#8221;1\/3&#8243;][\/vc_column][vc_column width=&#8221;1\/3&#8243;][\/vc_column][\/vc_row]<\/p>\n","protected":false},"excerpt":{"rendered":"<p>[vc_row][vc_column][vc_column_text]APE Nyna D+ est un rodenticide TOUTES ESP\u00c8CES pr\u00eat \u00e0 l\u2019emploi qui permet d\u2019\u00e9liminer l\u2019ensemble des rongeurs et nuisibles r\u00e9sistants. Son pouvoir HYPER ATTRACTIF, d\u00fb \u00e0 son ar\u00f4me particulier, lui conf\u00e8re une puissance remarquable. Une seule ingestion est fatale Dess\u00e8che l\u2019animal sans odeur La mol\u00e9cule anti-coagulante est le : Dif\u00e9nacoum. Curatif et pr\u00e9ventif. App\u00e9tence MAXIMALE[\/vc_column_text][\/vc_column][\/vc_row][vc_row [&hellip;]<\/p>\n","protected":false},"featured_media":4968,"comment_status":"open","ping_status":"closed","template":"","meta":[],"product_cat":[101,110],"product_tag":[],"yoast_head":"<!-- This site is optimized with the Yoast SEO plugin v20.5 - https:\/\/yoast.com\/wordpress\/plugins\/seo\/ -->\n<title>NYNA D+ PATE DIFENACOUM 10GR RATS BRUNS, RATS NOIRS, SOURIS - 1,5Kg - nozama<\/title>\n<meta name=\"robots\" content=\"index, follow, max-snippet:-1, max-image-preview:large, max-video-preview:-1\" \/>\n<link rel=\"canonical\" href=\"https:\/\/nozama.pro\/index.php\/product\/nyna-d-pate-difenacoum-10gr-rats-bruns-rats-noirs-souris-15kg\/\" \/>\n<meta property=\"og:locale\" content=\"fr_FR\" \/>\n<meta property=\"og:type\" content=\"article\" \/>\n<meta property=\"og:title\" content=\"NYNA D+ PATE DIFENACOUM 10GR RATS BRUNS, RATS NOIRS, SOURIS - 1,5Kg - nozama\" \/>\n<meta property=\"og:description\" content=\"[vc_row][vc_column][vc_column_text]APE Nyna D+ est un rodenticide TOUTES ESP\u00c8CES pr\u00eat \u00e0 l\u2019emploi qui permet d\u2019\u00e9liminer l\u2019ensemble des rongeurs et nuisibles r\u00e9sistants. Son pouvoir HYPER ATTRACTIF, d\u00fb \u00e0 son ar\u00f4me particulier, lui conf\u00e8re une puissance remarquable. Une seule ingestion est fatale Dess\u00e8che l\u2019animal sans odeur La mol\u00e9cule anti-coagulante est le : Dif\u00e9nacoum. Curatif et pr\u00e9ventif. App\u00e9tence MAXIMALE[\/vc_column_text][\/vc_column][\/vc_row][vc_row [&hellip;]\" \/>\n<meta property=\"og:url\" content=\"https:\/\/nozama.pro\/index.php\/product\/nyna-d-pate-difenacoum-10gr-rats-bruns-rats-noirs-souris-15kg\/\" \/>\n<meta property=\"og:site_name\" content=\"nozama\" \/>\n<meta property=\"article:modified_time\" content=\"2024-06-30T10:41:27+00:00\" \/>\n<meta property=\"og:image\" content=\"https:\/\/nozama.pro\/wp-content\/uploads\/2019\/11\/ape-nynaD-pate-difenacoum-1500g-170413.jpg\" \/>\n\t<meta property=\"og:image:width\" content=\"600\" \/>\n\t<meta property=\"og:image:height\" content=\"600\" \/>\n\t<meta property=\"og:image:type\" content=\"image\/jpeg\" \/>\n<meta name=\"twitter:card\" content=\"summary_large_image\" \/>\n<meta name=\"twitter:label1\" content=\"Dur\u00e9e de lecture estim\u00e9e\" \/>\n\t<meta name=\"twitter:data1\" content=\"1 minute\" \/>\n<script type=\"application\/ld+json\" class=\"yoast-schema-graph\">{\"@context\":\"https:\/\/schema.org\",\"@graph\":[{\"@type\":\"WebPage\",\"@id\":\"https:\/\/nozama.pro\/index.php\/product\/nyna-d-pate-difenacoum-10gr-rats-bruns-rats-noirs-souris-15kg\/\",\"url\":\"https:\/\/nozama.pro\/index.php\/product\/nyna-d-pate-difenacoum-10gr-rats-bruns-rats-noirs-souris-15kg\/\",\"name\":\"NYNA D+ PATE DIFENACOUM 10GR RATS BRUNS, RATS NOIRS, SOURIS - 1,5Kg - nozama\",\"isPartOf\":{\"@id\":\"https:\/\/nozama.pro\/#website\"},\"datePublished\":\"2019-11-07T08:06:59+00:00\",\"dateModified\":\"2024-06-30T10:41:27+00:00\",\"breadcrumb\":{\"@id\":\"https:\/\/nozama.pro\/index.php\/product\/nyna-d-pate-difenacoum-10gr-rats-bruns-rats-noirs-souris-15kg\/#breadcrumb\"},\"inLanguage\":\"fr-FR\",\"potentialAction\":[{\"@type\":\"ReadAction\",\"target\":[\"https:\/\/nozama.pro\/index.php\/product\/nyna-d-pate-difenacoum-10gr-rats-bruns-rats-noirs-souris-15kg\/\"]}]},{\"@type\":\"BreadcrumbList\",\"@id\":\"https:\/\/nozama.pro\/index.php\/product\/nyna-d-pate-difenacoum-10gr-rats-bruns-rats-noirs-souris-15kg\/#breadcrumb\",\"itemListElement\":[{\"@type\":\"ListItem\",\"position\":1,\"name\":\"Accueil\",\"item\":\"https:\/\/nozama.pro\/\"},{\"@type\":\"ListItem\",\"position\":2,\"name\":\"Cat\u00e9gories\",\"item\":\"https:\/\/nozama.pro\/index.php\/categories\/\"},{\"@type\":\"ListItem\",\"position\":3,\"name\":\"NYNA D+ PATE DIFENACOUM 10GR RATS BRUNS, RATS NOIRS, SOURIS &#8211; 1,5Kg\"}]},{\"@type\":\"WebSite\",\"@id\":\"https:\/\/nozama.pro\/#website\",\"url\":\"https:\/\/nozama.pro\/\",\"name\":\"nozama\",\"description\":\"Les solutions du quotidien\",\"potentialAction\":[{\"@type\":\"SearchAction\",\"target\":{\"@type\":\"EntryPoint\",\"urlTemplate\":\"https:\/\/nozama.pro\/?s={search_term_string}\"},\"query-input\":\"required name=search_term_string\"}],\"inLanguage\":\"fr-FR\"}]}<\/script>\n<!-- \/ Yoast SEO plugin. -->","yoast_head_json":{"title":"NYNA D+ PATE DIFENACOUM 10GR RATS BRUNS, RATS NOIRS, SOURIS - 1,5Kg - nozama","robots":{"index":"index","follow":"follow","max-snippet":"max-snippet:-1","max-image-preview":"max-image-preview:large","max-video-preview":"max-video-preview:-1"},"canonical":"https:\/\/nozama.pro\/index.php\/product\/nyna-d-pate-difenacoum-10gr-rats-bruns-rats-noirs-souris-15kg\/","og_locale":"fr_FR","og_type":"article","og_title":"NYNA D+ PATE DIFENACOUM 10GR RATS BRUNS, RATS NOIRS, SOURIS - 1,5Kg - nozama","og_description":"[vc_row][vc_column][vc_column_text]APE Nyna D+ est un rodenticide TOUTES ESP\u00c8CES pr\u00eat \u00e0 l\u2019emploi qui permet d\u2019\u00e9liminer l\u2019ensemble des rongeurs et nuisibles r\u00e9sistants. Son pouvoir HYPER ATTRACTIF, d\u00fb \u00e0 son ar\u00f4me particulier, lui conf\u00e8re une puissance remarquable. Une seule ingestion est fatale Dess\u00e8che l\u2019animal sans odeur La mol\u00e9cule anti-coagulante est le : Dif\u00e9nacoum. Curatif et pr\u00e9ventif. App\u00e9tence MAXIMALE[\/vc_column_text][\/vc_column][\/vc_row][vc_row [&hellip;]","og_url":"https:\/\/nozama.pro\/index.php\/product\/nyna-d-pate-difenacoum-10gr-rats-bruns-rats-noirs-souris-15kg\/","og_site_name":"nozama","article_modified_time":"2024-06-30T10:41:27+00:00","og_image":[{"width":600,"height":600,"url":"https:\/\/nozama.pro\/wp-content\/uploads\/2019\/11\/ape-nynaD-pate-difenacoum-1500g-170413.jpg","type":"image\/jpeg"}],"twitter_card":"summary_large_image","twitter_misc":{"Dur\u00e9e de lecture estim\u00e9e":"1 minute"},"schema":{"@context":"https:\/\/schema.org","@graph":[{"@type":"WebPage","@id":"https:\/\/nozama.pro\/index.php\/product\/nyna-d-pate-difenacoum-10gr-rats-bruns-rats-noirs-souris-15kg\/","url":"https:\/\/nozama.pro\/index.php\/product\/nyna-d-pate-difenacoum-10gr-rats-bruns-rats-noirs-souris-15kg\/","name":"NYNA D+ PATE DIFENACOUM 10GR RATS BRUNS, RATS NOIRS, SOURIS - 1,5Kg - nozama","isPartOf":{"@id":"https:\/\/nozama.pro\/#website"},"datePublished":"2019-11-07T08:06:59+00:00","dateModified":"2024-06-30T10:41:27+00:00","breadcrumb":{"@id":"https:\/\/nozama.pro\/index.php\/product\/nyna-d-pate-difenacoum-10gr-rats-bruns-rats-noirs-souris-15kg\/#breadcrumb"},"inLanguage":"fr-FR","potentialAction":[{"@type":"ReadAction","target":["https:\/\/nozama.pro\/index.php\/product\/nyna-d-pate-difenacoum-10gr-rats-bruns-rats-noirs-souris-15kg\/"]}]},{"@type":"BreadcrumbList","@id":"https:\/\/nozama.pro\/index.php\/product\/nyna-d-pate-difenacoum-10gr-rats-bruns-rats-noirs-souris-15kg\/#breadcrumb","itemListElement":[{"@type":"ListItem","position":1,"name":"Accueil","item":"https:\/\/nozama.pro\/"},{"@type":"ListItem","position":2,"name":"Cat\u00e9gories","item":"https:\/\/nozama.pro\/index.php\/categories\/"},{"@type":"ListItem","position":3,"name":"NYNA D+ PATE DIFENACOUM 10GR RATS BRUNS, RATS NOIRS, SOURIS &#8211; 1,5Kg"}]},{"@type":"WebSite","@id":"https:\/\/nozama.pro\/#website","url":"https:\/\/nozama.pro\/","name":"nozama","description":"Les solutions du quotidien","potentialAction":[{"@type":"SearchAction","target":{"@type":"EntryPoint","urlTemplate":"https:\/\/nozama.pro\/?s={search_term_string}"},"query-input":"required name=search_term_string"}],"inLanguage":"fr-FR"}]}},"_links":{"self":[{"href":"https:\/\/nozama.pro\/index.php\/wp-json\/wp\/v3\/product\/5008"}],"collection":[{"href":"https:\/\/nozama.pro\/index.php\/wp-json\/wp\/v3\/product"}],"about":[{"href":"https:\/\/nozama.pro\/index.php\/wp-json\/wp\/v2\/types\/product"}],"replies":[{"embeddable":true,"href":"https:\/\/nozama.pro\/index.php\/wp-json\/wp\/v2\/comments?post=5008"}],"wp:featuredmedia":[{"embeddable":true,"href":"https:\/\/nozama.pro\/index.php\/wp-json\/wp\/v2\/media\/4968"}],"wp:attachment":[{"href":"https:\/\/nozama.pro\/index.php\/wp-json\/wp\/v2\/media?parent=5008"}],"wp:term":[{"taxonomy":"product_cat","embeddable":true,"href":"https:\/\/nozama.pro\/index.php\/wp-json\/wp\/v2\/product_cat?post=5008"},{"taxonomy":"product_tag","embeddable":true,"href":"https:\/\/nozama.pro\/index.php\/wp-json\/wp\/v2\/product_tag?post=5008"}],"curies":[{"name":"wp","href":"https:\/\/api.w.org\/{rel}","templated":true}]}}