{"id":53152,"date":"2023-05-03T21:51:29","date_gmt":"2023-05-03T19:51:29","guid":{"rendered":"https:\/\/nozama.pro\/?post_type=product&#038;p=53152"},"modified":"2026-04-26T07:14:12","modified_gmt":"2026-04-26T05:14:12","slug":"ape-patmax-patarat-150g","status":"publish","type":"product","link":"https:\/\/nozama.pro\/index.php\/product\/ape-patmax-patarat-150g\/","title":{"rendered":"APE &#8211; PAT&#8217;MAX &#8211; Patarat 150g"},"content":{"rendered":"<p>[vc_row][vc_column][vc_column_text]<span class=\"Apple-converted-space\">\u00a0<\/span>APE PATARAT P\u00e2te est un rodenticide <b>TOUTES ESP\u00c8CES <\/b>pr\u00eat \u00e0 l\u2019emploi qui permet d\u2019\u00e9liminer l\u2019ensemble des rongeurs et nuisibles r\u00e9sistants. Son pouvoir <b>HYPER ATTRACTIF, <\/b>d\u00fb \u00e0 son ar\u00f4me particulier, lui conf\u00e8re une puissance remarquable. Une seule ingestion est fatale<span class=\"Apple-converted-space\">\u00a0<\/span><\/p>\n<p>PAT\u2019MAX est \u00e0 base de brodifacoum, tr\u00e8s puissante substance active anticoagulante de deuxi\u00e8me g\u00e9n\u00e9ration \u00e0 prise unique. Le mode d\u2019action de la substance active permet de ne pas \u00e9veiller la m\u00e9fiance des autres rongeurs de la colonie, qui continuent \u00e0 consommer le produit.<span class=\"Apple-converted-space\">\u00a0<\/span>[\/vc_column_text][\/vc_column][\/vc_row][vc_row css=&#8221;.vc_custom_1569146561550{padding-top: 50px !important;}&#8221;][vc_column width=&#8221;1\/3&#8243;][vc_single_image image=&#8221;2939&#8243; alignment=&#8221;center&#8221;][vc_btn title=&#8221;Voir la fiche conseil&#8221; color=&#8221;vista-blue&#8221; align=&#8221;center&#8221; css_animation=&#8221;none&#8221; link=&#8221;url:https%3A%2F%2Fnozama.pro%2Fwp-content%2Fuploads%2F2023%2F05%2FFC-APE-PATMAX.pdf&#8221;][\/vc_column][vc_column width=&#8221;1\/3&#8243;][vc_single_image image=&#8221;2940&#8243; alignment=&#8221;center&#8221;][vc_btn title=&#8221;Voir la fiche s\u00e9curit\u00e9&#8221; color=&#8221;vista-blue&#8221; align=&#8221;center&#8221; css_animation=&#8221;none&#8221; link=&#8221;url:https%3A%2F%2Fnozama.pro%2Fwp-content%2Fuploads%2F2023%2F05%2FFS-APE-PATMAX.pdf&#8221;][\/vc_column][vc_column width=&#8221;1\/3&#8243;][\/vc_column][\/vc_row]<\/p>\n","protected":false},"excerpt":{"rendered":"<p>[vc_row][vc_column][vc_column_text]\u00a0APE PATARAT P\u00e2te est un rodenticide TOUTES ESP\u00c8CES pr\u00eat \u00e0 l\u2019emploi qui permet d\u2019\u00e9liminer l\u2019ensemble des rongeurs et nuisibles r\u00e9sistants. Son pouvoir HYPER ATTRACTIF, d\u00fb \u00e0 son ar\u00f4me particulier, lui conf\u00e8re une puissance remarquable. Une seule ingestion est fatale\u00a0 PAT\u2019MAX est \u00e0 base de brodifacoum, tr\u00e8s puissante substance active anticoagulante de deuxi\u00e8me g\u00e9n\u00e9ration \u00e0 prise [&hellip;]<\/p>\n","protected":false},"featured_media":53153,"comment_status":"open","ping_status":"closed","template":"","meta":[],"product_cat":[101,110],"product_tag":[],"yoast_head":"<!-- This site is optimized with the Yoast SEO plugin v20.5 - https:\/\/yoast.com\/wordpress\/plugins\/seo\/ -->\n<title>APE - PAT&#039;MAX - Patarat 150g - nozama<\/title>\n<meta name=\"robots\" content=\"index, follow, max-snippet:-1, max-image-preview:large, max-video-preview:-1\" \/>\n<link rel=\"canonical\" href=\"https:\/\/nozama.pro\/index.php\/product\/ape-patmax-patarat-150g\/\" \/>\n<meta property=\"og:locale\" content=\"fr_FR\" \/>\n<meta property=\"og:type\" content=\"article\" \/>\n<meta property=\"og:title\" content=\"APE - PAT&#039;MAX - Patarat 150g - nozama\" \/>\n<meta property=\"og:description\" content=\"[vc_row][vc_column][vc_column_text]\u00a0APE PATARAT P\u00e2te est un rodenticide TOUTES ESP\u00c8CES pr\u00eat \u00e0 l\u2019emploi qui permet d\u2019\u00e9liminer l\u2019ensemble des rongeurs et nuisibles r\u00e9sistants. Son pouvoir HYPER ATTRACTIF, d\u00fb \u00e0 son ar\u00f4me particulier, lui conf\u00e8re une puissance remarquable. Une seule ingestion est fatale\u00a0 PAT\u2019MAX est \u00e0 base de brodifacoum, tr\u00e8s puissante substance active anticoagulante de deuxi\u00e8me g\u00e9n\u00e9ration \u00e0 prise [&hellip;]\" \/>\n<meta property=\"og:url\" content=\"https:\/\/nozama.pro\/index.php\/product\/ape-patmax-patarat-150g\/\" \/>\n<meta property=\"og:site_name\" content=\"nozama\" \/>\n<meta property=\"article:modified_time\" content=\"2026-04-26T05:14:12+00:00\" \/>\n<meta property=\"og:image\" content=\"https:\/\/nozama.pro\/wp-content\/uploads\/2023\/05\/ape-patmax-boitecarton.jpg\" \/>\n\t<meta property=\"og:image:width\" content=\"600\" \/>\n\t<meta property=\"og:image:height\" content=\"600\" \/>\n\t<meta property=\"og:image:type\" content=\"image\/jpeg\" \/>\n<meta name=\"twitter:card\" content=\"summary_large_image\" \/>\n<meta name=\"twitter:label1\" content=\"Dur\u00e9e de lecture estim\u00e9e\" \/>\n\t<meta name=\"twitter:data1\" content=\"1 minute\" \/>\n<script type=\"application\/ld+json\" class=\"yoast-schema-graph\">{\"@context\":\"https:\/\/schema.org\",\"@graph\":[{\"@type\":\"WebPage\",\"@id\":\"https:\/\/nozama.pro\/index.php\/product\/ape-patmax-patarat-150g\/\",\"url\":\"https:\/\/nozama.pro\/index.php\/product\/ape-patmax-patarat-150g\/\",\"name\":\"APE - PAT'MAX - Patarat 150g - nozama\",\"isPartOf\":{\"@id\":\"https:\/\/nozama.pro\/#website\"},\"datePublished\":\"2023-05-03T19:51:29+00:00\",\"dateModified\":\"2026-04-26T05:14:12+00:00\",\"breadcrumb\":{\"@id\":\"https:\/\/nozama.pro\/index.php\/product\/ape-patmax-patarat-150g\/#breadcrumb\"},\"inLanguage\":\"fr-FR\",\"potentialAction\":[{\"@type\":\"ReadAction\",\"target\":[\"https:\/\/nozama.pro\/index.php\/product\/ape-patmax-patarat-150g\/\"]}]},{\"@type\":\"BreadcrumbList\",\"@id\":\"https:\/\/nozama.pro\/index.php\/product\/ape-patmax-patarat-150g\/#breadcrumb\",\"itemListElement\":[{\"@type\":\"ListItem\",\"position\":1,\"name\":\"Accueil\",\"item\":\"https:\/\/nozama.pro\/\"},{\"@type\":\"ListItem\",\"position\":2,\"name\":\"Cat\u00e9gories\",\"item\":\"https:\/\/nozama.pro\/index.php\/categories\/\"},{\"@type\":\"ListItem\",\"position\":3,\"name\":\"APE &#8211; PAT&#8217;MAX &#8211; Patarat 150g\"}]},{\"@type\":\"WebSite\",\"@id\":\"https:\/\/nozama.pro\/#website\",\"url\":\"https:\/\/nozama.pro\/\",\"name\":\"nozama\",\"description\":\"Les solutions du quotidien\",\"potentialAction\":[{\"@type\":\"SearchAction\",\"target\":{\"@type\":\"EntryPoint\",\"urlTemplate\":\"https:\/\/nozama.pro\/?s={search_term_string}\"},\"query-input\":\"required name=search_term_string\"}],\"inLanguage\":\"fr-FR\"}]}<\/script>\n<!-- \/ Yoast SEO plugin. -->","yoast_head_json":{"title":"APE - PAT'MAX - Patarat 150g - nozama","robots":{"index":"index","follow":"follow","max-snippet":"max-snippet:-1","max-image-preview":"max-image-preview:large","max-video-preview":"max-video-preview:-1"},"canonical":"https:\/\/nozama.pro\/index.php\/product\/ape-patmax-patarat-150g\/","og_locale":"fr_FR","og_type":"article","og_title":"APE - PAT'MAX - Patarat 150g - nozama","og_description":"[vc_row][vc_column][vc_column_text]\u00a0APE PATARAT P\u00e2te est un rodenticide TOUTES ESP\u00c8CES pr\u00eat \u00e0 l\u2019emploi qui permet d\u2019\u00e9liminer l\u2019ensemble des rongeurs et nuisibles r\u00e9sistants. Son pouvoir HYPER ATTRACTIF, d\u00fb \u00e0 son ar\u00f4me particulier, lui conf\u00e8re une puissance remarquable. Une seule ingestion est fatale\u00a0 PAT\u2019MAX est \u00e0 base de brodifacoum, tr\u00e8s puissante substance active anticoagulante de deuxi\u00e8me g\u00e9n\u00e9ration \u00e0 prise [&hellip;]","og_url":"https:\/\/nozama.pro\/index.php\/product\/ape-patmax-patarat-150g\/","og_site_name":"nozama","article_modified_time":"2026-04-26T05:14:12+00:00","og_image":[{"width":600,"height":600,"url":"https:\/\/nozama.pro\/wp-content\/uploads\/2023\/05\/ape-patmax-boitecarton.jpg","type":"image\/jpeg"}],"twitter_card":"summary_large_image","twitter_misc":{"Dur\u00e9e de lecture estim\u00e9e":"1 minute"},"schema":{"@context":"https:\/\/schema.org","@graph":[{"@type":"WebPage","@id":"https:\/\/nozama.pro\/index.php\/product\/ape-patmax-patarat-150g\/","url":"https:\/\/nozama.pro\/index.php\/product\/ape-patmax-patarat-150g\/","name":"APE - PAT'MAX - Patarat 150g - nozama","isPartOf":{"@id":"https:\/\/nozama.pro\/#website"},"datePublished":"2023-05-03T19:51:29+00:00","dateModified":"2026-04-26T05:14:12+00:00","breadcrumb":{"@id":"https:\/\/nozama.pro\/index.php\/product\/ape-patmax-patarat-150g\/#breadcrumb"},"inLanguage":"fr-FR","potentialAction":[{"@type":"ReadAction","target":["https:\/\/nozama.pro\/index.php\/product\/ape-patmax-patarat-150g\/"]}]},{"@type":"BreadcrumbList","@id":"https:\/\/nozama.pro\/index.php\/product\/ape-patmax-patarat-150g\/#breadcrumb","itemListElement":[{"@type":"ListItem","position":1,"name":"Accueil","item":"https:\/\/nozama.pro\/"},{"@type":"ListItem","position":2,"name":"Cat\u00e9gories","item":"https:\/\/nozama.pro\/index.php\/categories\/"},{"@type":"ListItem","position":3,"name":"APE &#8211; PAT&#8217;MAX &#8211; Patarat 150g"}]},{"@type":"WebSite","@id":"https:\/\/nozama.pro\/#website","url":"https:\/\/nozama.pro\/","name":"nozama","description":"Les solutions du quotidien","potentialAction":[{"@type":"SearchAction","target":{"@type":"EntryPoint","urlTemplate":"https:\/\/nozama.pro\/?s={search_term_string}"},"query-input":"required name=search_term_string"}],"inLanguage":"fr-FR"}]}},"_links":{"self":[{"href":"https:\/\/nozama.pro\/index.php\/wp-json\/wp\/v3\/product\/53152"}],"collection":[{"href":"https:\/\/nozama.pro\/index.php\/wp-json\/wp\/v3\/product"}],"about":[{"href":"https:\/\/nozama.pro\/index.php\/wp-json\/wp\/v2\/types\/product"}],"replies":[{"embeddable":true,"href":"https:\/\/nozama.pro\/index.php\/wp-json\/wp\/v2\/comments?post=53152"}],"wp:featuredmedia":[{"embeddable":true,"href":"https:\/\/nozama.pro\/index.php\/wp-json\/wp\/v2\/media\/53153"}],"wp:attachment":[{"href":"https:\/\/nozama.pro\/index.php\/wp-json\/wp\/v2\/media?parent=53152"}],"wp:term":[{"taxonomy":"product_cat","embeddable":true,"href":"https:\/\/nozama.pro\/index.php\/wp-json\/wp\/v2\/product_cat?post=53152"},{"taxonomy":"product_tag","embeddable":true,"href":"https:\/\/nozama.pro\/index.php\/wp-json\/wp\/v2\/product_tag?post=53152"}],"curies":[{"name":"wp","href":"https:\/\/api.w.org\/{rel}","templated":true}]}}