{"id":53266,"date":"2023-10-16T11:12:36","date_gmt":"2023-10-16T09:12:36","guid":{"rendered":"https:\/\/nozama.pro\/?post_type=product&#038;p=53266"},"modified":"2023-10-18T12:16:24","modified_gmt":"2023-10-18T10:16:24","slug":"degrippant-darme-250ml","status":"publish","type":"product","link":"https:\/\/nozama.pro\/index.php\/product\/degrippant-darme-250ml\/","title":{"rendered":"D\u00c9GRIPPANT D\u2019ARME &#8211; 250ml"},"content":{"rendered":"<p>[vc_row][vc_column][vc_column_text]<\/p>\n<h4 class=\"p1\">Lubrifiant Anti-rouille hydrofuge et ol\u00e9ofuge<\/h4>\n<h4 class=\"p1\">Longue Dur\u00e9e<\/h4>\n<hr \/>\n<p class=\"p1\"><strong>Mode d\u2019emploi<\/strong><\/p>\n<p class=\"p1\">pulv\u00e9riser <b>ARMENET D\u00c9GRIPPANT D\u2019ARME<\/b> directement jusqu\u2019\u00e0 refus sur les surfaces (int\u00e9rieur et ext\u00e9rieur) \u00e0 d\u00e9gripper.<\/p>\n<p class=\"p1\">Laisser p\u00e9n\u00e9trer <b>ARMENET D\u00c9GRIPPANT D\u2019ARME<\/b> 1 \u00e0 2 minutes.<\/p>\n<p class=\"p1\">Ne pas essuyer le film form\u00e9 par <b>ARMENET D\u00c9GRIPPANT D\u2019ARME<\/b> afin d\u2019assurer une action durable et pr\u00e9ventive.<\/p>\n<hr \/>\n<p class=\"p1\"><strong>Propri\u00e9t\u00e9s<\/strong><\/p>\n<p class=\"p1\"><b>ARMENET D\u00c9GRIPPANT D\u2019ARME <\/b>est pr\u00eat \u00e0 l\u2019emploi. Il d\u00e9grippe et desserre instantan\u00e9ment tous m\u00e9canismes et barillets.<\/p>\n<p class=\"p1\"><b>ARMENET D\u00c9GRIPPANT D\u2019ARME<\/b> dissout et nettoie la salet\u00e9. Il entretient vos m\u00e9canismes et barillets dans la dur\u00e9e par la lubrification tout en supprimant les grincements.<\/p>\n<p class=\"p1\"><b>ARMENET D\u00c9GRIPPANT D\u2019ARME<\/b> assure une nettet\u00e9 et une pr\u00e9cision de l\u2019ensemble de vos armes.<\/p>\n<p class=\"p2\"><i>Process de fabrication 100% v\u00e9g\u00e9tal, sans traitement chimique ni raffinage. mati\u00e8res actives issues de l\u2019agriculture biologique. 100%<span class=\"Apple-converted-space\">\u00a0 <\/span>biod\u00e9gradable<\/i><\/p>\n<p>[\/vc_column_text][\/vc_column][\/vc_row][vc_row css=&#8221;.vc_custom_1569146561550{padding-top: 50px !important;}&#8221;][vc_column width=&#8221;1\/3&#8243;][vc_single_image image=&#8221;2939&#8243; alignment=&#8221;center&#8221;][vc_btn title=&#8221;Voir la fiche conseil&#8221; color=&#8221;vista-blue&#8221; align=&#8221;center&#8221; css_animation=&#8221;none&#8221; link=&#8221;url:https%3A%2F%2Fnozama.pro%2Fwp-content%2Fuploads%2F2023%2F10%2FFC-ARMENET-degrippant-d-arme.pdf&#8221;][\/vc_column][vc_column width=&#8221;1\/3&#8243;][\/vc_column][\/vc_row]<\/p>\n","protected":false},"excerpt":{"rendered":"<p>[vc_row][vc_column][vc_column_text] Lubrifiant Anti-rouille hydrofuge et ol\u00e9ofuge Longue Dur\u00e9e Mode d\u2019emploi pulv\u00e9riser ARMENET D\u00c9GRIPPANT D\u2019ARME directement jusqu\u2019\u00e0 refus sur les surfaces (int\u00e9rieur et ext\u00e9rieur) \u00e0 d\u00e9gripper. Laisser p\u00e9n\u00e9trer ARMENET D\u00c9GRIPPANT D\u2019ARME 1 \u00e0 2 minutes. Ne pas essuyer le film form\u00e9 par ARMENET D\u00c9GRIPPANT D\u2019ARME afin d\u2019assurer une action durable et pr\u00e9ventive. Propri\u00e9t\u00e9s ARMENET D\u00c9GRIPPANT D\u2019ARME [&hellip;]<\/p>\n","protected":false},"featured_media":53245,"comment_status":"open","ping_status":"closed","template":"","meta":[],"product_cat":[127,119],"product_tag":[],"yoast_head":"<!-- This site is optimized with the Yoast SEO plugin v20.5 - https:\/\/yoast.com\/wordpress\/plugins\/seo\/ -->\n<title>D\u00c9GRIPPANT D\u2019ARME - 250ml - nozama<\/title>\n<meta name=\"robots\" content=\"index, follow, max-snippet:-1, max-image-preview:large, max-video-preview:-1\" \/>\n<link rel=\"canonical\" href=\"https:\/\/nozama.pro\/index.php\/product\/degrippant-darme-250ml\/\" \/>\n<meta property=\"og:locale\" content=\"fr_FR\" \/>\n<meta property=\"og:type\" content=\"article\" \/>\n<meta property=\"og:title\" content=\"D\u00c9GRIPPANT D\u2019ARME - 250ml - nozama\" \/>\n<meta property=\"og:description\" content=\"[vc_row][vc_column][vc_column_text] Lubrifiant Anti-rouille hydrofuge et ol\u00e9ofuge Longue Dur\u00e9e Mode d\u2019emploi pulv\u00e9riser ARMENET D\u00c9GRIPPANT D\u2019ARME directement jusqu\u2019\u00e0 refus sur les surfaces (int\u00e9rieur et ext\u00e9rieur) \u00e0 d\u00e9gripper. Laisser p\u00e9n\u00e9trer ARMENET D\u00c9GRIPPANT D\u2019ARME 1 \u00e0 2 minutes. Ne pas essuyer le film form\u00e9 par ARMENET D\u00c9GRIPPANT D\u2019ARME afin d\u2019assurer une action durable et pr\u00e9ventive. Propri\u00e9t\u00e9s ARMENET D\u00c9GRIPPANT D\u2019ARME [&hellip;]\" \/>\n<meta property=\"og:url\" content=\"https:\/\/nozama.pro\/index.php\/product\/degrippant-darme-250ml\/\" \/>\n<meta property=\"og:site_name\" content=\"nozama\" \/>\n<meta property=\"article:modified_time\" content=\"2023-10-18T10:16:24+00:00\" \/>\n<meta property=\"og:image\" content=\"https:\/\/nozama.pro\/wp-content\/uploads\/2023\/10\/degrippant-d-arme.jpg\" \/>\n\t<meta property=\"og:image:width\" content=\"600\" \/>\n\t<meta property=\"og:image:height\" content=\"600\" \/>\n\t<meta property=\"og:image:type\" content=\"image\/jpeg\" \/>\n<meta name=\"twitter:card\" content=\"summary_large_image\" \/>\n<meta name=\"twitter:label1\" content=\"Dur\u00e9e de lecture estim\u00e9e\" \/>\n\t<meta name=\"twitter:data1\" content=\"1 minute\" \/>\n<script type=\"application\/ld+json\" class=\"yoast-schema-graph\">{\"@context\":\"https:\/\/schema.org\",\"@graph\":[{\"@type\":\"WebPage\",\"@id\":\"https:\/\/nozama.pro\/index.php\/product\/degrippant-darme-250ml\/\",\"url\":\"https:\/\/nozama.pro\/index.php\/product\/degrippant-darme-250ml\/\",\"name\":\"D\u00c9GRIPPANT D\u2019ARME - 250ml - nozama\",\"isPartOf\":{\"@id\":\"https:\/\/nozama.pro\/#website\"},\"datePublished\":\"2023-10-16T09:12:36+00:00\",\"dateModified\":\"2023-10-18T10:16:24+00:00\",\"breadcrumb\":{\"@id\":\"https:\/\/nozama.pro\/index.php\/product\/degrippant-darme-250ml\/#breadcrumb\"},\"inLanguage\":\"fr-FR\",\"potentialAction\":[{\"@type\":\"ReadAction\",\"target\":[\"https:\/\/nozama.pro\/index.php\/product\/degrippant-darme-250ml\/\"]}]},{\"@type\":\"BreadcrumbList\",\"@id\":\"https:\/\/nozama.pro\/index.php\/product\/degrippant-darme-250ml\/#breadcrumb\",\"itemListElement\":[{\"@type\":\"ListItem\",\"position\":1,\"name\":\"Accueil\",\"item\":\"https:\/\/nozama.pro\/\"},{\"@type\":\"ListItem\",\"position\":2,\"name\":\"Cat\u00e9gories\",\"item\":\"https:\/\/nozama.pro\/index.php\/categories\/\"},{\"@type\":\"ListItem\",\"position\":3,\"name\":\"D\u00c9GRIPPANT D\u2019ARME &#8211; 250ml\"}]},{\"@type\":\"WebSite\",\"@id\":\"https:\/\/nozama.pro\/#website\",\"url\":\"https:\/\/nozama.pro\/\",\"name\":\"nozama\",\"description\":\"Les solutions du quotidien\",\"potentialAction\":[{\"@type\":\"SearchAction\",\"target\":{\"@type\":\"EntryPoint\",\"urlTemplate\":\"https:\/\/nozama.pro\/?s={search_term_string}\"},\"query-input\":\"required name=search_term_string\"}],\"inLanguage\":\"fr-FR\"}]}<\/script>\n<!-- \/ Yoast SEO plugin. -->","yoast_head_json":{"title":"D\u00c9GRIPPANT D\u2019ARME - 250ml - nozama","robots":{"index":"index","follow":"follow","max-snippet":"max-snippet:-1","max-image-preview":"max-image-preview:large","max-video-preview":"max-video-preview:-1"},"canonical":"https:\/\/nozama.pro\/index.php\/product\/degrippant-darme-250ml\/","og_locale":"fr_FR","og_type":"article","og_title":"D\u00c9GRIPPANT D\u2019ARME - 250ml - nozama","og_description":"[vc_row][vc_column][vc_column_text] Lubrifiant Anti-rouille hydrofuge et ol\u00e9ofuge Longue Dur\u00e9e Mode d\u2019emploi pulv\u00e9riser ARMENET D\u00c9GRIPPANT D\u2019ARME directement jusqu\u2019\u00e0 refus sur les surfaces (int\u00e9rieur et ext\u00e9rieur) \u00e0 d\u00e9gripper. Laisser p\u00e9n\u00e9trer ARMENET D\u00c9GRIPPANT D\u2019ARME 1 \u00e0 2 minutes. Ne pas essuyer le film form\u00e9 par ARMENET D\u00c9GRIPPANT D\u2019ARME afin d\u2019assurer une action durable et pr\u00e9ventive. Propri\u00e9t\u00e9s ARMENET D\u00c9GRIPPANT D\u2019ARME [&hellip;]","og_url":"https:\/\/nozama.pro\/index.php\/product\/degrippant-darme-250ml\/","og_site_name":"nozama","article_modified_time":"2023-10-18T10:16:24+00:00","og_image":[{"width":600,"height":600,"url":"https:\/\/nozama.pro\/wp-content\/uploads\/2023\/10\/degrippant-d-arme.jpg","type":"image\/jpeg"}],"twitter_card":"summary_large_image","twitter_misc":{"Dur\u00e9e de lecture estim\u00e9e":"1 minute"},"schema":{"@context":"https:\/\/schema.org","@graph":[{"@type":"WebPage","@id":"https:\/\/nozama.pro\/index.php\/product\/degrippant-darme-250ml\/","url":"https:\/\/nozama.pro\/index.php\/product\/degrippant-darme-250ml\/","name":"D\u00c9GRIPPANT D\u2019ARME - 250ml - nozama","isPartOf":{"@id":"https:\/\/nozama.pro\/#website"},"datePublished":"2023-10-16T09:12:36+00:00","dateModified":"2023-10-18T10:16:24+00:00","breadcrumb":{"@id":"https:\/\/nozama.pro\/index.php\/product\/degrippant-darme-250ml\/#breadcrumb"},"inLanguage":"fr-FR","potentialAction":[{"@type":"ReadAction","target":["https:\/\/nozama.pro\/index.php\/product\/degrippant-darme-250ml\/"]}]},{"@type":"BreadcrumbList","@id":"https:\/\/nozama.pro\/index.php\/product\/degrippant-darme-250ml\/#breadcrumb","itemListElement":[{"@type":"ListItem","position":1,"name":"Accueil","item":"https:\/\/nozama.pro\/"},{"@type":"ListItem","position":2,"name":"Cat\u00e9gories","item":"https:\/\/nozama.pro\/index.php\/categories\/"},{"@type":"ListItem","position":3,"name":"D\u00c9GRIPPANT D\u2019ARME &#8211; 250ml"}]},{"@type":"WebSite","@id":"https:\/\/nozama.pro\/#website","url":"https:\/\/nozama.pro\/","name":"nozama","description":"Les solutions du quotidien","potentialAction":[{"@type":"SearchAction","target":{"@type":"EntryPoint","urlTemplate":"https:\/\/nozama.pro\/?s={search_term_string}"},"query-input":"required name=search_term_string"}],"inLanguage":"fr-FR"}]}},"_links":{"self":[{"href":"https:\/\/nozama.pro\/index.php\/wp-json\/wp\/v3\/product\/53266"}],"collection":[{"href":"https:\/\/nozama.pro\/index.php\/wp-json\/wp\/v3\/product"}],"about":[{"href":"https:\/\/nozama.pro\/index.php\/wp-json\/wp\/v2\/types\/product"}],"replies":[{"embeddable":true,"href":"https:\/\/nozama.pro\/index.php\/wp-json\/wp\/v2\/comments?post=53266"}],"wp:featuredmedia":[{"embeddable":true,"href":"https:\/\/nozama.pro\/index.php\/wp-json\/wp\/v2\/media\/53245"}],"wp:attachment":[{"href":"https:\/\/nozama.pro\/index.php\/wp-json\/wp\/v2\/media?parent=53266"}],"wp:term":[{"taxonomy":"product_cat","embeddable":true,"href":"https:\/\/nozama.pro\/index.php\/wp-json\/wp\/v2\/product_cat?post=53266"},{"taxonomy":"product_tag","embeddable":true,"href":"https:\/\/nozama.pro\/index.php\/wp-json\/wp\/v2\/product_tag?post=53266"}],"curies":[{"name":"wp","href":"https:\/\/api.w.org\/{rel}","templated":true}]}}