{"id":53268,"date":"2023-10-16T11:23:13","date_gmt":"2023-10-16T09:23:13","guid":{"rendered":"https:\/\/nozama.pro\/?post_type=product&#038;p=53268"},"modified":"2023-10-18T12:15:39","modified_gmt":"2023-10-18T10:15:39","slug":"lingettes-grand-model","status":"publish","type":"product","link":"https:\/\/nozama.pro\/index.php\/product\/lingettes-grand-model\/","title":{"rendered":"LINGETTES &#8211; GRAND MODEL"},"content":{"rendered":"<p>[vc_row][vc_column][vc_column_text]<\/p>\n<p class=\"p1\"><strong>Mode d\u2019emploi<\/strong><\/p>\n<p class=\"p1\">Appliquer g\u00e9n\u00e9reusement <b>ARMENET LINGETTES LUBRIFIANT et NETTOYANT<\/b> sur l\u2019ensemble de l\u2019arme et lustrer afin d\u2019obtenir une protection et une propret\u00e9 parfaite de l\u2019arme. Les lingettes sont r\u00e9utilisables 300 fois apr\u00e8s lavage doux \u00e0 30\u00b0. R\u00e9imbiber ensuite les lingettes avec la recharge <b>ARMENET NOURRISSANT D\u2019ARME<\/b> disponible en 50 ou 125 ml.<\/p>\n<hr \/>\n<p class=\"p1\"><strong>Propri\u00e9t\u00e9s<\/strong><\/p>\n<p class=\"p1\"><b>ARMENET LINGETTES LUBRIFIANT<\/b> et <b>NETTOYANT<\/b> est pr\u00eat \u00e0 l\u2019emploi, Il nettoie, lubrifie, entretien, prot\u00e8ge et redonne l\u2019\u00e9clat du neuf \u00e0 vos armes. Il permet d\u2019obtenir un brillant naturel (satin\u00e9) et une r\u00e9sistante accrue \u00e0 l\u2019usure et de longue dur\u00e9e gr\u00e2ce \u00e0 son film protecteur hydrofuge et ol\u00e9ofuge.<\/p>\n<p class=\"p3\"><i>Process de fabrication 100% v\u00e9g\u00e9tal, sans traitement chimique ni raffinage. Mati\u00e8res actives et lingettes issues de l\u2019agriculture biologique<\/i><\/p>\n<p>[\/vc_column_text][\/vc_column][\/vc_row][vc_row css=&#8221;.vc_custom_1569146561550{padding-top: 50px !important;}&#8221;][vc_column width=&#8221;1\/3&#8243;][vc_single_image image=&#8221;2939&#8243; alignment=&#8221;center&#8221;][vc_btn title=&#8221;Voir la fiche conseil&#8221; color=&#8221;vista-blue&#8221; align=&#8221;center&#8221; css_animation=&#8221;none&#8221; link=&#8221;url:https%3A%2F%2Fnozama.pro%2Fwp-content%2Fuploads%2F2023%2F10%2FFC-ARMENET-lingette.pdf&#8221;][\/vc_column][vc_column width=&#8221;1\/3&#8243;][\/vc_column][\/vc_row]<\/p>\n","protected":false},"excerpt":{"rendered":"<p>[vc_row][vc_column][vc_column_text] Mode d\u2019emploi Appliquer g\u00e9n\u00e9reusement ARMENET LINGETTES LUBRIFIANT et NETTOYANT sur l\u2019ensemble de l\u2019arme et lustrer afin d\u2019obtenir une protection et une propret\u00e9 parfaite de l\u2019arme. Les lingettes sont r\u00e9utilisables 300 fois apr\u00e8s lavage doux \u00e0 30\u00b0. R\u00e9imbiber ensuite les lingettes avec la recharge ARMENET NOURRISSANT D\u2019ARME disponible en 50 ou 125 ml. Propri\u00e9t\u00e9s ARMENET [&hellip;]<\/p>\n","protected":false},"featured_media":53284,"comment_status":"open","ping_status":"closed","template":"","meta":[],"product_cat":[127,119],"product_tag":[],"yoast_head":"<!-- This site is optimized with the Yoast SEO plugin v20.5 - https:\/\/yoast.com\/wordpress\/plugins\/seo\/ -->\n<title>LINGETTES - GRAND MODEL - nozama<\/title>\n<meta name=\"robots\" content=\"index, follow, max-snippet:-1, max-image-preview:large, max-video-preview:-1\" \/>\n<link rel=\"canonical\" href=\"https:\/\/nozama.pro\/index.php\/product\/lingettes-grand-model\/\" \/>\n<meta property=\"og:locale\" content=\"fr_FR\" \/>\n<meta property=\"og:type\" content=\"article\" \/>\n<meta property=\"og:title\" content=\"LINGETTES - GRAND MODEL - nozama\" \/>\n<meta property=\"og:description\" content=\"[vc_row][vc_column][vc_column_text] Mode d\u2019emploi Appliquer g\u00e9n\u00e9reusement ARMENET LINGETTES LUBRIFIANT et NETTOYANT sur l\u2019ensemble de l\u2019arme et lustrer afin d\u2019obtenir une protection et une propret\u00e9 parfaite de l\u2019arme. Les lingettes sont r\u00e9utilisables 300 fois apr\u00e8s lavage doux \u00e0 30\u00b0. R\u00e9imbiber ensuite les lingettes avec la recharge ARMENET NOURRISSANT D\u2019ARME disponible en 50 ou 125 ml. Propri\u00e9t\u00e9s ARMENET [&hellip;]\" \/>\n<meta property=\"og:url\" content=\"https:\/\/nozama.pro\/index.php\/product\/lingettes-grand-model\/\" \/>\n<meta property=\"og:site_name\" content=\"nozama\" \/>\n<meta property=\"article:modified_time\" content=\"2023-10-18T10:15:39+00:00\" \/>\n<meta property=\"og:image\" content=\"https:\/\/nozama.pro\/wp-content\/uploads\/2023\/10\/lingettes-grandes-boites.jpg\" \/>\n\t<meta property=\"og:image:width\" content=\"600\" \/>\n\t<meta property=\"og:image:height\" content=\"600\" \/>\n\t<meta property=\"og:image:type\" content=\"image\/jpeg\" \/>\n<meta name=\"twitter:card\" content=\"summary_large_image\" \/>\n<meta name=\"twitter:label1\" content=\"Dur\u00e9e de lecture estim\u00e9e\" \/>\n\t<meta name=\"twitter:data1\" content=\"1 minute\" \/>\n<script type=\"application\/ld+json\" class=\"yoast-schema-graph\">{\"@context\":\"https:\/\/schema.org\",\"@graph\":[{\"@type\":\"WebPage\",\"@id\":\"https:\/\/nozama.pro\/index.php\/product\/lingettes-grand-model\/\",\"url\":\"https:\/\/nozama.pro\/index.php\/product\/lingettes-grand-model\/\",\"name\":\"LINGETTES - GRAND MODEL - nozama\",\"isPartOf\":{\"@id\":\"https:\/\/nozama.pro\/#website\"},\"datePublished\":\"2023-10-16T09:23:13+00:00\",\"dateModified\":\"2023-10-18T10:15:39+00:00\",\"breadcrumb\":{\"@id\":\"https:\/\/nozama.pro\/index.php\/product\/lingettes-grand-model\/#breadcrumb\"},\"inLanguage\":\"fr-FR\",\"potentialAction\":[{\"@type\":\"ReadAction\",\"target\":[\"https:\/\/nozama.pro\/index.php\/product\/lingettes-grand-model\/\"]}]},{\"@type\":\"BreadcrumbList\",\"@id\":\"https:\/\/nozama.pro\/index.php\/product\/lingettes-grand-model\/#breadcrumb\",\"itemListElement\":[{\"@type\":\"ListItem\",\"position\":1,\"name\":\"Accueil\",\"item\":\"https:\/\/nozama.pro\/\"},{\"@type\":\"ListItem\",\"position\":2,\"name\":\"Cat\u00e9gories\",\"item\":\"https:\/\/nozama.pro\/index.php\/categories\/\"},{\"@type\":\"ListItem\",\"position\":3,\"name\":\"LINGETTES &#8211; GRAND MODEL\"}]},{\"@type\":\"WebSite\",\"@id\":\"https:\/\/nozama.pro\/#website\",\"url\":\"https:\/\/nozama.pro\/\",\"name\":\"nozama\",\"description\":\"Les solutions du quotidien\",\"potentialAction\":[{\"@type\":\"SearchAction\",\"target\":{\"@type\":\"EntryPoint\",\"urlTemplate\":\"https:\/\/nozama.pro\/?s={search_term_string}\"},\"query-input\":\"required name=search_term_string\"}],\"inLanguage\":\"fr-FR\"}]}<\/script>\n<!-- \/ Yoast SEO plugin. -->","yoast_head_json":{"title":"LINGETTES - GRAND MODEL - nozama","robots":{"index":"index","follow":"follow","max-snippet":"max-snippet:-1","max-image-preview":"max-image-preview:large","max-video-preview":"max-video-preview:-1"},"canonical":"https:\/\/nozama.pro\/index.php\/product\/lingettes-grand-model\/","og_locale":"fr_FR","og_type":"article","og_title":"LINGETTES - GRAND MODEL - nozama","og_description":"[vc_row][vc_column][vc_column_text] Mode d\u2019emploi Appliquer g\u00e9n\u00e9reusement ARMENET LINGETTES LUBRIFIANT et NETTOYANT sur l\u2019ensemble de l\u2019arme et lustrer afin d\u2019obtenir une protection et une propret\u00e9 parfaite de l\u2019arme. Les lingettes sont r\u00e9utilisables 300 fois apr\u00e8s lavage doux \u00e0 30\u00b0. R\u00e9imbiber ensuite les lingettes avec la recharge ARMENET NOURRISSANT D\u2019ARME disponible en 50 ou 125 ml. Propri\u00e9t\u00e9s ARMENET [&hellip;]","og_url":"https:\/\/nozama.pro\/index.php\/product\/lingettes-grand-model\/","og_site_name":"nozama","article_modified_time":"2023-10-18T10:15:39+00:00","og_image":[{"width":600,"height":600,"url":"https:\/\/nozama.pro\/wp-content\/uploads\/2023\/10\/lingettes-grandes-boites.jpg","type":"image\/jpeg"}],"twitter_card":"summary_large_image","twitter_misc":{"Dur\u00e9e de lecture estim\u00e9e":"1 minute"},"schema":{"@context":"https:\/\/schema.org","@graph":[{"@type":"WebPage","@id":"https:\/\/nozama.pro\/index.php\/product\/lingettes-grand-model\/","url":"https:\/\/nozama.pro\/index.php\/product\/lingettes-grand-model\/","name":"LINGETTES - GRAND MODEL - nozama","isPartOf":{"@id":"https:\/\/nozama.pro\/#website"},"datePublished":"2023-10-16T09:23:13+00:00","dateModified":"2023-10-18T10:15:39+00:00","breadcrumb":{"@id":"https:\/\/nozama.pro\/index.php\/product\/lingettes-grand-model\/#breadcrumb"},"inLanguage":"fr-FR","potentialAction":[{"@type":"ReadAction","target":["https:\/\/nozama.pro\/index.php\/product\/lingettes-grand-model\/"]}]},{"@type":"BreadcrumbList","@id":"https:\/\/nozama.pro\/index.php\/product\/lingettes-grand-model\/#breadcrumb","itemListElement":[{"@type":"ListItem","position":1,"name":"Accueil","item":"https:\/\/nozama.pro\/"},{"@type":"ListItem","position":2,"name":"Cat\u00e9gories","item":"https:\/\/nozama.pro\/index.php\/categories\/"},{"@type":"ListItem","position":3,"name":"LINGETTES &#8211; GRAND MODEL"}]},{"@type":"WebSite","@id":"https:\/\/nozama.pro\/#website","url":"https:\/\/nozama.pro\/","name":"nozama","description":"Les solutions du quotidien","potentialAction":[{"@type":"SearchAction","target":{"@type":"EntryPoint","urlTemplate":"https:\/\/nozama.pro\/?s={search_term_string}"},"query-input":"required name=search_term_string"}],"inLanguage":"fr-FR"}]}},"_links":{"self":[{"href":"https:\/\/nozama.pro\/index.php\/wp-json\/wp\/v3\/product\/53268"}],"collection":[{"href":"https:\/\/nozama.pro\/index.php\/wp-json\/wp\/v3\/product"}],"about":[{"href":"https:\/\/nozama.pro\/index.php\/wp-json\/wp\/v2\/types\/product"}],"replies":[{"embeddable":true,"href":"https:\/\/nozama.pro\/index.php\/wp-json\/wp\/v2\/comments?post=53268"}],"wp:featuredmedia":[{"embeddable":true,"href":"https:\/\/nozama.pro\/index.php\/wp-json\/wp\/v2\/media\/53284"}],"wp:attachment":[{"href":"https:\/\/nozama.pro\/index.php\/wp-json\/wp\/v2\/media?parent=53268"}],"wp:term":[{"taxonomy":"product_cat","embeddable":true,"href":"https:\/\/nozama.pro\/index.php\/wp-json\/wp\/v2\/product_cat?post=53268"},{"taxonomy":"product_tag","embeddable":true,"href":"https:\/\/nozama.pro\/index.php\/wp-json\/wp\/v2\/product_tag?post=53268"}],"curies":[{"name":"wp","href":"https:\/\/api.w.org\/{rel}","templated":true}]}}