{"id":53280,"date":"2023-10-16T20:59:43","date_gmt":"2023-10-16T18:59:43","guid":{"rendered":"https:\/\/nozama.pro\/?post_type=product&#038;p=53280"},"modified":"2024-11-10T15:42:44","modified_gmt":"2024-11-10T14:42:44","slug":"debronzant-deplombant-250ml","status":"publish","type":"product","link":"https:\/\/nozama.pro\/index.php\/product\/debronzant-deplombant-250ml\/","title":{"rendered":"D\u00c9BRONZANT D\u00c9PLOMBANT &#8211; 250ml"},"content":{"rendered":"<p>[vc_row][vc_column][vc_column_text]<\/p>\n<h4 class=\"p1\">Acier \u00e0 nu<\/h4>\n<h4 class=\"p1\">Int\u00e9rieur &amp; Ext\u00e9rieur<\/h4>\n<hr \/>\n<p class=\"p1\"><strong>Mode d\u2019emploi<\/strong><\/p>\n<p class=\"p1\">1 &#8211; Verser <b>ARMENET D\u00c9BRONZANT D\u00c9PLOMBANT D\u2019ARME<\/b> dans une coupelle.<\/p>\n<p class=\"p1\">2 &#8211; \u00c0 l\u2019aide d\u2019un pinceau, appliquer g\u00e9n\u00e9reusement jusqu\u2019\u00e0 refus 1 \u00e0 2 couches sur les parties m\u00e9talliques (int\u00e9rieures et ext\u00e9rieures) et laisser agir 3 minutes.<\/p>\n<p class=\"p1\">3 &#8211; Frotter \u00e0 l\u2019aide d\u2019un chiffon ou d\u2019une brosse puis rincer \u00e0 l\u2019eau.<\/p>\n<p class=\"p1\">4 &#8211; Essuyer avec un chiffon propre, bien laisser s\u00e9cher.<\/p>\n<p class=\"p1\">5 &#8211; Renouveler l\u2019op\u00e9ration si n\u00e9cessaire.<\/p>\n<p class=\"p1\">6 &#8211; TREMPAGE\u00a0: Vous pouvez \u00e9galement mettre le produit dans un bac et laisser agir votre pi\u00e8ce \u00e0 d\u00e9bronzer ou d\u00e9plomber pendant 10 minutes<\/p>\n<p class=\"p3\"><i>*99,5 % du total des ingr\u00e9dients sont d\u2019origine naturelle. Formul\u00e9 avec des ingr\u00e9dients d\u2019origine renouvelable et obtenus par des proc\u00e9d\u00e9s respectueux de l\u2019environnement. Sans allerg\u00e8ne.)<\/i><\/p>\n<p>[\/vc_column_text][\/vc_column][\/vc_row][vc_row css=&#8221;.vc_custom_1569146561550{padding-top: 50px !important;}&#8221;][vc_column width=&#8221;1\/3&#8243;][vc_single_image image=&#8221;2939&#8243; alignment=&#8221;center&#8221;][vc_btn title=&#8221;Voir la fiche conseil&#8221; color=&#8221;vista-blue&#8221; align=&#8221;center&#8221; css_animation=&#8221;none&#8221; link=&#8221;url:https%3A%2F%2Fnozama.pro%2Fwp-content%2Fuploads%2F2023%2F10%2FFC-ARMENET-debronzant-deplombant.pdf&#8221;][\/vc_column][vc_column width=&#8221;1\/3&#8243;][\/vc_column][\/vc_row]<\/p>\n","protected":false},"excerpt":{"rendered":"<p>[vc_row][vc_column][vc_column_text] Acier \u00e0 nu Int\u00e9rieur &amp; Ext\u00e9rieur Mode d\u2019emploi 1 &#8211; Verser ARMENET D\u00c9BRONZANT D\u00c9PLOMBANT D\u2019ARME dans une coupelle. 2 &#8211; \u00c0 l\u2019aide d\u2019un pinceau, appliquer g\u00e9n\u00e9reusement jusqu\u2019\u00e0 refus 1 \u00e0 2 couches sur les parties m\u00e9talliques (int\u00e9rieures et ext\u00e9rieures) et laisser agir 3 minutes. 3 &#8211; Frotter \u00e0 l\u2019aide d\u2019un chiffon ou d\u2019une brosse [&hellip;]<\/p>\n","protected":false},"featured_media":53244,"comment_status":"open","ping_status":"closed","template":"","meta":[],"product_cat":[127,119],"product_tag":[],"yoast_head":"<!-- This site is optimized with the Yoast SEO plugin v20.5 - https:\/\/yoast.com\/wordpress\/plugins\/seo\/ -->\n<title>D\u00c9BRONZANT D\u00c9PLOMBANT - 250ml - nozama<\/title>\n<meta name=\"robots\" content=\"index, follow, max-snippet:-1, max-image-preview:large, max-video-preview:-1\" \/>\n<link rel=\"canonical\" href=\"https:\/\/nozama.pro\/index.php\/product\/debronzant-deplombant-250ml\/\" \/>\n<meta property=\"og:locale\" content=\"fr_FR\" \/>\n<meta property=\"og:type\" content=\"article\" \/>\n<meta property=\"og:title\" content=\"D\u00c9BRONZANT D\u00c9PLOMBANT - 250ml - nozama\" \/>\n<meta property=\"og:description\" content=\"[vc_row][vc_column][vc_column_text] Acier \u00e0 nu Int\u00e9rieur &amp; Ext\u00e9rieur Mode d\u2019emploi 1 &#8211; Verser ARMENET D\u00c9BRONZANT D\u00c9PLOMBANT D\u2019ARME dans une coupelle. 2 &#8211; \u00c0 l\u2019aide d\u2019un pinceau, appliquer g\u00e9n\u00e9reusement jusqu\u2019\u00e0 refus 1 \u00e0 2 couches sur les parties m\u00e9talliques (int\u00e9rieures et ext\u00e9rieures) et laisser agir 3 minutes. 3 &#8211; Frotter \u00e0 l\u2019aide d\u2019un chiffon ou d\u2019une brosse [&hellip;]\" \/>\n<meta property=\"og:url\" content=\"https:\/\/nozama.pro\/index.php\/product\/debronzant-deplombant-250ml\/\" \/>\n<meta property=\"og:site_name\" content=\"nozama\" \/>\n<meta property=\"article:modified_time\" content=\"2024-11-10T14:42:44+00:00\" \/>\n<meta property=\"og:image\" content=\"https:\/\/nozama.pro\/wp-content\/uploads\/2023\/10\/debronzant-deplombant-darme.jpg\" \/>\n\t<meta property=\"og:image:width\" content=\"600\" \/>\n\t<meta property=\"og:image:height\" content=\"600\" \/>\n\t<meta property=\"og:image:type\" content=\"image\/jpeg\" \/>\n<meta name=\"twitter:card\" content=\"summary_large_image\" \/>\n<meta name=\"twitter:label1\" content=\"Dur\u00e9e de lecture estim\u00e9e\" \/>\n\t<meta name=\"twitter:data1\" content=\"1 minute\" \/>\n<script type=\"application\/ld+json\" class=\"yoast-schema-graph\">{\"@context\":\"https:\/\/schema.org\",\"@graph\":[{\"@type\":\"WebPage\",\"@id\":\"https:\/\/nozama.pro\/index.php\/product\/debronzant-deplombant-250ml\/\",\"url\":\"https:\/\/nozama.pro\/index.php\/product\/debronzant-deplombant-250ml\/\",\"name\":\"D\u00c9BRONZANT D\u00c9PLOMBANT - 250ml - nozama\",\"isPartOf\":{\"@id\":\"https:\/\/nozama.pro\/#website\"},\"datePublished\":\"2023-10-16T18:59:43+00:00\",\"dateModified\":\"2024-11-10T14:42:44+00:00\",\"breadcrumb\":{\"@id\":\"https:\/\/nozama.pro\/index.php\/product\/debronzant-deplombant-250ml\/#breadcrumb\"},\"inLanguage\":\"fr-FR\",\"potentialAction\":[{\"@type\":\"ReadAction\",\"target\":[\"https:\/\/nozama.pro\/index.php\/product\/debronzant-deplombant-250ml\/\"]}]},{\"@type\":\"BreadcrumbList\",\"@id\":\"https:\/\/nozama.pro\/index.php\/product\/debronzant-deplombant-250ml\/#breadcrumb\",\"itemListElement\":[{\"@type\":\"ListItem\",\"position\":1,\"name\":\"Accueil\",\"item\":\"https:\/\/nozama.pro\/\"},{\"@type\":\"ListItem\",\"position\":2,\"name\":\"Cat\u00e9gories\",\"item\":\"https:\/\/nozama.pro\/index.php\/categories\/\"},{\"@type\":\"ListItem\",\"position\":3,\"name\":\"D\u00c9BRONZANT D\u00c9PLOMBANT &#8211; 250ml\"}]},{\"@type\":\"WebSite\",\"@id\":\"https:\/\/nozama.pro\/#website\",\"url\":\"https:\/\/nozama.pro\/\",\"name\":\"nozama\",\"description\":\"Les solutions du quotidien\",\"potentialAction\":[{\"@type\":\"SearchAction\",\"target\":{\"@type\":\"EntryPoint\",\"urlTemplate\":\"https:\/\/nozama.pro\/?s={search_term_string}\"},\"query-input\":\"required name=search_term_string\"}],\"inLanguage\":\"fr-FR\"}]}<\/script>\n<!-- \/ Yoast SEO plugin. -->","yoast_head_json":{"title":"D\u00c9BRONZANT D\u00c9PLOMBANT - 250ml - nozama","robots":{"index":"index","follow":"follow","max-snippet":"max-snippet:-1","max-image-preview":"max-image-preview:large","max-video-preview":"max-video-preview:-1"},"canonical":"https:\/\/nozama.pro\/index.php\/product\/debronzant-deplombant-250ml\/","og_locale":"fr_FR","og_type":"article","og_title":"D\u00c9BRONZANT D\u00c9PLOMBANT - 250ml - nozama","og_description":"[vc_row][vc_column][vc_column_text] Acier \u00e0 nu Int\u00e9rieur &amp; Ext\u00e9rieur Mode d\u2019emploi 1 &#8211; Verser ARMENET D\u00c9BRONZANT D\u00c9PLOMBANT D\u2019ARME dans une coupelle. 2 &#8211; \u00c0 l\u2019aide d\u2019un pinceau, appliquer g\u00e9n\u00e9reusement jusqu\u2019\u00e0 refus 1 \u00e0 2 couches sur les parties m\u00e9talliques (int\u00e9rieures et ext\u00e9rieures) et laisser agir 3 minutes. 3 &#8211; Frotter \u00e0 l\u2019aide d\u2019un chiffon ou d\u2019une brosse [&hellip;]","og_url":"https:\/\/nozama.pro\/index.php\/product\/debronzant-deplombant-250ml\/","og_site_name":"nozama","article_modified_time":"2024-11-10T14:42:44+00:00","og_image":[{"width":600,"height":600,"url":"https:\/\/nozama.pro\/wp-content\/uploads\/2023\/10\/debronzant-deplombant-darme.jpg","type":"image\/jpeg"}],"twitter_card":"summary_large_image","twitter_misc":{"Dur\u00e9e de lecture estim\u00e9e":"1 minute"},"schema":{"@context":"https:\/\/schema.org","@graph":[{"@type":"WebPage","@id":"https:\/\/nozama.pro\/index.php\/product\/debronzant-deplombant-250ml\/","url":"https:\/\/nozama.pro\/index.php\/product\/debronzant-deplombant-250ml\/","name":"D\u00c9BRONZANT D\u00c9PLOMBANT - 250ml - nozama","isPartOf":{"@id":"https:\/\/nozama.pro\/#website"},"datePublished":"2023-10-16T18:59:43+00:00","dateModified":"2024-11-10T14:42:44+00:00","breadcrumb":{"@id":"https:\/\/nozama.pro\/index.php\/product\/debronzant-deplombant-250ml\/#breadcrumb"},"inLanguage":"fr-FR","potentialAction":[{"@type":"ReadAction","target":["https:\/\/nozama.pro\/index.php\/product\/debronzant-deplombant-250ml\/"]}]},{"@type":"BreadcrumbList","@id":"https:\/\/nozama.pro\/index.php\/product\/debronzant-deplombant-250ml\/#breadcrumb","itemListElement":[{"@type":"ListItem","position":1,"name":"Accueil","item":"https:\/\/nozama.pro\/"},{"@type":"ListItem","position":2,"name":"Cat\u00e9gories","item":"https:\/\/nozama.pro\/index.php\/categories\/"},{"@type":"ListItem","position":3,"name":"D\u00c9BRONZANT D\u00c9PLOMBANT &#8211; 250ml"}]},{"@type":"WebSite","@id":"https:\/\/nozama.pro\/#website","url":"https:\/\/nozama.pro\/","name":"nozama","description":"Les solutions du quotidien","potentialAction":[{"@type":"SearchAction","target":{"@type":"EntryPoint","urlTemplate":"https:\/\/nozama.pro\/?s={search_term_string}"},"query-input":"required name=search_term_string"}],"inLanguage":"fr-FR"}]}},"_links":{"self":[{"href":"https:\/\/nozama.pro\/index.php\/wp-json\/wp\/v3\/product\/53280"}],"collection":[{"href":"https:\/\/nozama.pro\/index.php\/wp-json\/wp\/v3\/product"}],"about":[{"href":"https:\/\/nozama.pro\/index.php\/wp-json\/wp\/v2\/types\/product"}],"replies":[{"embeddable":true,"href":"https:\/\/nozama.pro\/index.php\/wp-json\/wp\/v2\/comments?post=53280"}],"wp:featuredmedia":[{"embeddable":true,"href":"https:\/\/nozama.pro\/index.php\/wp-json\/wp\/v2\/media\/53244"}],"wp:attachment":[{"href":"https:\/\/nozama.pro\/index.php\/wp-json\/wp\/v2\/media?parent=53280"}],"wp:term":[{"taxonomy":"product_cat","embeddable":true,"href":"https:\/\/nozama.pro\/index.php\/wp-json\/wp\/v2\/product_cat?post=53280"},{"taxonomy":"product_tag","embeddable":true,"href":"https:\/\/nozama.pro\/index.php\/wp-json\/wp\/v2\/product_tag?post=53280"}],"curies":[{"name":"wp","href":"https:\/\/api.w.org\/{rel}","templated":true}]}}