{"id":53281,"date":"2023-10-16T21:07:26","date_gmt":"2023-10-16T19:07:26","guid":{"rendered":"https:\/\/nozama.pro\/?post_type=product&#038;p=53281"},"modified":"2023-10-16T21:20:22","modified_gmt":"2023-10-16T19:20:22","slug":"kit-armenet-pour-6-armes","status":"publish","type":"product","link":"https:\/\/nozama.pro\/index.php\/product\/kit-armenet-pour-6-armes\/","title":{"rendered":"KIT ARMENET &#8211; pour 6 armes"},"content":{"rendered":"<p>[vc_row][vc_column][vc_column_text]<\/p>\n<h4 class=\"p1\"><\/h4>\n<h4>Contient :<\/h4>\n<p class=\"p1\"><b>BRONZAGE \u00c0 FROID<\/b><\/p>\n<p class=\"p2\">Brunissage bleu nuit \u00e0 noir des aciers<br \/>\nGomme les Impacts<br \/>\n87.7 % du total des ingr\u00e9dients sont d\u2019origine naturelle<\/p>\n<p class=\"p1\"><b>NETTOYANT D\u2019ARME<\/b><\/p>\n<p class=\"p2\">D\u00e9sincrustant &#8211; D\u00e9graissant avant bronzage<br \/>\n*98 % du total des ingr\u00e9dients sont d\u2019origine naturelle. Formul\u00e9 avec des ingr\u00e9dients d\u2019origine renouvelable et obtenus par des proc\u00e9d\u00e9s respectueux de l\u2019environnement. Sans allerg\u00e8ne.<\/p>\n<p class=\"p1\"><b>FIXATEUR de BRONZAGE<\/b><\/p>\n<p class=\"p2\">Ancre le Brunissage des Aciers &#8211; Longue Dur\u00e9e<br \/>\n100% des ingr\u00e9dients sont d\u2019origine naturelle. Sans traitement chimique ni raffinage. mati\u00e8res actives issues de l\u2019agriculture biologique. 100% biod\u00e9gradable<\/p>\n<p class=\"p1\"><b>D\u00c9GRIPPANT D\u2019ARME<\/b><\/p>\n<p class=\"p2\">Lubrifiant Anti-rouille hydrofuge et ol\u00e9ofuge<br \/>\nLongue Dur\u00e9e<br \/>\n100% des ingr\u00e9dients sont d\u2019origine naturelle. Sans traitement chimique ni raffinage. mati\u00e8res actives issues de l\u2019agriculture biologique. 100% biod\u00e9gradable<\/p>\n<p class=\"p1\"><b>1 LINGETTE MICROFIBRE<\/b><\/p>\n<p class=\"p2\">dimensions : 30 x 30 cm &#8211; Biologique<br \/>\n100% des mati\u00e8res sont d\u2019origine naturelle, issues de l\u2019agriculture biologique.<br \/>\nSans traitement chimique ni raffinage. 100% biod\u00e9gradable.<\/p>\n<p>[\/vc_column_text][\/vc_column][\/vc_row][vc_row css=&#8221;.vc_custom_1569146561550{padding-top: 50px !important;}&#8221;][vc_column width=&#8221;1\/3&#8243;][vc_single_image image=&#8221;2939&#8243; alignment=&#8221;center&#8221;][vc_btn title=&#8221;Voir la fiche conseil&#8221; color=&#8221;vista-blue&#8221; align=&#8221;center&#8221; css_animation=&#8221;none&#8221; link=&#8221;url:https%3A%2F%2Fnozama.pro%2Fwp-content%2Fuploads%2F2023%2F10%2FFC-KIT-ARMENET.pdf&#8221;][\/vc_column][vc_column width=&#8221;1\/3&#8243;][\/vc_column][\/vc_row]<\/p>\n","protected":false},"excerpt":{"rendered":"<p>[vc_row][vc_column][vc_column_text] Contient : BRONZAGE \u00c0 FROID Brunissage bleu nuit \u00e0 noir des aciers Gomme les Impacts 87.7 % du total des ingr\u00e9dients sont d\u2019origine naturelle NETTOYANT D\u2019ARME D\u00e9sincrustant &#8211; D\u00e9graissant avant bronzage *98 % du total des ingr\u00e9dients sont d\u2019origine naturelle. Formul\u00e9 avec des ingr\u00e9dients d\u2019origine renouvelable et obtenus par des proc\u00e9d\u00e9s respectueux de l\u2019environnement. [&hellip;]<\/p>\n","protected":false},"featured_media":53283,"comment_status":"open","ping_status":"closed","template":"","meta":[],"product_cat":[127,119],"product_tag":[],"yoast_head":"<!-- This site is optimized with the Yoast SEO plugin v20.5 - https:\/\/yoast.com\/wordpress\/plugins\/seo\/ -->\n<title>KIT ARMENET - pour 6 armes - nozama<\/title>\n<meta name=\"robots\" content=\"index, follow, max-snippet:-1, max-image-preview:large, max-video-preview:-1\" \/>\n<link rel=\"canonical\" href=\"https:\/\/nozama.pro\/index.php\/product\/kit-armenet-pour-6-armes\/\" \/>\n<meta property=\"og:locale\" content=\"fr_FR\" \/>\n<meta property=\"og:type\" content=\"article\" \/>\n<meta property=\"og:title\" content=\"KIT ARMENET - pour 6 armes - nozama\" \/>\n<meta property=\"og:description\" content=\"[vc_row][vc_column][vc_column_text] Contient : BRONZAGE \u00c0 FROID Brunissage bleu nuit \u00e0 noir des aciers Gomme les Impacts 87.7 % du total des ingr\u00e9dients sont d\u2019origine naturelle NETTOYANT D\u2019ARME D\u00e9sincrustant &#8211; D\u00e9graissant avant bronzage *98 % du total des ingr\u00e9dients sont d\u2019origine naturelle. Formul\u00e9 avec des ingr\u00e9dients d\u2019origine renouvelable et obtenus par des proc\u00e9d\u00e9s respectueux de l\u2019environnement. [&hellip;]\" \/>\n<meta property=\"og:url\" content=\"https:\/\/nozama.pro\/index.php\/product\/kit-armenet-pour-6-armes\/\" \/>\n<meta property=\"og:site_name\" content=\"nozama\" \/>\n<meta property=\"article:modified_time\" content=\"2023-10-16T19:20:22+00:00\" \/>\n<meta property=\"og:image\" content=\"https:\/\/nozama.pro\/wp-content\/uploads\/2023\/10\/kit-armenet-6-armes.jpg\" \/>\n\t<meta property=\"og:image:width\" content=\"600\" \/>\n\t<meta property=\"og:image:height\" content=\"600\" \/>\n\t<meta property=\"og:image:type\" content=\"image\/jpeg\" \/>\n<meta name=\"twitter:card\" content=\"summary_large_image\" \/>\n<meta name=\"twitter:label1\" content=\"Dur\u00e9e de lecture estim\u00e9e\" \/>\n\t<meta name=\"twitter:data1\" content=\"1 minute\" \/>\n<script type=\"application\/ld+json\" class=\"yoast-schema-graph\">{\"@context\":\"https:\/\/schema.org\",\"@graph\":[{\"@type\":\"WebPage\",\"@id\":\"https:\/\/nozama.pro\/index.php\/product\/kit-armenet-pour-6-armes\/\",\"url\":\"https:\/\/nozama.pro\/index.php\/product\/kit-armenet-pour-6-armes\/\",\"name\":\"KIT ARMENET - pour 6 armes - nozama\",\"isPartOf\":{\"@id\":\"https:\/\/nozama.pro\/#website\"},\"datePublished\":\"2023-10-16T19:07:26+00:00\",\"dateModified\":\"2023-10-16T19:20:22+00:00\",\"breadcrumb\":{\"@id\":\"https:\/\/nozama.pro\/index.php\/product\/kit-armenet-pour-6-armes\/#breadcrumb\"},\"inLanguage\":\"fr-FR\",\"potentialAction\":[{\"@type\":\"ReadAction\",\"target\":[\"https:\/\/nozama.pro\/index.php\/product\/kit-armenet-pour-6-armes\/\"]}]},{\"@type\":\"BreadcrumbList\",\"@id\":\"https:\/\/nozama.pro\/index.php\/product\/kit-armenet-pour-6-armes\/#breadcrumb\",\"itemListElement\":[{\"@type\":\"ListItem\",\"position\":1,\"name\":\"Accueil\",\"item\":\"https:\/\/nozama.pro\/\"},{\"@type\":\"ListItem\",\"position\":2,\"name\":\"Cat\u00e9gories\",\"item\":\"https:\/\/nozama.pro\/index.php\/categories\/\"},{\"@type\":\"ListItem\",\"position\":3,\"name\":\"KIT ARMENET &#8211; pour 6 armes\"}]},{\"@type\":\"WebSite\",\"@id\":\"https:\/\/nozama.pro\/#website\",\"url\":\"https:\/\/nozama.pro\/\",\"name\":\"nozama\",\"description\":\"Les solutions du quotidien\",\"potentialAction\":[{\"@type\":\"SearchAction\",\"target\":{\"@type\":\"EntryPoint\",\"urlTemplate\":\"https:\/\/nozama.pro\/?s={search_term_string}\"},\"query-input\":\"required name=search_term_string\"}],\"inLanguage\":\"fr-FR\"}]}<\/script>\n<!-- \/ Yoast SEO plugin. -->","yoast_head_json":{"title":"KIT ARMENET - pour 6 armes - nozama","robots":{"index":"index","follow":"follow","max-snippet":"max-snippet:-1","max-image-preview":"max-image-preview:large","max-video-preview":"max-video-preview:-1"},"canonical":"https:\/\/nozama.pro\/index.php\/product\/kit-armenet-pour-6-armes\/","og_locale":"fr_FR","og_type":"article","og_title":"KIT ARMENET - pour 6 armes - nozama","og_description":"[vc_row][vc_column][vc_column_text] Contient : BRONZAGE \u00c0 FROID Brunissage bleu nuit \u00e0 noir des aciers Gomme les Impacts 87.7 % du total des ingr\u00e9dients sont d\u2019origine naturelle NETTOYANT D\u2019ARME D\u00e9sincrustant &#8211; D\u00e9graissant avant bronzage *98 % du total des ingr\u00e9dients sont d\u2019origine naturelle. Formul\u00e9 avec des ingr\u00e9dients d\u2019origine renouvelable et obtenus par des proc\u00e9d\u00e9s respectueux de l\u2019environnement. [&hellip;]","og_url":"https:\/\/nozama.pro\/index.php\/product\/kit-armenet-pour-6-armes\/","og_site_name":"nozama","article_modified_time":"2023-10-16T19:20:22+00:00","og_image":[{"width":600,"height":600,"url":"https:\/\/nozama.pro\/wp-content\/uploads\/2023\/10\/kit-armenet-6-armes.jpg","type":"image\/jpeg"}],"twitter_card":"summary_large_image","twitter_misc":{"Dur\u00e9e de lecture estim\u00e9e":"1 minute"},"schema":{"@context":"https:\/\/schema.org","@graph":[{"@type":"WebPage","@id":"https:\/\/nozama.pro\/index.php\/product\/kit-armenet-pour-6-armes\/","url":"https:\/\/nozama.pro\/index.php\/product\/kit-armenet-pour-6-armes\/","name":"KIT ARMENET - pour 6 armes - nozama","isPartOf":{"@id":"https:\/\/nozama.pro\/#website"},"datePublished":"2023-10-16T19:07:26+00:00","dateModified":"2023-10-16T19:20:22+00:00","breadcrumb":{"@id":"https:\/\/nozama.pro\/index.php\/product\/kit-armenet-pour-6-armes\/#breadcrumb"},"inLanguage":"fr-FR","potentialAction":[{"@type":"ReadAction","target":["https:\/\/nozama.pro\/index.php\/product\/kit-armenet-pour-6-armes\/"]}]},{"@type":"BreadcrumbList","@id":"https:\/\/nozama.pro\/index.php\/product\/kit-armenet-pour-6-armes\/#breadcrumb","itemListElement":[{"@type":"ListItem","position":1,"name":"Accueil","item":"https:\/\/nozama.pro\/"},{"@type":"ListItem","position":2,"name":"Cat\u00e9gories","item":"https:\/\/nozama.pro\/index.php\/categories\/"},{"@type":"ListItem","position":3,"name":"KIT ARMENET &#8211; pour 6 armes"}]},{"@type":"WebSite","@id":"https:\/\/nozama.pro\/#website","url":"https:\/\/nozama.pro\/","name":"nozama","description":"Les solutions du quotidien","potentialAction":[{"@type":"SearchAction","target":{"@type":"EntryPoint","urlTemplate":"https:\/\/nozama.pro\/?s={search_term_string}"},"query-input":"required name=search_term_string"}],"inLanguage":"fr-FR"}]}},"_links":{"self":[{"href":"https:\/\/nozama.pro\/index.php\/wp-json\/wp\/v3\/product\/53281"}],"collection":[{"href":"https:\/\/nozama.pro\/index.php\/wp-json\/wp\/v3\/product"}],"about":[{"href":"https:\/\/nozama.pro\/index.php\/wp-json\/wp\/v2\/types\/product"}],"replies":[{"embeddable":true,"href":"https:\/\/nozama.pro\/index.php\/wp-json\/wp\/v2\/comments?post=53281"}],"wp:featuredmedia":[{"embeddable":true,"href":"https:\/\/nozama.pro\/index.php\/wp-json\/wp\/v2\/media\/53283"}],"wp:attachment":[{"href":"https:\/\/nozama.pro\/index.php\/wp-json\/wp\/v2\/media?parent=53281"}],"wp:term":[{"taxonomy":"product_cat","embeddable":true,"href":"https:\/\/nozama.pro\/index.php\/wp-json\/wp\/v2\/product_cat?post=53281"},{"taxonomy":"product_tag","embeddable":true,"href":"https:\/\/nozama.pro\/index.php\/wp-json\/wp\/v2\/product_tag?post=53281"}],"curies":[{"name":"wp","href":"https:\/\/api.w.org\/{rel}","templated":true}]}}