{"id":53299,"date":"2023-10-18T12:32:39","date_gmt":"2023-10-18T10:32:39","guid":{"rendered":"https:\/\/nozama.pro\/?post_type=product&#038;p=53299"},"modified":"2026-03-27T07:22:33","modified_gmt":"2026-03-27T06:22:33","slug":"fixateur-de-bronzage-125ml","status":"publish","type":"product","link":"https:\/\/nozama.pro\/index.php\/product\/fixateur-de-bronzage-125ml\/","title":{"rendered":"FIXATEUR DE BRONZAGE &#8211; 125ml"},"content":{"rendered":"<p>[vc_row][vc_column][vc_column_text]<\/p>\n<h4 class=\"p1\">Ancre le Brunissage des Aciers<\/h4>\n<h4 class=\"p1\">Longue Dur\u00e9e<\/h4>\n<hr \/>\n<p class=\"p1\"><strong>Mode d\u2019emploi<\/strong><\/p>\n<p class=\"p1\">Effectuer un d\u00e9graissage parfait \u00e0 l\u2019aide de <b>ARMENET NETTOYANT D\u2019ARME<\/b><\/p>\n<p class=\"p1\">Appliquer une fine couche d\u2019<b>ARMENET BRONZAGE A FROID<\/b> \u00e0 l\u2019aide d\u2019un pinceau ou d\u2019un coton-tige sur les parties m\u00e9talliques \u00e0 bronzer. Essuyer le surplus et laiss\u00e9 s\u00e9cher. Sachant que vous pouvez renouveler l\u2019op\u00e9ration jusqu\u2019\u00e0 l\u2019obtention de la teinte d\u00e9sir\u00e9e du bleu nuit \u00e0 noir.<\/p>\n<p class=\"p1\">Appliquer g\u00e9n\u00e9reusement <b>ARMENET FIXATEUR DE BRONZAGE<\/b> avec un chiffon doux pour ancrer le bronzage et laisser agir un minimum d\u20191 heure. Lustrer ensuite avec la microfibre ARMENET afin d\u2019obtenir un ancrage parfait pour une protection et une finition parfaite de l\u2019arme.<\/p>\n<hr \/>\n<p class=\"p1\"><strong>Propri\u00e9t\u00e9s<\/strong><\/p>\n<p class=\"p1\"><b>ARMENET FIXATEUR DE BRONZAGE<\/b> est pr\u00eat \u00e0 l\u2019emploi, il permet d\u2019ancrer le bronzage et d\u2019assurer un fini parfait du bronzage. Il prot\u00e8ge et redonne l\u2019\u00e9clat du neuf. Il permet d\u2019obtenir un brillant naturel (satin\u00e9) et une r\u00e9sistante accrue \u00e0 l\u2019usure et de longue dur\u00e9e gr\u00e2ce \u00e0 son film protecteur hydrofuge et ol\u00e9ofuge.<\/p>\n<p class=\"p1\">Int\u00e9rieur et ext\u00e9rieur de l\u2019arme, <b>ARMENET FIXATEUR DE BRONZAGE<\/b> est le produit id\u00e9al pour fixer le bronzage et redonne l\u2019aspect du neuf aux m\u00e9canismes et canons.<\/p>\n<p class=\"p4\"><i>Process de fabrication 100% v\u00e9g\u00e9tal, sans traitement chimique ni raffinage. mati\u00e8res actives issues de l\u2019agriculture biologique. 100%<span class=\"Apple-converted-space\">\u00a0 <\/span>biod\u00e9gradable<\/i><\/p>\n<p>[\/vc_column_text][\/vc_column][\/vc_row][vc_row css=&#8221;.vc_custom_1569146561550{padding-top: 50px !important;}&#8221;][vc_column width=&#8221;1\/3&#8243;][vc_single_image image=&#8221;2939&#8243; alignment=&#8221;center&#8221;][vc_btn title=&#8221;Voir la fiche conseil&#8221; color=&#8221;vista-blue&#8221; align=&#8221;center&#8221; css_animation=&#8221;none&#8221; link=&#8221;url:https%3A%2F%2Fnozama.pro%2Fwp-content%2Fuploads%2F2023%2F10%2FFC-ARMENET-fixateur-de-bronzage.pdf&#8221;][\/vc_column][vc_column width=&#8221;1\/3&#8243;][\/vc_column][\/vc_row]<\/p>\n","protected":false},"excerpt":{"rendered":"<p>[vc_row][vc_column][vc_column_text] Ancre le Brunissage des Aciers Longue Dur\u00e9e Mode d\u2019emploi Effectuer un d\u00e9graissage parfait \u00e0 l\u2019aide de ARMENET NETTOYANT D\u2019ARME Appliquer une fine couche d\u2019ARMENET BRONZAGE A FROID \u00e0 l\u2019aide d\u2019un pinceau ou d\u2019un coton-tige sur les parties m\u00e9talliques \u00e0 bronzer. Essuyer le surplus et laiss\u00e9 s\u00e9cher. Sachant que vous pouvez renouveler l\u2019op\u00e9ration jusqu\u2019\u00e0 l\u2019obtention [&hellip;]<\/p>\n","protected":false},"featured_media":53289,"comment_status":"open","ping_status":"closed","template":"","meta":[],"product_cat":[127,119],"product_tag":[],"yoast_head":"<!-- This site is optimized with the Yoast SEO plugin v20.5 - https:\/\/yoast.com\/wordpress\/plugins\/seo\/ -->\n<title>FIXATEUR DE BRONZAGE - 125ml - nozama<\/title>\n<meta name=\"robots\" content=\"index, follow, max-snippet:-1, max-image-preview:large, max-video-preview:-1\" \/>\n<link rel=\"canonical\" href=\"https:\/\/nozama.pro\/index.php\/product\/fixateur-de-bronzage-125ml\/\" \/>\n<meta property=\"og:locale\" content=\"fr_FR\" \/>\n<meta property=\"og:type\" content=\"article\" \/>\n<meta property=\"og:title\" content=\"FIXATEUR DE BRONZAGE - 125ml - nozama\" \/>\n<meta property=\"og:description\" content=\"[vc_row][vc_column][vc_column_text] Ancre le Brunissage des Aciers Longue Dur\u00e9e Mode d\u2019emploi Effectuer un d\u00e9graissage parfait \u00e0 l\u2019aide de ARMENET NETTOYANT D\u2019ARME Appliquer une fine couche d\u2019ARMENET BRONZAGE A FROID \u00e0 l\u2019aide d\u2019un pinceau ou d\u2019un coton-tige sur les parties m\u00e9talliques \u00e0 bronzer. Essuyer le surplus et laiss\u00e9 s\u00e9cher. Sachant que vous pouvez renouveler l\u2019op\u00e9ration jusqu\u2019\u00e0 l\u2019obtention [&hellip;]\" \/>\n<meta property=\"og:url\" content=\"https:\/\/nozama.pro\/index.php\/product\/fixateur-de-bronzage-125ml\/\" \/>\n<meta property=\"og:site_name\" content=\"nozama\" \/>\n<meta property=\"article:modified_time\" content=\"2026-03-27T06:22:33+00:00\" \/>\n<meta property=\"og:image\" content=\"https:\/\/nozama.pro\/wp-content\/uploads\/2023\/10\/fixateur-de-bronzage-125ml.jpg\" \/>\n\t<meta property=\"og:image:width\" content=\"600\" \/>\n\t<meta property=\"og:image:height\" content=\"600\" \/>\n\t<meta property=\"og:image:type\" content=\"image\/jpeg\" \/>\n<meta name=\"twitter:card\" content=\"summary_large_image\" \/>\n<meta name=\"twitter:label1\" content=\"Dur\u00e9e de lecture estim\u00e9e\" \/>\n\t<meta name=\"twitter:data1\" content=\"2 minutes\" \/>\n<script type=\"application\/ld+json\" class=\"yoast-schema-graph\">{\"@context\":\"https:\/\/schema.org\",\"@graph\":[{\"@type\":\"WebPage\",\"@id\":\"https:\/\/nozama.pro\/index.php\/product\/fixateur-de-bronzage-125ml\/\",\"url\":\"https:\/\/nozama.pro\/index.php\/product\/fixateur-de-bronzage-125ml\/\",\"name\":\"FIXATEUR DE BRONZAGE - 125ml - nozama\",\"isPartOf\":{\"@id\":\"https:\/\/nozama.pro\/#website\"},\"datePublished\":\"2023-10-18T10:32:39+00:00\",\"dateModified\":\"2026-03-27T06:22:33+00:00\",\"breadcrumb\":{\"@id\":\"https:\/\/nozama.pro\/index.php\/product\/fixateur-de-bronzage-125ml\/#breadcrumb\"},\"inLanguage\":\"fr-FR\",\"potentialAction\":[{\"@type\":\"ReadAction\",\"target\":[\"https:\/\/nozama.pro\/index.php\/product\/fixateur-de-bronzage-125ml\/\"]}]},{\"@type\":\"BreadcrumbList\",\"@id\":\"https:\/\/nozama.pro\/index.php\/product\/fixateur-de-bronzage-125ml\/#breadcrumb\",\"itemListElement\":[{\"@type\":\"ListItem\",\"position\":1,\"name\":\"Accueil\",\"item\":\"https:\/\/nozama.pro\/\"},{\"@type\":\"ListItem\",\"position\":2,\"name\":\"Cat\u00e9gories\",\"item\":\"https:\/\/nozama.pro\/index.php\/categories\/\"},{\"@type\":\"ListItem\",\"position\":3,\"name\":\"FIXATEUR DE BRONZAGE &#8211; 125ml\"}]},{\"@type\":\"WebSite\",\"@id\":\"https:\/\/nozama.pro\/#website\",\"url\":\"https:\/\/nozama.pro\/\",\"name\":\"nozama\",\"description\":\"Les solutions du quotidien\",\"potentialAction\":[{\"@type\":\"SearchAction\",\"target\":{\"@type\":\"EntryPoint\",\"urlTemplate\":\"https:\/\/nozama.pro\/?s={search_term_string}\"},\"query-input\":\"required name=search_term_string\"}],\"inLanguage\":\"fr-FR\"}]}<\/script>\n<!-- \/ Yoast SEO plugin. -->","yoast_head_json":{"title":"FIXATEUR DE BRONZAGE - 125ml - nozama","robots":{"index":"index","follow":"follow","max-snippet":"max-snippet:-1","max-image-preview":"max-image-preview:large","max-video-preview":"max-video-preview:-1"},"canonical":"https:\/\/nozama.pro\/index.php\/product\/fixateur-de-bronzage-125ml\/","og_locale":"fr_FR","og_type":"article","og_title":"FIXATEUR DE BRONZAGE - 125ml - nozama","og_description":"[vc_row][vc_column][vc_column_text] Ancre le Brunissage des Aciers Longue Dur\u00e9e Mode d\u2019emploi Effectuer un d\u00e9graissage parfait \u00e0 l\u2019aide de ARMENET NETTOYANT D\u2019ARME Appliquer une fine couche d\u2019ARMENET BRONZAGE A FROID \u00e0 l\u2019aide d\u2019un pinceau ou d\u2019un coton-tige sur les parties m\u00e9talliques \u00e0 bronzer. Essuyer le surplus et laiss\u00e9 s\u00e9cher. Sachant que vous pouvez renouveler l\u2019op\u00e9ration jusqu\u2019\u00e0 l\u2019obtention [&hellip;]","og_url":"https:\/\/nozama.pro\/index.php\/product\/fixateur-de-bronzage-125ml\/","og_site_name":"nozama","article_modified_time":"2026-03-27T06:22:33+00:00","og_image":[{"width":600,"height":600,"url":"https:\/\/nozama.pro\/wp-content\/uploads\/2023\/10\/fixateur-de-bronzage-125ml.jpg","type":"image\/jpeg"}],"twitter_card":"summary_large_image","twitter_misc":{"Dur\u00e9e de lecture estim\u00e9e":"2 minutes"},"schema":{"@context":"https:\/\/schema.org","@graph":[{"@type":"WebPage","@id":"https:\/\/nozama.pro\/index.php\/product\/fixateur-de-bronzage-125ml\/","url":"https:\/\/nozama.pro\/index.php\/product\/fixateur-de-bronzage-125ml\/","name":"FIXATEUR DE BRONZAGE - 125ml - nozama","isPartOf":{"@id":"https:\/\/nozama.pro\/#website"},"datePublished":"2023-10-18T10:32:39+00:00","dateModified":"2026-03-27T06:22:33+00:00","breadcrumb":{"@id":"https:\/\/nozama.pro\/index.php\/product\/fixateur-de-bronzage-125ml\/#breadcrumb"},"inLanguage":"fr-FR","potentialAction":[{"@type":"ReadAction","target":["https:\/\/nozama.pro\/index.php\/product\/fixateur-de-bronzage-125ml\/"]}]},{"@type":"BreadcrumbList","@id":"https:\/\/nozama.pro\/index.php\/product\/fixateur-de-bronzage-125ml\/#breadcrumb","itemListElement":[{"@type":"ListItem","position":1,"name":"Accueil","item":"https:\/\/nozama.pro\/"},{"@type":"ListItem","position":2,"name":"Cat\u00e9gories","item":"https:\/\/nozama.pro\/index.php\/categories\/"},{"@type":"ListItem","position":3,"name":"FIXATEUR DE BRONZAGE &#8211; 125ml"}]},{"@type":"WebSite","@id":"https:\/\/nozama.pro\/#website","url":"https:\/\/nozama.pro\/","name":"nozama","description":"Les solutions du quotidien","potentialAction":[{"@type":"SearchAction","target":{"@type":"EntryPoint","urlTemplate":"https:\/\/nozama.pro\/?s={search_term_string}"},"query-input":"required name=search_term_string"}],"inLanguage":"fr-FR"}]}},"_links":{"self":[{"href":"https:\/\/nozama.pro\/index.php\/wp-json\/wp\/v3\/product\/53299"}],"collection":[{"href":"https:\/\/nozama.pro\/index.php\/wp-json\/wp\/v3\/product"}],"about":[{"href":"https:\/\/nozama.pro\/index.php\/wp-json\/wp\/v2\/types\/product"}],"replies":[{"embeddable":true,"href":"https:\/\/nozama.pro\/index.php\/wp-json\/wp\/v2\/comments?post=53299"}],"wp:featuredmedia":[{"embeddable":true,"href":"https:\/\/nozama.pro\/index.php\/wp-json\/wp\/v2\/media\/53289"}],"wp:attachment":[{"href":"https:\/\/nozama.pro\/index.php\/wp-json\/wp\/v2\/media?parent=53299"}],"wp:term":[{"taxonomy":"product_cat","embeddable":true,"href":"https:\/\/nozama.pro\/index.php\/wp-json\/wp\/v2\/product_cat?post=53299"},{"taxonomy":"product_tag","embeddable":true,"href":"https:\/\/nozama.pro\/index.php\/wp-json\/wp\/v2\/product_tag?post=53299"}],"curies":[{"name":"wp","href":"https:\/\/api.w.org\/{rel}","templated":true}]}}