{"id":53301,"date":"2023-10-18T12:38:09","date_gmt":"2023-10-18T10:38:09","guid":{"rendered":"https:\/\/nozama.pro\/?post_type=product&#038;p=53301"},"modified":"2025-12-07T22:50:48","modified_gmt":"2025-12-07T21:50:48","slug":"bronzage-a-froid-125ml","status":"publish","type":"product","link":"https:\/\/nozama.pro\/index.php\/product\/bronzage-a-froid-125ml\/","title":{"rendered":"BRONZAGE \u00c0 FROID &#8211; 125ml"},"content":{"rendered":"<p>[vc_row][vc_column][vc_column_text]<\/p>\n<h4 class=\"p1\">Brunissage bleu nuit \u00e0 noir<br \/>\ndes aciers<\/h4>\n<h4 class=\"p1\">Gomme les Impacts<\/h4>\n<hr \/>\n<p class=\"p1\"><strong>Mode d\u2019emploi<\/strong><\/p>\n<p class=\"p2\">Effectuer un d\u00e9graissage parfait \u00e0 l\u2019aide de l\u2019 <b>ARMENET NETTOYANT D\u2019ARME.<\/b><\/p>\n<p class=\"p2\">Appliquer une fine couche d\u2019<b>ARMENET BONZAGE \u00c0 FROID<\/b> \u00e0 l\u2019aide d\u2019un pinceau sur les parties m\u00e9talliques \u00e0 bronzer.<\/p>\n<p class=\"p2\">Essuyer le surplus et laisser s\u00e9cher. Renouveler l\u2019op\u00e9ration jusqu\u2019\u00e0 l\u2019obtention de la teinte d\u00e9sir\u00e9e.<\/p>\n<p class=\"p2\">Appliquer <b>ARMENET FIXATEUR DE BRONZAGE<\/b> avec un chiffon pour ancrer le bronzage. Lustrer ensuite avec une microfibre pour une protection et une finition parfaite de l\u2019arme.<\/p>\n<hr \/>\n<p class=\"p1\"><strong>Propri\u00e9t\u00e9s<\/strong><\/p>\n<p class=\"p2\"><b>ARMENET Bronzage \u00e0 Froid<\/b> est pr\u00eat \u00e0 l\u2019emploi. Il permet un bronzage \u00e0 froid instantan\u00e9ment et assure le maintien \u00e0 l\u2019\u00e9tat neuf des m\u00e9canismes et des canons.<\/p>\n<p class=\"p2\">87.7 % du total des ingr\u00e9dients sont d\u2019origine naturelle<\/p>\n<p>[\/vc_column_text][\/vc_column][\/vc_row][vc_row css=&#8221;.vc_custom_1569146561550{padding-top: 50px !important;}&#8221;][vc_column width=&#8221;1\/3&#8243;][vc_single_image image=&#8221;2939&#8243; alignment=&#8221;center&#8221;][vc_btn title=&#8221;Voir la fiche conseil&#8221; color=&#8221;vista-blue&#8221; align=&#8221;center&#8221; css_animation=&#8221;none&#8221; link=&#8221;url:https%3A%2F%2Fnozama.pro%2Fwp-content%2Fuploads%2F2023%2F10%2FFC-ARMENET-bronzage-a-froid.pdf&#8221;][\/vc_column][vc_column width=&#8221;1\/3&#8243;][\/vc_column][\/vc_row]<\/p>\n","protected":false},"excerpt":{"rendered":"<p>[vc_row][vc_column][vc_column_text] Brunissage bleu nuit \u00e0 noir des aciers Gomme les Impacts Mode d\u2019emploi Effectuer un d\u00e9graissage parfait \u00e0 l\u2019aide de l\u2019 ARMENET NETTOYANT D\u2019ARME. Appliquer une fine couche d\u2019ARMENET BONZAGE \u00c0 FROID \u00e0 l\u2019aide d\u2019un pinceau sur les parties m\u00e9talliques \u00e0 bronzer. Essuyer le surplus et laisser s\u00e9cher. Renouveler l\u2019op\u00e9ration jusqu\u2019\u00e0 l\u2019obtention de la teinte [&hellip;]<\/p>\n","protected":false},"featured_media":53286,"comment_status":"open","ping_status":"closed","template":"","meta":[],"product_cat":[127,119],"product_tag":[],"yoast_head":"<!-- This site is optimized with the Yoast SEO plugin v20.5 - https:\/\/yoast.com\/wordpress\/plugins\/seo\/ -->\n<title>BRONZAGE \u00c0 FROID - 125ml - nozama<\/title>\n<meta name=\"robots\" content=\"index, follow, max-snippet:-1, max-image-preview:large, max-video-preview:-1\" \/>\n<link rel=\"canonical\" href=\"https:\/\/nozama.pro\/index.php\/product\/bronzage-a-froid-125ml\/\" \/>\n<meta property=\"og:locale\" content=\"fr_FR\" \/>\n<meta property=\"og:type\" content=\"article\" \/>\n<meta property=\"og:title\" content=\"BRONZAGE \u00c0 FROID - 125ml - nozama\" \/>\n<meta property=\"og:description\" content=\"[vc_row][vc_column][vc_column_text] Brunissage bleu nuit \u00e0 noir des aciers Gomme les Impacts Mode d\u2019emploi Effectuer un d\u00e9graissage parfait \u00e0 l\u2019aide de l\u2019 ARMENET NETTOYANT D\u2019ARME. Appliquer une fine couche d\u2019ARMENET BONZAGE \u00c0 FROID \u00e0 l\u2019aide d\u2019un pinceau sur les parties m\u00e9talliques \u00e0 bronzer. Essuyer le surplus et laisser s\u00e9cher. Renouveler l\u2019op\u00e9ration jusqu\u2019\u00e0 l\u2019obtention de la teinte [&hellip;]\" \/>\n<meta property=\"og:url\" content=\"https:\/\/nozama.pro\/index.php\/product\/bronzage-a-froid-125ml\/\" \/>\n<meta property=\"og:site_name\" content=\"nozama\" \/>\n<meta property=\"article:modified_time\" content=\"2025-12-07T21:50:48+00:00\" \/>\n<meta property=\"og:image\" content=\"https:\/\/nozama.pro\/wp-content\/uploads\/2023\/10\/bronzage-a-froid-125ml.jpg\" \/>\n\t<meta property=\"og:image:width\" content=\"600\" \/>\n\t<meta property=\"og:image:height\" content=\"600\" \/>\n\t<meta property=\"og:image:type\" content=\"image\/jpeg\" \/>\n<meta name=\"twitter:card\" content=\"summary_large_image\" \/>\n<meta name=\"twitter:label1\" content=\"Dur\u00e9e de lecture estim\u00e9e\" \/>\n\t<meta name=\"twitter:data1\" content=\"1 minute\" \/>\n<script type=\"application\/ld+json\" class=\"yoast-schema-graph\">{\"@context\":\"https:\/\/schema.org\",\"@graph\":[{\"@type\":\"WebPage\",\"@id\":\"https:\/\/nozama.pro\/index.php\/product\/bronzage-a-froid-125ml\/\",\"url\":\"https:\/\/nozama.pro\/index.php\/product\/bronzage-a-froid-125ml\/\",\"name\":\"BRONZAGE \u00c0 FROID - 125ml - nozama\",\"isPartOf\":{\"@id\":\"https:\/\/nozama.pro\/#website\"},\"datePublished\":\"2023-10-18T10:38:09+00:00\",\"dateModified\":\"2025-12-07T21:50:48+00:00\",\"breadcrumb\":{\"@id\":\"https:\/\/nozama.pro\/index.php\/product\/bronzage-a-froid-125ml\/#breadcrumb\"},\"inLanguage\":\"fr-FR\",\"potentialAction\":[{\"@type\":\"ReadAction\",\"target\":[\"https:\/\/nozama.pro\/index.php\/product\/bronzage-a-froid-125ml\/\"]}]},{\"@type\":\"BreadcrumbList\",\"@id\":\"https:\/\/nozama.pro\/index.php\/product\/bronzage-a-froid-125ml\/#breadcrumb\",\"itemListElement\":[{\"@type\":\"ListItem\",\"position\":1,\"name\":\"Accueil\",\"item\":\"https:\/\/nozama.pro\/\"},{\"@type\":\"ListItem\",\"position\":2,\"name\":\"Cat\u00e9gories\",\"item\":\"https:\/\/nozama.pro\/index.php\/categories\/\"},{\"@type\":\"ListItem\",\"position\":3,\"name\":\"BRONZAGE \u00c0 FROID &#8211; 125ml\"}]},{\"@type\":\"WebSite\",\"@id\":\"https:\/\/nozama.pro\/#website\",\"url\":\"https:\/\/nozama.pro\/\",\"name\":\"nozama\",\"description\":\"Les solutions du quotidien\",\"potentialAction\":[{\"@type\":\"SearchAction\",\"target\":{\"@type\":\"EntryPoint\",\"urlTemplate\":\"https:\/\/nozama.pro\/?s={search_term_string}\"},\"query-input\":\"required name=search_term_string\"}],\"inLanguage\":\"fr-FR\"}]}<\/script>\n<!-- \/ Yoast SEO plugin. -->","yoast_head_json":{"title":"BRONZAGE \u00c0 FROID - 125ml - nozama","robots":{"index":"index","follow":"follow","max-snippet":"max-snippet:-1","max-image-preview":"max-image-preview:large","max-video-preview":"max-video-preview:-1"},"canonical":"https:\/\/nozama.pro\/index.php\/product\/bronzage-a-froid-125ml\/","og_locale":"fr_FR","og_type":"article","og_title":"BRONZAGE \u00c0 FROID - 125ml - nozama","og_description":"[vc_row][vc_column][vc_column_text] Brunissage bleu nuit \u00e0 noir des aciers Gomme les Impacts Mode d\u2019emploi Effectuer un d\u00e9graissage parfait \u00e0 l\u2019aide de l\u2019 ARMENET NETTOYANT D\u2019ARME. Appliquer une fine couche d\u2019ARMENET BONZAGE \u00c0 FROID \u00e0 l\u2019aide d\u2019un pinceau sur les parties m\u00e9talliques \u00e0 bronzer. Essuyer le surplus et laisser s\u00e9cher. Renouveler l\u2019op\u00e9ration jusqu\u2019\u00e0 l\u2019obtention de la teinte [&hellip;]","og_url":"https:\/\/nozama.pro\/index.php\/product\/bronzage-a-froid-125ml\/","og_site_name":"nozama","article_modified_time":"2025-12-07T21:50:48+00:00","og_image":[{"width":600,"height":600,"url":"https:\/\/nozama.pro\/wp-content\/uploads\/2023\/10\/bronzage-a-froid-125ml.jpg","type":"image\/jpeg"}],"twitter_card":"summary_large_image","twitter_misc":{"Dur\u00e9e de lecture estim\u00e9e":"1 minute"},"schema":{"@context":"https:\/\/schema.org","@graph":[{"@type":"WebPage","@id":"https:\/\/nozama.pro\/index.php\/product\/bronzage-a-froid-125ml\/","url":"https:\/\/nozama.pro\/index.php\/product\/bronzage-a-froid-125ml\/","name":"BRONZAGE \u00c0 FROID - 125ml - nozama","isPartOf":{"@id":"https:\/\/nozama.pro\/#website"},"datePublished":"2023-10-18T10:38:09+00:00","dateModified":"2025-12-07T21:50:48+00:00","breadcrumb":{"@id":"https:\/\/nozama.pro\/index.php\/product\/bronzage-a-froid-125ml\/#breadcrumb"},"inLanguage":"fr-FR","potentialAction":[{"@type":"ReadAction","target":["https:\/\/nozama.pro\/index.php\/product\/bronzage-a-froid-125ml\/"]}]},{"@type":"BreadcrumbList","@id":"https:\/\/nozama.pro\/index.php\/product\/bronzage-a-froid-125ml\/#breadcrumb","itemListElement":[{"@type":"ListItem","position":1,"name":"Accueil","item":"https:\/\/nozama.pro\/"},{"@type":"ListItem","position":2,"name":"Cat\u00e9gories","item":"https:\/\/nozama.pro\/index.php\/categories\/"},{"@type":"ListItem","position":3,"name":"BRONZAGE \u00c0 FROID &#8211; 125ml"}]},{"@type":"WebSite","@id":"https:\/\/nozama.pro\/#website","url":"https:\/\/nozama.pro\/","name":"nozama","description":"Les solutions du quotidien","potentialAction":[{"@type":"SearchAction","target":{"@type":"EntryPoint","urlTemplate":"https:\/\/nozama.pro\/?s={search_term_string}"},"query-input":"required name=search_term_string"}],"inLanguage":"fr-FR"}]}},"_links":{"self":[{"href":"https:\/\/nozama.pro\/index.php\/wp-json\/wp\/v3\/product\/53301"}],"collection":[{"href":"https:\/\/nozama.pro\/index.php\/wp-json\/wp\/v3\/product"}],"about":[{"href":"https:\/\/nozama.pro\/index.php\/wp-json\/wp\/v2\/types\/product"}],"replies":[{"embeddable":true,"href":"https:\/\/nozama.pro\/index.php\/wp-json\/wp\/v2\/comments?post=53301"}],"wp:featuredmedia":[{"embeddable":true,"href":"https:\/\/nozama.pro\/index.php\/wp-json\/wp\/v2\/media\/53286"}],"wp:attachment":[{"href":"https:\/\/nozama.pro\/index.php\/wp-json\/wp\/v2\/media?parent=53301"}],"wp:term":[{"taxonomy":"product_cat","embeddable":true,"href":"https:\/\/nozama.pro\/index.php\/wp-json\/wp\/v2\/product_cat?post=53301"},{"taxonomy":"product_tag","embeddable":true,"href":"https:\/\/nozama.pro\/index.php\/wp-json\/wp\/v2\/product_tag?post=53301"}],"curies":[{"name":"wp","href":"https:\/\/api.w.org\/{rel}","templated":true}]}}