{"id":53309,"date":"2023-10-24T08:22:19","date_gmt":"2023-10-24T06:22:19","guid":{"rendered":"https:\/\/nozama.pro\/?post_type=product&#038;p=53309"},"modified":"2026-04-09T05:25:31","modified_gmt":"2026-04-09T03:25:31","slug":"mastic-a-cicatriser-800g","status":"publish","type":"product","link":"https:\/\/nozama.pro\/index.php\/product\/mastic-a-cicatriser-800g\/","title":{"rendered":"Mastic \u00e0 cicatriser &#8211; 800g"},"content":{"rendered":"<p>[vc_row][vc_column][vc_column_text]<\/p>\n<h4><b>Propri\u00e9t\u00e9s<\/b><\/h4>\n<p>Le <b><i>MASTIC \u00c0 CICATRISER<\/i><\/b><br \/>\nfernand le jardinier permet une<br \/>\nprotection naturelle renforc\u00e9e autour<span class=\"Apple-converted-space\">\u00a0 <\/span>des<span class=\"Apple-converted-space\">\u00a0 <\/span>arbres et arbustes fruitiers ou d\u2019ornements.<\/p>\n<p>Le <b><i>MASTIC \u00c0 CICATRISER<\/i><\/b><span class=\"Apple-converted-space\">\u00a0 <\/span>fernand le jardinier est issue de m\u00e9lasse norv\u00e9gienne et compos\u00e9e de goudron de pin pr\u00e9mium 100% v\u00e9g\u00e9tal, d\u2019ingr\u00e9dients naturels. Le <b><i>MASTIC \u00c0 CICATRISER<\/i><\/b> fernand le jardinier reste souple et collant<span class=\"Apple-converted-space\">\u00a0 <\/span>durant plusieurs semaines. <span class=\"Apple-converted-space\">\u00a0<\/span><\/p>\n<p>&nbsp;<\/p>\n<hr \/>\n<p>&nbsp;<\/p>\n<h4><b>Mode d\u2019emploi<\/b><\/h4>\n<p>Le <b><i>MASTIC \u00c0 CICATRISER<\/i><\/b> fernand le jardinier est<span class=\"Apple-converted-space\">\u00a0 <\/span>pr\u00eat \u00e0 l\u2019emploi.<br \/>\nLe <b><i>MASTIC \u00c0 CICATRISER<\/i><\/b><span class=\"Apple-converted-space\">\u00a0 <\/span>s\u2019utilise \u00e0 froid<span class=\"Apple-converted-space\">\u00a0 <\/span>toute l\u2019ann\u00e9e<span class=\"Apple-converted-space\">\u00a0 <\/span>et s\u2019applique autour<span class=\"Apple-converted-space\">\u00a0 <\/span>des arbres ou sur une planche de rive aux abords des arbres et arbustes \u00e0 l\u2019aide<span class=\"Apple-converted-space\">\u00a0 <\/span>d\u2019une spatule. Bien refermer le flacon apr\u00e8s usage.[\/vc_column_text][\/vc_column][\/vc_row][vc_row css=&#8221;.vc_custom_1569146561550{padding-top: 50px !important;}&#8221;][vc_column width=&#8221;1\/3&#8243;][vc_single_image image=&#8221;2939&#8243; alignment=&#8221;center&#8221;][vc_btn title=&#8221;Voir la fiche conseil&#8221; color=&#8221;vista-blue&#8221; align=&#8221;center&#8221; css_animation=&#8221;none&#8221; link=&#8221;url:https%3A%2F%2Fnozama.pro%2Fwp-content%2Fuploads%2F2023%2F10%2FFC-Fernand-le-jardinier-mastic-a-cicatriser.pdf&#8221;][\/vc_column][vc_column width=&#8221;1\/3&#8243;][\/vc_column][\/vc_row]<\/p>\n","protected":false},"excerpt":{"rendered":"<p>[vc_row][vc_column][vc_column_text] Propri\u00e9t\u00e9s Le MASTIC \u00c0 CICATRISER fernand le jardinier permet une protection naturelle renforc\u00e9e autour\u00a0 des\u00a0 arbres et arbustes fruitiers ou d\u2019ornements. Le MASTIC \u00c0 CICATRISER\u00a0 fernand le jardinier est issue de m\u00e9lasse norv\u00e9gienne et compos\u00e9e de goudron de pin pr\u00e9mium 100% v\u00e9g\u00e9tal, d\u2019ingr\u00e9dients naturels. Le MASTIC \u00c0 CICATRISER fernand le jardinier reste souple et [&hellip;]<\/p>\n","protected":false},"featured_media":53308,"comment_status":"open","ping_status":"closed","template":"","meta":[],"product_cat":[108,122],"product_tag":[],"yoast_head":"<!-- This site is optimized with the Yoast SEO plugin v20.5 - https:\/\/yoast.com\/wordpress\/plugins\/seo\/ -->\n<title>Mastic \u00e0 cicatriser - 800g - nozama<\/title>\n<meta name=\"robots\" content=\"index, follow, max-snippet:-1, max-image-preview:large, max-video-preview:-1\" \/>\n<link rel=\"canonical\" href=\"https:\/\/nozama.pro\/index.php\/product\/mastic-a-cicatriser-800g\/\" \/>\n<meta property=\"og:locale\" content=\"fr_FR\" \/>\n<meta property=\"og:type\" content=\"article\" \/>\n<meta property=\"og:title\" content=\"Mastic \u00e0 cicatriser - 800g - nozama\" \/>\n<meta property=\"og:description\" content=\"[vc_row][vc_column][vc_column_text] Propri\u00e9t\u00e9s Le MASTIC \u00c0 CICATRISER fernand le jardinier permet une protection naturelle renforc\u00e9e autour\u00a0 des\u00a0 arbres et arbustes fruitiers ou d\u2019ornements. Le MASTIC \u00c0 CICATRISER\u00a0 fernand le jardinier est issue de m\u00e9lasse norv\u00e9gienne et compos\u00e9e de goudron de pin pr\u00e9mium 100% v\u00e9g\u00e9tal, d\u2019ingr\u00e9dients naturels. Le MASTIC \u00c0 CICATRISER fernand le jardinier reste souple et [&hellip;]\" \/>\n<meta property=\"og:url\" content=\"https:\/\/nozama.pro\/index.php\/product\/mastic-a-cicatriser-800g\/\" \/>\n<meta property=\"og:site_name\" content=\"nozama\" \/>\n<meta property=\"article:modified_time\" content=\"2026-04-09T03:25:31+00:00\" \/>\n<meta property=\"og:image\" content=\"https:\/\/nozama.pro\/wp-content\/uploads\/2023\/10\/mastic-a-cicatriser-fernand.jpg\" \/>\n\t<meta property=\"og:image:width\" content=\"600\" \/>\n\t<meta property=\"og:image:height\" content=\"600\" \/>\n\t<meta property=\"og:image:type\" content=\"image\/jpeg\" \/>\n<meta name=\"twitter:card\" content=\"summary_large_image\" \/>\n<meta name=\"twitter:label1\" content=\"Dur\u00e9e de lecture estim\u00e9e\" \/>\n\t<meta name=\"twitter:data1\" content=\"1 minute\" \/>\n<script type=\"application\/ld+json\" class=\"yoast-schema-graph\">{\"@context\":\"https:\/\/schema.org\",\"@graph\":[{\"@type\":\"WebPage\",\"@id\":\"https:\/\/nozama.pro\/index.php\/product\/mastic-a-cicatriser-800g\/\",\"url\":\"https:\/\/nozama.pro\/index.php\/product\/mastic-a-cicatriser-800g\/\",\"name\":\"Mastic \u00e0 cicatriser - 800g - nozama\",\"isPartOf\":{\"@id\":\"https:\/\/nozama.pro\/#website\"},\"datePublished\":\"2023-10-24T06:22:19+00:00\",\"dateModified\":\"2026-04-09T03:25:31+00:00\",\"breadcrumb\":{\"@id\":\"https:\/\/nozama.pro\/index.php\/product\/mastic-a-cicatriser-800g\/#breadcrumb\"},\"inLanguage\":\"fr-FR\",\"potentialAction\":[{\"@type\":\"ReadAction\",\"target\":[\"https:\/\/nozama.pro\/index.php\/product\/mastic-a-cicatriser-800g\/\"]}]},{\"@type\":\"BreadcrumbList\",\"@id\":\"https:\/\/nozama.pro\/index.php\/product\/mastic-a-cicatriser-800g\/#breadcrumb\",\"itemListElement\":[{\"@type\":\"ListItem\",\"position\":1,\"name\":\"Accueil\",\"item\":\"https:\/\/nozama.pro\/\"},{\"@type\":\"ListItem\",\"position\":2,\"name\":\"Cat\u00e9gories\",\"item\":\"https:\/\/nozama.pro\/index.php\/categories\/\"},{\"@type\":\"ListItem\",\"position\":3,\"name\":\"Mastic \u00e0 cicatriser &#8211; 800g\"}]},{\"@type\":\"WebSite\",\"@id\":\"https:\/\/nozama.pro\/#website\",\"url\":\"https:\/\/nozama.pro\/\",\"name\":\"nozama\",\"description\":\"Les solutions du quotidien\",\"potentialAction\":[{\"@type\":\"SearchAction\",\"target\":{\"@type\":\"EntryPoint\",\"urlTemplate\":\"https:\/\/nozama.pro\/?s={search_term_string}\"},\"query-input\":\"required name=search_term_string\"}],\"inLanguage\":\"fr-FR\"}]}<\/script>\n<!-- \/ Yoast SEO plugin. -->","yoast_head_json":{"title":"Mastic \u00e0 cicatriser - 800g - nozama","robots":{"index":"index","follow":"follow","max-snippet":"max-snippet:-1","max-image-preview":"max-image-preview:large","max-video-preview":"max-video-preview:-1"},"canonical":"https:\/\/nozama.pro\/index.php\/product\/mastic-a-cicatriser-800g\/","og_locale":"fr_FR","og_type":"article","og_title":"Mastic \u00e0 cicatriser - 800g - nozama","og_description":"[vc_row][vc_column][vc_column_text] Propri\u00e9t\u00e9s Le MASTIC \u00c0 CICATRISER fernand le jardinier permet une protection naturelle renforc\u00e9e autour\u00a0 des\u00a0 arbres et arbustes fruitiers ou d\u2019ornements. Le MASTIC \u00c0 CICATRISER\u00a0 fernand le jardinier est issue de m\u00e9lasse norv\u00e9gienne et compos\u00e9e de goudron de pin pr\u00e9mium 100% v\u00e9g\u00e9tal, d\u2019ingr\u00e9dients naturels. Le MASTIC \u00c0 CICATRISER fernand le jardinier reste souple et [&hellip;]","og_url":"https:\/\/nozama.pro\/index.php\/product\/mastic-a-cicatriser-800g\/","og_site_name":"nozama","article_modified_time":"2026-04-09T03:25:31+00:00","og_image":[{"width":600,"height":600,"url":"https:\/\/nozama.pro\/wp-content\/uploads\/2023\/10\/mastic-a-cicatriser-fernand.jpg","type":"image\/jpeg"}],"twitter_card":"summary_large_image","twitter_misc":{"Dur\u00e9e de lecture estim\u00e9e":"1 minute"},"schema":{"@context":"https:\/\/schema.org","@graph":[{"@type":"WebPage","@id":"https:\/\/nozama.pro\/index.php\/product\/mastic-a-cicatriser-800g\/","url":"https:\/\/nozama.pro\/index.php\/product\/mastic-a-cicatriser-800g\/","name":"Mastic \u00e0 cicatriser - 800g - nozama","isPartOf":{"@id":"https:\/\/nozama.pro\/#website"},"datePublished":"2023-10-24T06:22:19+00:00","dateModified":"2026-04-09T03:25:31+00:00","breadcrumb":{"@id":"https:\/\/nozama.pro\/index.php\/product\/mastic-a-cicatriser-800g\/#breadcrumb"},"inLanguage":"fr-FR","potentialAction":[{"@type":"ReadAction","target":["https:\/\/nozama.pro\/index.php\/product\/mastic-a-cicatriser-800g\/"]}]},{"@type":"BreadcrumbList","@id":"https:\/\/nozama.pro\/index.php\/product\/mastic-a-cicatriser-800g\/#breadcrumb","itemListElement":[{"@type":"ListItem","position":1,"name":"Accueil","item":"https:\/\/nozama.pro\/"},{"@type":"ListItem","position":2,"name":"Cat\u00e9gories","item":"https:\/\/nozama.pro\/index.php\/categories\/"},{"@type":"ListItem","position":3,"name":"Mastic \u00e0 cicatriser &#8211; 800g"}]},{"@type":"WebSite","@id":"https:\/\/nozama.pro\/#website","url":"https:\/\/nozama.pro\/","name":"nozama","description":"Les solutions du quotidien","potentialAction":[{"@type":"SearchAction","target":{"@type":"EntryPoint","urlTemplate":"https:\/\/nozama.pro\/?s={search_term_string}"},"query-input":"required name=search_term_string"}],"inLanguage":"fr-FR"}]}},"_links":{"self":[{"href":"https:\/\/nozama.pro\/index.php\/wp-json\/wp\/v3\/product\/53309"}],"collection":[{"href":"https:\/\/nozama.pro\/index.php\/wp-json\/wp\/v3\/product"}],"about":[{"href":"https:\/\/nozama.pro\/index.php\/wp-json\/wp\/v2\/types\/product"}],"replies":[{"embeddable":true,"href":"https:\/\/nozama.pro\/index.php\/wp-json\/wp\/v2\/comments?post=53309"}],"wp:featuredmedia":[{"embeddable":true,"href":"https:\/\/nozama.pro\/index.php\/wp-json\/wp\/v2\/media\/53308"}],"wp:attachment":[{"href":"https:\/\/nozama.pro\/index.php\/wp-json\/wp\/v2\/media?parent=53309"}],"wp:term":[{"taxonomy":"product_cat","embeddable":true,"href":"https:\/\/nozama.pro\/index.php\/wp-json\/wp\/v2\/product_cat?post=53309"},{"taxonomy":"product_tag","embeddable":true,"href":"https:\/\/nozama.pro\/index.php\/wp-json\/wp\/v2\/product_tag?post=53309"}],"curies":[{"name":"wp","href":"https:\/\/api.w.org\/{rel}","templated":true}]}}